{"id":19056,"date":"2022-11-28T15:12:28","date_gmt":"2022-11-28T15:12:28","guid":{"rendered":"http:\/\/artzena.eu\/product\/xtractsr-base\/"},"modified":"2022-12-22T15:11:16","modified_gmt":"2022-12-22T15:11:16","slug":"xtractsr-base","status":"publish","type":"product","link":"https:\/\/artzena.eu\/lt\/product\/xtractsr-base\/","title":{"rendered":"Xtract\u2122SR Base"},"content":{"rendered":"<p><strong>Xtract\u2122SR Base<\/strong> yra atskiras, pridedamas komponentas, skirtas apsaugoti nukent\u0117jus\u012fj\u012f nuo aplinkos s\u0105lyg\u0173 ir pagerinti jo komfort\u0105. Tai idealiai tinka evakuacijai, kuri gali apimti vilkim\u0105 arba ilg\u0105 lauke buvimo laik\u0105 ir nukent\u0117jusiojo prie\u017ei\u016br\u0105.<\/p>\n<p>Jis gali b\u016bti pritvirtintas prie <strong>Xtract\u2122SR Stretcher<\/strong> arba tiekiamas kaip atskiras komponentas\/produktas.<\/p>\n<p>&nbsp;<\/p>\n<p><strong>PRODUKTO AP\u017dVALGA:<\/strong><\/p>\n<p><strong>Xtract\u2122SR Base<\/strong> sveria 1.54 kg<\/p>\n<p>&nbsp;<\/p>\n<table class=\"table attribute-table\">\n<tbody>\n<tr>\n<td><strong>Pavadinimas<\/strong><\/td>\n<td><strong>I\u0161pakuoto produkto matmenys<\/strong><\/td>\n<td><strong>Supakuoto produkto matmenys<\/strong><\/td>\n<td><\/td>\n<\/tr>\n<tr>\n<td>Xtract\u2122SR Base<\/td>\n<td>2210 x 540mm<\/td>\n<td>540 x 160 x 160mm<\/td>\n<td><\/td>\n<\/tr>\n<\/tbody>\n<\/table>\n","protected":false},"excerpt":{"rendered":"<p>&nbsp;<\/p>\n<p>&nbsp;<\/p>\n","protected":false},"featured_media":18787,"template":"","meta":{"_acf_changed":false},"product_brand":[],"product_cat":[52,64,79,53,74],"product_tag":[],"class_list":{"0":"post-19056","1":"product","2":"type-product","3":"status-publish","4":"has-post-thumbnail","6":"product_cat-industrijos","7":"product_cat-kariuomene","8":"product_cat-nukentejusiojo-evakuacija","9":"product_cat-pirmoji-pagalba","10":"product_cat-produktu-kategorijos","12":"first","13":"instock","14":"shipping-taxable","15":"purchasable","16":"product-type-simple"},"acf":[],"_links":{"self":[{"href":"https:\/\/artzena.eu\/lt\/wp-json\/wp\/v2\/product\/19056","targetHints":{"allow":["GET"]}}],"collection":[{"href":"https:\/\/artzena.eu\/lt\/wp-json\/wp\/v2\/product"}],"about":[{"href":"https:\/\/artzena.eu\/lt\/wp-json\/wp\/v2\/types\/product"}],"wp:featuredmedia":[{"embeddable":true,"href":"https:\/\/artzena.eu\/lt\/wp-json\/wp\/v2\/media\/18787"}],"wp:attachment":[{"href":"https:\/\/artzena.eu\/lt\/wp-json\/wp\/v2\/media?parent=19056"}],"wp:term":[{"taxonomy":"product_brand","embeddable":true,"href":"https:\/\/artzena.eu\/lt\/wp-json\/wp\/v2\/product_brand?post=19056"},{"taxonomy":"product_cat","embeddable":true,"href":"https:\/\/artzena.eu\/lt\/wp-json\/wp\/v2\/product_cat?post=19056"},{"taxonomy":"product_tag","embeddable":true,"href":"https:\/\/artzena.eu\/lt\/wp-json\/wp\/v2\/product_tag?post=19056"}],"curies":[{"name":"wp","href":"https:\/\/api.w.org\/{rel}","templated":true}]}}