{"id":19111,"date":"2022-11-21T20:48:02","date_gmt":"2022-11-21T20:48:02","guid":{"rendered":"https:\/\/artzena.eu\/product\/mequ-a-portable-blood-and-iv-fluid-warming-system\/"},"modified":"2023-02-07T09:41:41","modified_gmt":"2023-02-07T09:41:41","slug":"mequ-a-portable-blood-and-iv-fluid-warming-system","status":"publish","type":"product","link":"https:\/\/artzena.eu\/lt\/product\/mequ-a-portable-blood-and-iv-fluid-warming-system\/","title":{"rendered":"Ne\u0161iojama kraujo ir IV skys\u010di\u0173 \u0161ildymo sistema"},"content":{"rendered":"<p><strong>Greitai parengiama ir intuityviai naudojama sistema <\/strong><\/p>\n<p>Sistema parengiama naudoti per grei\u010diau nei 30 sekund\u017ei\u0173, o patogi konstrukcija u\u017etikrina, kad \u0161ildymo sistemos \u201e\u00b0M Warmer System\u201d neb\u016bt\u0173 galima naudoti neteisingai.<\/p>\n<p>&nbsp;<\/p>\n<p><strong>Didelis srautas ir \u0161ildymo paj\u0117gumas <\/strong><\/p>\n<p>Kraujas ir kiti infuziniai skys\u010diai su\u0161ildomi nuo 5 \u00b0C iki 37 \u00b0C esant srautui iki 150 ml\/min. Viena \u012fkrauta baterija gali pa\u0161ildyti iki 2 litr\u0173 \u0161alt\u0173 (5 \u00b0C) skys\u010di\u0173 arba 4 litrus kambario temperat\u016bros (21 \u00b0C) skys\u010di\u0173, kad pasiekt\u0173 k\u016bno temperat\u016br\u0105.<\/p>\n<p>&nbsp;<\/p>\n<p><strong>Ma\u017eas svoris ir kompakti\u0161kas dizainas <\/strong><\/p>\n<p>\u0160ildymo sistema \u201e\u00b0M Warmer System\u201c pasi\u017eymi kompakti\u0161ka konstrukcija ir sveria nuo 760 gram\u0173, tod\u0117l j\u0105 patogu perne\u0161ti bei ji idealiai tinka naudoti iki pristatant asmen\u012f \u012f ligonin\u0119.<\/p>\n<p>&nbsp;<\/p>\n<p><strong>Lipni dalis saugiam tvirtinimui netoli infuzijos vietos <\/strong><\/p>\n<p>D\u0117l nedidelio dyd\u017eio (10 cm x 5 cm x 2 cm) \u0161ildytuv\u0105 patogu pritvirtinti netoli infuzijos vietos naudojant integruot\u0105 lipni\u0105 juost\u0105. Tai leid\u017eia apsaugoti infuzijos viet\u0105 ir suma\u017einti \u0161ilumos praradim\u0105 per vamzdelius.<\/p>\n<p>&nbsp;<\/p>\n<p><em>&#8221;\u00b0M Warmer System&#8221; yra patvirtinta naudoti l\u0117ktuvuose ir sraigtasparniuose.<\/em><\/p>\n<p>&nbsp;<\/p>\n<p><iframe title=\"\u00b0M Warmer System Product Video Military\" src=\"https:\/\/player.vimeo.com\/video\/715138124?dnt=1&amp;app_id=122963\" width=\"525\" height=\"277\" frameborder=\"0\" allow=\"autoplay; fullscreen; picture-in-picture; clipboard-write\"><\/iframe><\/p>\n<p><iframe title=\"MEQU &amp; Air Zermatt\" width=\"525\" height=\"295\" src=\"https:\/\/www.youtube.com\/embed\/GxEZVC5XDnM?feature=oembed\" frameborder=\"0\" allow=\"accelerometer; autoplay; clipboard-write; encrypted-media; gyroscope; picture-in-picture; web-share\" referrerpolicy=\"strict-origin-when-cross-origin\" allowfullscreen><\/iframe><\/p>\n","protected":false},"excerpt":{"rendered":"<p>MEQU<\/p>\n<p><a href=\"https:\/\/artzena.eu\/wp-content\/uploads\/2022\/11\/\u00b0mequ_datasheet-en_int_version-2.1.pdf\">Atsisi\u0173sti produkto specifikacijas<\/a><\/p>\n<p>&nbsp;<\/p>\n","protected":false},"featured_media":18579,"template":"","meta":{"_acf_changed":false},"product_brand":[],"product_cat":[68,52,64,53,74],"product_tag":[],"class_list":{"0":"post-19111","1":"product","2":"type-product","3":"status-publish","4":"has-post-thumbnail","6":"product_cat-hipotermija","7":"product_cat-industrijos","8":"product_cat-kariuomene","9":"product_cat-pirmoji-pagalba","10":"product_cat-produktu-kategorijos","12":"first","13":"instock","14":"shipping-taxable","15":"purchasable","16":"product-type-simple"},"acf":[],"_links":{"self":[{"href":"https:\/\/artzena.eu\/lt\/wp-json\/wp\/v2\/product\/19111","targetHints":{"allow":["GET"]}}],"collection":[{"href":"https:\/\/artzena.eu\/lt\/wp-json\/wp\/v2\/product"}],"about":[{"href":"https:\/\/artzena.eu\/lt\/wp-json\/wp\/v2\/types\/product"}],"wp:featuredmedia":[{"embeddable":true,"href":"https:\/\/artzena.eu\/lt\/wp-json\/wp\/v2\/media\/18579"}],"wp:attachment":[{"href":"https:\/\/artzena.eu\/lt\/wp-json\/wp\/v2\/media?parent=19111"}],"wp:term":[{"taxonomy":"product_brand","embeddable":true,"href":"https:\/\/artzena.eu\/lt\/wp-json\/wp\/v2\/product_brand?post=19111"},{"taxonomy":"product_cat","embeddable":true,"href":"https:\/\/artzena.eu\/lt\/wp-json\/wp\/v2\/product_cat?post=19111"},{"taxonomy":"product_tag","embeddable":true,"href":"https:\/\/artzena.eu\/lt\/wp-json\/wp\/v2\/product_tag?post=19111"}],"curies":[{"name":"wp","href":"https:\/\/api.w.org\/{rel}","templated":true}]}}