{"id":19113,"date":"2022-11-22T14:38:08","date_gmt":"2022-11-22T14:38:08","guid":{"rendered":"https:\/\/artzena.eu\/product\/blast-bandage\/"},"modified":"2023-01-07T22:57:53","modified_gmt":"2023-01-07T22:57:53","slug":"blast-bandage","status":"publish","type":"product","link":"https:\/\/artzena.eu\/lt\/product\/blast-bandage\/","title":{"rendered":"Tvarstis \u201eBlast\u00ae&#8221;"},"content":{"rendered":"<p>Tvarstis \u201e<strong>Blast\u00ae Bandage<\/strong>\u201c leid\u017eia greitai sutvarstyti traumin\u0117s amputacijos ir nudegim\u0173 sukeltas bei kitas dideles \u017eaizdas minimaliomis pastangomis. Naudojant \u201eBlast\u00ae Bandage\u201c galima padengti 50 cm x 50 cm \u017eaizdos plot\u0105, nors supakuotas tvarstis yra ma\u017edaug 10 cm dyd\u017eio.<\/p>\n<p>Didelis neprilimpantis tvars\u010dio \u012fklotas gali b\u016bti lengvai apvyniotas aplink gal\u016bnes ir pritvirtintas integruota elastine juosta. Tvarstis leid\u017eia steriliai u\u017edengti didelius skeveldr\u0173 padaryt\u0173 ar nudegim\u0173 sukelt\u0173 \u017eaizd\u0173 plotus. \u201eBLAST\u00ae Bandage\u201c taip pat turi nuimam\u0105 hermeti\u0161k\u0105 sluoksn\u012f, padengiant\u012f 48 cm x 48 cm plot\u0105; juo taip pat galima u\u017edengti pilvo srit\u012f, taip suma\u017einant \u0161ilumos ir dr\u0117gm\u0117s praradim\u0105.<\/p>\n<p>\u201eVelcro\u00ae\u201c kontrolin\u0117s juostel\u0117s apsaugo nuo nety\u010dinio elastinio ritin\u0117lio i\u0161vyniojimo ir laiko tvarst\u012f viso jo u\u017ed\u0117jimo proceso metu. D\u0117l keli\u0173 sukibimo ta\u0161k\u0173 elastin\u0117 juosta nenuslysta vyniojimo proceso metu. Tai leid\u017eia saugiau ir veiksmingiau pritvirtinti tvarst\u012f bei suma\u017eina tikimyb\u0119, kad \u017eaizda atsidengs jud\u0117jimo metu.<\/p>\n<ul>\n<li><strong>Didelis<\/strong> neprilipantis \u017eaizdos \u012fklotas ir integruotas elastinis tvarstis<\/li>\n<li><strong>Greita<\/strong> ir paprasta <strong>naudoti<\/strong><\/li>\n<li>Didelis, <strong>lengvai nuimamas<\/strong> hermeti\u0161kas tvarstis<\/li>\n<li><strong>Daugiafunkcis<\/strong>, pavyzd\u017eiui, tinkamas u\u017edengti pa\u017eeist\u0105 pilvo srit\u012f, nudegim\u0173 \u017eaizdas, galima naudoti kaip hermeti\u0161k\u0105 tvarst\u012f \u012fvairioms kr\u016btin\u0117s \u017eaizdoms<\/li>\n<li><strong>Velcro\u00ae juostel\u0117s<\/strong>, padedan\u010dios i\u0161vengti atsitiktinio elastin\u0117s juostos i\u0161sivyniojimo tvars\u010dio naudojimo metu, ypa\u010d patogios tvarstant amputacijos \u017eaizdas.<\/li>\n<\/ul>\n","protected":false},"excerpt":{"rendered":"<p>&nbsp;<\/p>\n<p><strong>Matmenys:<\/strong><\/p>\n<p><strong>I\u0161pakuoto tvars\u010dio dydis:<\/strong>\u00a050cm x 50cm<br \/>\n<strong>Supakuoto tvars\u010dio matmenys:<\/strong>\u00a010cm x 10cm<br \/>\n<strong>Sveria:<\/strong>\u00a0100g<\/p>\n","protected":false},"featured_media":18608,"template":"","meta":{"_acf_changed":false},"product_brand":[],"product_cat":[65,52,64,53,74,66],"product_tag":[],"class_list":{"0":"post-19113","1":"product","2":"type-product","3":"status-publish","4":"has-post-thumbnail","6":"product_cat-civiliai","7":"product_cat-industrijos","8":"product_cat-kariuomene","9":"product_cat-pirmoji-pagalba","10":"product_cat-produktu-kategorijos","11":"product_cat-turniketai","13":"first","14":"instock","15":"shipping-taxable","16":"product-type-simple"},"acf":[],"_links":{"self":[{"href":"https:\/\/artzena.eu\/lt\/wp-json\/wp\/v2\/product\/19113","targetHints":{"allow":["GET"]}}],"collection":[{"href":"https:\/\/artzena.eu\/lt\/wp-json\/wp\/v2\/product"}],"about":[{"href":"https:\/\/artzena.eu\/lt\/wp-json\/wp\/v2\/types\/product"}],"wp:featuredmedia":[{"embeddable":true,"href":"https:\/\/artzena.eu\/lt\/wp-json\/wp\/v2\/media\/18608"}],"wp:attachment":[{"href":"https:\/\/artzena.eu\/lt\/wp-json\/wp\/v2\/media?parent=19113"}],"wp:term":[{"taxonomy":"product_brand","embeddable":true,"href":"https:\/\/artzena.eu\/lt\/wp-json\/wp\/v2\/product_brand?post=19113"},{"taxonomy":"product_cat","embeddable":true,"href":"https:\/\/artzena.eu\/lt\/wp-json\/wp\/v2\/product_cat?post=19113"},{"taxonomy":"product_tag","embeddable":true,"href":"https:\/\/artzena.eu\/lt\/wp-json\/wp\/v2\/product_tag?post=19113"}],"curies":[{"name":"wp","href":"https:\/\/api.w.org\/{rel}","templated":true}]}}