{"id":19117,"date":"2022-11-22T14:30:52","date_gmt":"2022-11-22T14:30:52","guid":{"rendered":"https:\/\/artzena.eu\/product\/prometheus-chitogauze-xr-pro\/"},"modified":"2023-01-07T23:13:09","modified_gmt":"2023-01-07T23:13:09","slug":"prometheus-chitogauze-xr-pro","status":"publish","type":"product","link":"https:\/\/artzena.eu\/lt\/product\/prometheus-chitogauze-xr-pro\/","title":{"rendered":"Tvarstis kraujavimui stabdyti &#8221;ChitoGauze\u00ae XR Pro&#8221;"},"content":{"rendered":"<p>\u201eChitoGauze\u00ae PRO\u201c yra Z raid\u0117s principu sulankstyta, chitozanu impregnuota marl\u0117. Chitozanas \u2013 tai nat\u016braliai susidarantis, biologi\u0161kai suderinamas polisacharidas, kurio hemostatin\u0117s savyb\u0117s pagerina medicinin\u0117s marl\u0117s geb\u0117jim\u0105 kontroliuoti kraujavim\u0105. Tvirta, tolygiai padengta chitozano danga ant marl\u0117s u\u017etikrina optimali\u0105 chitozano ir kraujo s\u0105veik\u0105, leisdama veiksmingai kontroliuoti kraujavim\u0105.<\/p>\n<p>Chitozanas leid\u017eia suma\u017einti kraujo netekim\u0105, pad\u0117damas tvars\u010diui prisitaikyti \u017eaizdoje, kartu suteikdamas fizin\u012f barjer\u0105, neleid\u017eiant\u012f vykti kraujavimui. \u0160is veikimo mechanizmas palaiko lokal\u0173 kre\u0161\u0117jim\u0105 marl\u0117je ir ant jos, kad b\u016bt\u0173 galima greitai sustabdyti kraujavim\u0105, nepriklausomai nuo kre\u0161\u0117jimo kaskados. Tvarstis lengvai pritaikomas prie sud\u0117tingos geometrijos \u017eaizd\u0173 pavir\u0161i\u0173, kad b\u016bt\u0173 galima efektyviai sustabdyti kraujavim\u0105.<\/p>\n<ul>\n<li>Leid\u017eia <strong>nedelsiant sukontroliuoti<\/strong> kraujavim\u0105 ir u\u017etikrina geriausi\u0105 \u012fmanom\u0105 paciento prie\u017ei\u016br\u0105 kritin\u0117se ir m\u016b\u0161io situacijose<\/li>\n<li><strong>Ekonomi\u0161kas: <\/strong>ma\u017eesn\u0117 kaina nei kit\u0173 alternatyv\u0173<\/li>\n<li><strong>Greita hemostaz\u0117:<\/strong> sustabdo kraujavim\u0105, pradedant nuo l\u0117to kraujo smelkimosi ir baigiant dideliu arteriniu kraujavimu, kai nukraujuojama per kelias minutes<\/li>\n<li><strong>Patikimas:<\/strong> patvirtintas efektyvumas m\u016b\u0161io lauke ir traum\u0173 atveju<\/li>\n<li><strong>Lengva naudoti:<\/strong> intuityvus pritaikymas ir pa\u0161alinimas<\/li>\n<li><strong>Saugus:<\/strong> n\u0117ra kre\u0161\u0117jim\u0105 skatinan\u010di\u0173 med\u017eiag\u0173; veikia nepriklausomai nuo kre\u0161\u0117jimo kaskados<\/li>\n<\/ul>\n<p>&nbsp;<\/p>\n<p><iframe title=\"How To Use ChitoGauze\u00ae XR PRO\" width=\"525\" height=\"295\" src=\"https:\/\/www.youtube.com\/embed\/zbasjGG5bOk?feature=oembed\" frameborder=\"0\" allow=\"accelerometer; autoplay; clipboard-write; encrypted-media; gyroscope; picture-in-picture; web-share\" referrerpolicy=\"strict-origin-when-cross-origin\" allowfullscreen><\/iframe><\/p>\n","protected":false},"excerpt":{"rendered":"<p>&nbsp;<\/p>\n<p><a href=\"http:\/\/artzena.eu\/wp-content\/uploads\/2022\/11\/Prometheus-ChitoGauze\u00ae-XR-Pro.pdf\">Atsisi\u0173sti produkto specifikacijas<\/a><\/p>\n","protected":false},"featured_media":18602,"template":"","meta":{"_acf_changed":false},"product_brand":[],"product_cat":[65,52,64,53,74,66],"product_tag":[],"class_list":{"0":"post-19117","1":"product","2":"type-product","3":"status-publish","4":"has-post-thumbnail","6":"product_cat-civiliai","7":"product_cat-industrijos","8":"product_cat-kariuomene","9":"product_cat-pirmoji-pagalba","10":"product_cat-produktu-kategorijos","11":"product_cat-turniketai","13":"first","14":"instock","15":"shipping-taxable","16":"product-type-simple"},"acf":[],"_links":{"self":[{"href":"https:\/\/artzena.eu\/lt\/wp-json\/wp\/v2\/product\/19117","targetHints":{"allow":["GET"]}}],"collection":[{"href":"https:\/\/artzena.eu\/lt\/wp-json\/wp\/v2\/product"}],"about":[{"href":"https:\/\/artzena.eu\/lt\/wp-json\/wp\/v2\/types\/product"}],"wp:featuredmedia":[{"embeddable":true,"href":"https:\/\/artzena.eu\/lt\/wp-json\/wp\/v2\/media\/18602"}],"wp:attachment":[{"href":"https:\/\/artzena.eu\/lt\/wp-json\/wp\/v2\/media?parent=19117"}],"wp:term":[{"taxonomy":"product_brand","embeddable":true,"href":"https:\/\/artzena.eu\/lt\/wp-json\/wp\/v2\/product_brand?post=19117"},{"taxonomy":"product_cat","embeddable":true,"href":"https:\/\/artzena.eu\/lt\/wp-json\/wp\/v2\/product_cat?post=19117"},{"taxonomy":"product_tag","embeddable":true,"href":"https:\/\/artzena.eu\/lt\/wp-json\/wp\/v2\/product_tag?post=19117"}],"curies":[{"name":"wp","href":"https:\/\/api.w.org\/{rel}","templated":true}]}}