{"id":19125,"date":"2022-11-21T20:07:58","date_gmt":"2022-11-21T20:07:58","guid":{"rendered":"https:\/\/artzena.eu\/product\/xtractsr-heatsaver\/"},"modified":"2023-01-10T21:42:25","modified_gmt":"2023-01-10T21:42:25","slug":"xtractsr-heatsaver","status":"publish","type":"product","link":"https:\/\/artzena.eu\/lt\/product\/xtractsr-heatsaver\/","title":{"rendered":"Miegmai\u0161is \u0161ilumai i\u0161saugoti &#8221;Xtract\u2122SR Heatsaver&#8221;"},"content":{"rendered":"<p>\u0160is miegmai\u0161is yra skirtas pagerinti bendr\u0105 pacient\u0173 prie\u017ei\u016br\u0105 sud\u0117tingoje aplinkoje. Unikalus gaminys sprend\u017eia visas \u0161ilumos praradimo prie\u017eastis esant sunkiai su\u017ealotam asmeniui (nevir\u0161ijant atitinkam\u0105 asmens dyd\u017eio ir svorio).<\/p>\n<p>Patentuotoje gaminio konstrukcijoje naudojamos profilin\u0117s izoliacin\u0117s plok\u0161t\u0117s, kurios maksimaliai padidina \u0161ilumin\u012f efektyvum\u0105 aplink nukent\u0117jusiojo k\u016bn\u0105, leid\u017eian\u010dios pagaminti minimalaus dyd\u017eio ir svorio gamin\u012f, nesumenkinant jo efektyvumo.<\/p>\n<ul>\n<li>Pagerina \u0161ilumos i\u0161saugojim\u0105<\/li>\n<li>Padidina komfort\u0105 nukent\u0117jusiajam asmeniui<\/li>\n<li>Sustiprina apsaug\u0105 nuo \u0161altos aplinkos<\/li>\n<li>Lengva prieiga prie paciento tolesn\u0117s b\u016bkl\u0117s \u012fvertinimo ir gydymo tikslais<\/li>\n<\/ul>\n<p>&nbsp;<\/p>\n<p>&nbsp;<\/p>\n<table class=\"table attribute-table\">\n<tbody>\n<tr>\n<td><strong>Produktas<\/strong><\/td>\n<td><strong>Matmenys i\u0161pakuotos prek\u0117s<\/strong><\/td>\n<td><strong>Matmenys supakuotos prek\u0117s<\/strong><\/td>\n<td><strong>Matmenys prip\u016bsto pagrindo<\/strong><\/td>\n<\/tr>\n<tr>\n<td>Xtract\u2122SR Heatseal<\/td>\n<td>2150 x 870mm<\/td>\n<td>Packed in Deployer<\/td>\n<td>N\/A<\/td>\n<\/tr>\n<tr>\n<td>Xtract\u2122SR Insulate<\/td>\n<td>2446 x 606mm (not inflated)<\/td>\n<td>280 x 120 x 8mm<\/td>\n<td>2170 x 540 x 200mm<\/td>\n<\/tr>\n<tr>\n<td>Xtract\u2122SR EPS<\/td>\n<td>1760 x 1050mm<\/td>\n<td>320 x 120mm<\/td>\n<td>N\/A<\/td>\n<\/tr>\n<tr>\n<td>Xtract\u2122SR Deployer<\/td>\n<td>910 x 420mm<\/td>\n<td>420 x 200 x 200mm<\/td>\n<td>N\/A<\/td>\n<\/tr>\n<\/tbody>\n<\/table>\n<p>&nbsp;<\/p>\n<p>Xtract\u2122SR\u00a0<strong>Deployer<\/strong>:<\/p>\n<p style=\"text-align: left;\"><img fetchpriority=\"high\" decoding=\"async\" class=\"alignnone size-medium wp-image-19062\" src=\"http:\/\/artzena.eu\/wp-content\/uploads\/2022\/11\/srdeployerclosed-300x300.jpg\" alt=\"Xtract\u2122SR Deployer closed\" width=\"300\" height=\"300\" srcset=\"https:\/\/artzena.eu\/wp-content\/uploads\/2022\/11\/srdeployerclosed-300x300.jpg 300w, https:\/\/artzena.eu\/wp-content\/uploads\/2022\/11\/srdeployerclosed-100x100.jpg 100w, https:\/\/artzena.eu\/wp-content\/uploads\/2022\/11\/srdeployerclosed-150x150.jpg 150w, https:\/\/artzena.eu\/wp-content\/uploads\/2022\/11\/srdeployerclosed.jpg 600w\" sizes=\"(max-width: 300px) 100vw, 300px\" \/><\/p>\n<p>&nbsp;<\/p>\n<p>Xtract\u2122SR\u00a0<strong>Deployer<\/strong> atidarytas:<\/p>\n<p><img decoding=\"async\" class=\"alignnone size-medium wp-image-19064\" src=\"http:\/\/artzena.eu\/wp-content\/uploads\/2022\/11\/deployer-300x300.jpg\" alt=\"\" width=\"300\" height=\"300\" srcset=\"https:\/\/artzena.eu\/wp-content\/uploads\/2022\/11\/deployer-300x300.jpg 300w, https:\/\/artzena.eu\/wp-content\/uploads\/2022\/11\/deployer-100x100.jpg 100w, https:\/\/artzena.eu\/wp-content\/uploads\/2022\/11\/deployer-150x150.jpg 150w, https:\/\/artzena.eu\/wp-content\/uploads\/2022\/11\/deployer.jpg 600w\" sizes=\"(max-width: 300px) 100vw, 300px\" \/><\/p>\n<p>&nbsp;<\/p>\n<p>Xtract\u2122SR\u00a0<strong>Insulate:<\/strong><\/p>\n<p><img decoding=\"async\" class=\"alignnone size-medium wp-image-19066\" src=\"http:\/\/artzena.eu\/wp-content\/uploads\/2022\/11\/insulate-300x300.jpg\" alt=\"\" width=\"300\" height=\"300\" srcset=\"https:\/\/artzena.eu\/wp-content\/uploads\/2022\/11\/insulate-300x300.jpg 300w, https:\/\/artzena.eu\/wp-content\/uploads\/2022\/11\/insulate-100x100.jpg 100w, https:\/\/artzena.eu\/wp-content\/uploads\/2022\/11\/insulate-150x150.jpg 150w, https:\/\/artzena.eu\/wp-content\/uploads\/2022\/11\/insulate.jpg 600w\" sizes=\"(max-width: 300px) 100vw, 300px\" \/><\/p>\n<p>&nbsp;<\/p>\n<p>Xtract\u2122SR\u00a0<strong>Heatseal:<\/strong><\/p>\n<p><img loading=\"lazy\" decoding=\"async\" class=\"alignnone size-medium wp-image-18568\" src=\"http:\/\/artzena.eu\/wp-content\/uploads\/2022\/11\/Low_res_Xtract_Heatseal-076-300x225.jpg\" alt=\"\" width=\"300\" height=\"225\" srcset=\"https:\/\/artzena.eu\/wp-content\/uploads\/2022\/11\/Low_res_Xtract_Heatseal-076-300x225.jpg 300w, https:\/\/artzena.eu\/wp-content\/uploads\/2022\/11\/Low_res_Xtract_Heatseal-076-scaled-600x450.jpg 600w, https:\/\/artzena.eu\/wp-content\/uploads\/2022\/11\/Low_res_Xtract_Heatseal-076-1024x769.jpg 1024w, https:\/\/artzena.eu\/wp-content\/uploads\/2022\/11\/Low_res_Xtract_Heatseal-076-768x577.jpg 768w, https:\/\/artzena.eu\/wp-content\/uploads\/2022\/11\/Low_res_Xtract_Heatseal-076-1536x1153.jpg 1536w, https:\/\/artzena.eu\/wp-content\/uploads\/2022\/11\/Low_res_Xtract_Heatseal-076-2048x1537.jpg 2048w\" sizes=\"(max-width: 300px) 100vw, 300px\" \/><\/p>\n<p>&nbsp;<\/p>\n<p>Xtract\u2122SR\u00a0<strong>EPS:<\/strong><\/p>\n<p><img loading=\"lazy\" decoding=\"async\" class=\"alignnone size-medium wp-image-19068\" src=\"http:\/\/artzena.eu\/wp-content\/uploads\/2022\/11\/XtractSREPS-300x300.jpg\" alt=\"\" width=\"300\" height=\"300\" srcset=\"https:\/\/artzena.eu\/wp-content\/uploads\/2022\/11\/XtractSREPS-300x300.jpg 300w, https:\/\/artzena.eu\/wp-content\/uploads\/2022\/11\/XtractSREPS-100x100.jpg 100w, https:\/\/artzena.eu\/wp-content\/uploads\/2022\/11\/XtractSREPS-150x150.jpg 150w, https:\/\/artzena.eu\/wp-content\/uploads\/2022\/11\/XtractSREPS.jpg 600w\" sizes=\"(max-width: 300px) 100vw, 300px\" \/><\/p>\n","protected":false},"excerpt":{"rendered":"<p><strong>Miegmai\u0161is \u0161ilumai i\u0161saugoti <\/strong><\/p>\n<p><a href=\"http:\/\/artzena.eu\/wp-content\/uploads\/2022\/11\/Final-Xtract-EPS.pdf\">Atsisi\u0173sti produkto specifikacijas<\/a><\/p>\n","protected":false},"featured_media":18563,"template":"","meta":{"_acf_changed":false},"product_brand":[],"product_cat":[68,52,64,53,74],"product_tag":[],"class_list":{"0":"post-19125","1":"product","2":"type-product","3":"status-publish","4":"has-post-thumbnail","6":"product_cat-hipotermija","7":"product_cat-industrijos","8":"product_cat-kariuomene","9":"product_cat-pirmoji-pagalba","10":"product_cat-produktu-kategorijos","12":"first","13":"instock","14":"shipping-taxable","15":"purchasable","16":"product-type-simple"},"acf":[],"_links":{"self":[{"href":"https:\/\/artzena.eu\/lt\/wp-json\/wp\/v2\/product\/19125","targetHints":{"allow":["GET"]}}],"collection":[{"href":"https:\/\/artzena.eu\/lt\/wp-json\/wp\/v2\/product"}],"about":[{"href":"https:\/\/artzena.eu\/lt\/wp-json\/wp\/v2\/types\/product"}],"wp:featuredmedia":[{"embeddable":true,"href":"https:\/\/artzena.eu\/lt\/wp-json\/wp\/v2\/media\/18563"}],"wp:attachment":[{"href":"https:\/\/artzena.eu\/lt\/wp-json\/wp\/v2\/media?parent=19125"}],"wp:term":[{"taxonomy":"product_brand","embeddable":true,"href":"https:\/\/artzena.eu\/lt\/wp-json\/wp\/v2\/product_brand?post=19125"},{"taxonomy":"product_cat","embeddable":true,"href":"https:\/\/artzena.eu\/lt\/wp-json\/wp\/v2\/product_cat?post=19125"},{"taxonomy":"product_tag","embeddable":true,"href":"https:\/\/artzena.eu\/lt\/wp-json\/wp\/v2\/product_tag?post=19125"}],"curies":[{"name":"wp","href":"https:\/\/api.w.org\/{rel}","templated":true}]}}