{"id":19127,"date":"2022-11-24T13:15:32","date_gmt":"2022-11-24T13:15:32","guid":{"rendered":"https:\/\/artzena.eu\/product\/russell-chest-seal-rcs\/"},"modified":"2023-01-10T21:46:54","modified_gmt":"2023-01-10T21:46:54","slug":"russell-chest-seal-rcs","status":"publish","type":"product","link":"https:\/\/artzena.eu\/lt\/product\/russell-chest-seal-rcs\/","title":{"rendered":"Russell Chest Seal\u00ae (RCS)"},"content":{"rendered":"<p><strong>\u201eRussell Chest Seal\u00ae\u201c<\/strong> \u2013 tai hidrogelio pagrindo tvarstis su integruotu \u017eemo profilio, keturi\u0173 ang\u0173 vo\u017etuvu. Pagrindin\u0117 kr\u016btin\u0117s \u017eaizdos sandariklio med\u017eiaga yra hidrogelio matrica, kuri\u0105 sudaro vandens pagrindo gelis, pritvirtintas ant neaustin\u0117s med\u017eiagos su siliciu padengtais lipniais kra\u0161tais.<\/p>\n<p>\u201eRussell Chest Seal\u00ae\u201c naudojamas \u012fsiskverbusi\u0173 objekt\u0173 padarytoms kr\u016btin\u0117s \u017eaizdoms u\u017edengti, o vo\u017etuvo mechanizmas leid\u017eia orui i\u0161eiti i\u0161 pleuros ertm\u0117s jo ne\u012fsitraukiant atgal. Tokiu b\u016bdu suma\u017einama su tokio tipo su\u017ealojimais susijus\u012f siekiama suma\u017einti su \u0161iuo su\u017ealojimu susijus\u012f plau\u010di\u0173 kolaps\u0105 ir palengvinti pakartotin\u012f plau\u010di\u0173 i\u0161sip\u016btim\u0105. Tvarstis gerai laikosi prilip\u0119s daug valand\u0173 ir yra patogus naudoti pacientui ilgesn\u012f laik\u0105 (iki 24 valand\u0173).<\/p>\n<ul>\n<li><strong>Greita, paprasta ir intuityvu u\u017ed\u0117ti<\/strong><\/li>\n<li>Patentuotas hidrogelio pagrindas<\/li>\n<li><strong>4 didel\u0117s periferin\u0117s angos<\/strong> leid\u017eia i\u0161eiti orui ir i\u0161tek\u0117ti kraujui<\/li>\n<li><strong>Didel\u0117 centrin\u0117 anga<\/strong> pagrindo med\u017eiagoje leid\u017eia greitai tiksliai u\u017ed\u0117ti tvarst\u012f, suma\u017einant \u017eaizdos u\u017esikim\u0161imo rizik\u0105<\/li>\n<li>\u017demo profilio, <strong>labai lankstus tvarstis<\/strong><\/li>\n<li><strong>Kompakti\u0161kas:<\/strong> lengva \u012ftraukti \u012f medicinini\u0173 priemoni\u0173 rinkini\u0173 sud\u0117t\u012f<\/li>\n<\/ul>\n<p>&nbsp;<\/p>\n<p><iframe title=\"Russell Chest Seal\u00ae (RCS) Animated Introduction\" width=\"525\" height=\"295\" src=\"https:\/\/www.youtube.com\/embed\/3AgaF2Ulakw?feature=oembed\" frameborder=\"0\" allow=\"accelerometer; autoplay; clipboard-write; encrypted-media; gyroscope; picture-in-picture; web-share\" referrerpolicy=\"strict-origin-when-cross-origin\" allowfullscreen><\/iframe><\/p>\n","protected":false},"excerpt":{"rendered":"<p>&nbsp;<\/p>\n<p><strong>Matmenys:<\/strong> 20.00cm x 15.00cm<\/p>\n<p><strong>Pakuot\u0117s matmenys:<\/strong> 14.00cm x 13.00cm<\/p>\n<p><strong>Svoris:<\/strong> 20g<\/p>\n<p><strong>Produkto galiojimo laikas:<\/strong> 3 metai<\/p>\n","protected":false},"featured_media":18726,"template":"","meta":{"_acf_changed":false},"product_brand":[],"product_cat":[65,52,64,71,53,74],"product_tag":[],"class_list":{"0":"post-19127","1":"product","2":"type-product","3":"status-publish","4":"has-post-thumbnail","6":"product_cat-civiliai","7":"product_cat-industrijos","8":"product_cat-kariuomene","9":"product_cat-kvepavimas","10":"product_cat-pirmoji-pagalba","11":"product_cat-produktu-kategorijos","13":"first","14":"instock","15":"shipping-taxable","16":"product-type-simple"},"acf":[],"_links":{"self":[{"href":"https:\/\/artzena.eu\/lt\/wp-json\/wp\/v2\/product\/19127","targetHints":{"allow":["GET"]}}],"collection":[{"href":"https:\/\/artzena.eu\/lt\/wp-json\/wp\/v2\/product"}],"about":[{"href":"https:\/\/artzena.eu\/lt\/wp-json\/wp\/v2\/types\/product"}],"wp:featuredmedia":[{"embeddable":true,"href":"https:\/\/artzena.eu\/lt\/wp-json\/wp\/v2\/media\/18726"}],"wp:attachment":[{"href":"https:\/\/artzena.eu\/lt\/wp-json\/wp\/v2\/media?parent=19127"}],"wp:term":[{"taxonomy":"product_brand","embeddable":true,"href":"https:\/\/artzena.eu\/lt\/wp-json\/wp\/v2\/product_brand?post=19127"},{"taxonomy":"product_cat","embeddable":true,"href":"https:\/\/artzena.eu\/lt\/wp-json\/wp\/v2\/product_cat?post=19127"},{"taxonomy":"product_tag","embeddable":true,"href":"https:\/\/artzena.eu\/lt\/wp-json\/wp\/v2\/product_tag?post=19127"}],"curies":[{"name":"wp","href":"https:\/\/api.w.org\/{rel}","templated":true}]}}