{"id":19133,"date":"2022-11-25T17:59:35","date_gmt":"2022-11-25T17:59:35","guid":{"rendered":"https:\/\/artzena.eu\/product\/xtractsr-stretcher\/"},"modified":"2023-11-24T16:33:08","modified_gmt":"2023-11-24T16:33:08","slug":"xtractsr-stretcher","status":"publish","type":"product","link":"https:\/\/artzena.eu\/lt\/product\/xtractsr-stretcher\/","title":{"rendered":"Ne\u0161tuv\u0173 sistema  &#8221;Xtract\u2122SR Stretcher&#8221;"},"content":{"rendered":"<p>Ne\u0161tuv\u0173 sistemos <strong>\u201eXtract\u2122SR Stretcher\u201c<\/strong> k\u016brimas prasid\u0117jo remiantis Afganistane ir Irake kariavusi\u0173 kari\u0161ki\u0173 patirtimi. Kariams gausiai nukent\u0117jus nuo savadarbi\u0173 sprogstam\u0173j\u0173 \u012ftais\u0173, padaug\u0117jo su\u017ealot\u0173j\u0173, kurie per sprogimus neteko gal\u016bni\u0173 auk\u0161\u010diau arba \u017eemiau keli\u0173. Toki\u0173 nukent\u0117jusi\u0173j\u0173 evakuacija i\u0161 incident\u0173 vietos naudojant sen\u0105 \u012frang\u0105 lemdavo antrinius su\u017ealojimus ir trukd\u0117 tinkamai naudoti gyvyb\u0119 gelbstin\u010dias priemones. Ne\u0161tuvai <strong>\u201eXtract\u2122SR Stretcher\u201c<\/strong> si\u016blo sprendimus \u0161iems i\u0161\u0161\u016bkiams. D\u0117l <strong>\u201eXtract\u2122SR Stretcher\u201c<\/strong> dyd\u017eio ir svorio ne\u0161tuv\u0173 sistem\u0105 gali ne\u0161tis kovin\u0117s paj\u0117gos ir gelb\u0117tojai, tod\u0117l jie i\u0161 karto pasiekiami. Patentuotas dizainas suma\u017eina mir\u010di\u0173 skai\u010di\u0173, leid\u017eia efektyviau naudoti pagalbos priemones ir suma\u017eina jud\u0117jim\u0105. \u0160ios savyb\u0117s pagerina galimybes i\u0161vengti mirties. <strong>\u201eXtract\u2122SR Stretcher\u201c <\/strong>pasi\u017eymi stiprumu ir ilgaam\u017ei\u0161kumu. Duralito audinys si\u016blo lengv\u0105, nepaprastai tvirt\u0105 ir patvar\u0173 sprendim\u0105, kuris tinka bet kokiai darbo aplinkai. Ne\u0161tuvai <strong>\u201eXtract\u2122SR Stretcher\u201c <\/strong>yra modulin\u0117 sistema, kuri\u0105 galima pritaikyti pagal misijos reikalavimus. Kad ir kokios i\u0161kilt\u0173 kli\u016btys, <strong>\u201eXtract\u2122SR Stretcher\u201c <\/strong>\u2013 tai sprendimas, kuris pasiteisins.<\/p>\n<p>&nbsp;<\/p>\n<ul>\n<li>Sukurta <strong>pagerinti i\u0161gyvenamumo galimybes<\/strong> suma\u017einant jud\u0117jim\u0105 evakuacijos metu ir leid\u017eiant efektyviau naudoti pagalbos priemones<\/li>\n<li><strong>Efektyvumas \u012frodytas<\/strong> realiose karini\u0173 paj\u0117g\u0173 ir gelb\u0117jimo operacijose visame pasaulyje<\/li>\n<li><strong>Minimalus dydis ir svoris<\/strong> leid\u017eia ne\u0161tuvus gabentis priekin\u0117s linijos gelb\u0117tojams, taip u\u017etikrinant galimyb\u0119 juos naudoti jau su\u017eeidimo vietoje<\/li>\n<li><strong>Intuityv\u0173 naudojim\u0105 skatinanti konstrukcija<\/strong> palengvina kompetenting\u0105 naudojim\u0105.<\/li>\n<\/ul>\n<p>&nbsp;<\/p>\n<p><strong>SPECIFICATION OVERVIEW:<\/strong><\/p>\n<table class=\"table attribute-table\">\n<tbody>\n<tr>\n<td><strong>Produkto pavadinimas<\/strong><\/td>\n<td><strong>I\u0161pakuoto produkto matmenys<\/strong><\/td>\n<td><strong>Supakuotos prek\u0117s matmenys<\/strong><\/td>\n<td><\/td>\n<\/tr>\n<tr>\n<td>Xtract\u2122SR Stretcher<\/td>\n<td>270cm x 110cm<\/td>\n<td>28cm x 18cm x 12cm<\/td>\n<td><\/td>\n<\/tr>\n<\/tbody>\n<\/table>\n<p>&nbsp;<\/p>\n<p><iframe title=\"Xtract2 Video\" width=\"525\" height=\"295\" src=\"https:\/\/www.youtube.com\/embed\/pPYEQZS7jOs?start=436&#038;feature=oembed\" frameborder=\"0\" allow=\"accelerometer; autoplay; clipboard-write; encrypted-media; gyroscope; picture-in-picture; web-share\" referrerpolicy=\"strict-origin-when-cross-origin\" allowfullscreen><\/iframe><\/p>\n<p>&nbsp;<\/p>\n","protected":false},"excerpt":{"rendered":"<p>&nbsp;<\/p>\n<p>&nbsp;<\/p>\n","protected":false},"featured_media":18759,"template":"","meta":{"_acf_changed":false},"product_brand":[],"product_cat":[52,64,79,53,74],"product_tag":[],"class_list":{"0":"post-19133","1":"product","2":"type-product","3":"status-publish","4":"has-post-thumbnail","6":"product_cat-industrijos","7":"product_cat-kariuomene","8":"product_cat-nukentejusiojo-evakuacija","9":"product_cat-pirmoji-pagalba","10":"product_cat-produktu-kategorijos","12":"first","13":"instock","14":"shipping-taxable","15":"purchasable","16":"product-type-simple"},"acf":[],"_links":{"self":[{"href":"https:\/\/artzena.eu\/lt\/wp-json\/wp\/v2\/product\/19133","targetHints":{"allow":["GET"]}}],"collection":[{"href":"https:\/\/artzena.eu\/lt\/wp-json\/wp\/v2\/product"}],"about":[{"href":"https:\/\/artzena.eu\/lt\/wp-json\/wp\/v2\/types\/product"}],"wp:featuredmedia":[{"embeddable":true,"href":"https:\/\/artzena.eu\/lt\/wp-json\/wp\/v2\/media\/18759"}],"wp:attachment":[{"href":"https:\/\/artzena.eu\/lt\/wp-json\/wp\/v2\/media?parent=19133"}],"wp:term":[{"taxonomy":"product_brand","embeddable":true,"href":"https:\/\/artzena.eu\/lt\/wp-json\/wp\/v2\/product_brand?post=19133"},{"taxonomy":"product_cat","embeddable":true,"href":"https:\/\/artzena.eu\/lt\/wp-json\/wp\/v2\/product_cat?post=19133"},{"taxonomy":"product_tag","embeddable":true,"href":"https:\/\/artzena.eu\/lt\/wp-json\/wp\/v2\/product_tag?post=19133"}],"curies":[{"name":"wp","href":"https:\/\/api.w.org\/{rel}","templated":true}]}}