{"id":19145,"date":"2022-12-16T23:35:27","date_gmt":"2022-12-16T23:35:27","guid":{"rendered":"https:\/\/artzena.eu\/product\/6%e2%80%b3-15-24cm-emergency-bandage-white\/"},"modified":"2025-07-23T10:07:38","modified_gmt":"2025-07-23T10:07:38","slug":"6%e2%80%b3-15-24cm-emergency-bandage-white","status":"publish","type":"product","link":"https:\/\/artzena.eu\/lt\/product\/6%e2%80%b3-15-24cm-emergency-bandage-white\/","title":{"rendered":"6\u2033 (15cm) Elastinis spaud\u017eiamasis Izraelieti\u0161kas tvarstis &#8211; Baltas"},"content":{"rendered":"<p><strong>6\u201d (15 cm) Elastinis spaud\u017eiamasis Izraelieti\u0161kas tvarstis<\/strong> \u2013 tai tvarstis, u\u017etikrinantis, kad vienoje kompakti\u0161koje pakuot\u0117je rasite visk\u0105, ko reikia vidutin\u0117ms ir didel\u0117ms \u017eaizdoms bei big\u0117ms sutvarstyti. Universalus tvarstis yra veiksminga priemon\u0117, kai reikia sustabdyti stipr\u0173 kraujavim\u0105, u\u017edengti \u017eaizd\u0105, suformuoti \u012ftvar\u0105 arba palaikom\u0105j\u012f tvarst\u012f ar sutvarstyti galv\u0105. \u0160\u012f tvarst\u012f, kur\u012f JAV vaist\u0173 ir maisto administracija (FDA) patvirtino kaip nepneumatin\u012f turniket\u0105, yra paprasta ir intuityvu naudoti ir apmokytiems, ir neapmokytiems gelb\u0117tojams.<\/p>\n<p>&nbsp;<\/p>\n<ul>\n<li><strong>Integruotas sl\u0117gio puslankis, <\/strong>d\u0117l kurio \u017eaizda nedelsiant imama spausti<\/li>\n<li><strong>Integruotas sukabinimo laikiklis<\/strong> \u2013 nereikia kai\u0161\u010di\u0173, spaustuk\u0173, juostos, kabliuk\u0173, kilp\u0173 ar mazg\u0173.<\/li>\n<li>Daugiafunkcinis <strong>tvarstis \u012fvairioms \u017eaizdoms<\/strong><\/li>\n<li>Kompakti\u0161kas, lengvas, atsparus vandeniui, supakuotas vakuumin\u0117je pakuot\u0117je<\/li>\n<li>Nelipnus marl\u0117s \u012fklotas<\/li>\n<li>Paprasta ir lengva naudoti<\/li>\n<\/ul>\n","protected":false},"excerpt":{"rendered":"<p>&nbsp;<\/p>\n<p><a href=\"http:\/\/artzena.eu\/wp-content\/uploads\/2022\/12\/FCP-06_-Product-Sheet.pdf\">Atsisi\u0173sti produkto specifikacijas<\/a><\/p>\n","protected":false},"featured_media":20807,"template":"","meta":{"_acf_changed":false},"product_brand":[],"product_cat":[65,52,67,53,74,66],"product_tag":[],"class_list":{"0":"post-19145","1":"product","2":"type-product","3":"status-publish","4":"has-post-thumbnail","6":"product_cat-civiliai","7":"product_cat-industrijos","8":"product_cat-kraujotaka","9":"product_cat-pirmoji-pagalba","10":"product_cat-produktu-kategorijos","11":"product_cat-turniketai","13":"first","14":"instock","15":"shipping-taxable","16":"product-type-simple"},"acf":[],"_links":{"self":[{"href":"https:\/\/artzena.eu\/lt\/wp-json\/wp\/v2\/product\/19145","targetHints":{"allow":["GET"]}}],"collection":[{"href":"https:\/\/artzena.eu\/lt\/wp-json\/wp\/v2\/product"}],"about":[{"href":"https:\/\/artzena.eu\/lt\/wp-json\/wp\/v2\/types\/product"}],"wp:featuredmedia":[{"embeddable":true,"href":"https:\/\/artzena.eu\/lt\/wp-json\/wp\/v2\/media\/20807"}],"wp:attachment":[{"href":"https:\/\/artzena.eu\/lt\/wp-json\/wp\/v2\/media?parent=19145"}],"wp:term":[{"taxonomy":"product_brand","embeddable":true,"href":"https:\/\/artzena.eu\/lt\/wp-json\/wp\/v2\/product_brand?post=19145"},{"taxonomy":"product_cat","embeddable":true,"href":"https:\/\/artzena.eu\/lt\/wp-json\/wp\/v2\/product_cat?post=19145"},{"taxonomy":"product_tag","embeddable":true,"href":"https:\/\/artzena.eu\/lt\/wp-json\/wp\/v2\/product_tag?post=19145"}],"curies":[{"name":"wp","href":"https:\/\/api.w.org\/{rel}","templated":true}]}}