{"id":19165,"date":"2022-11-28T14:55:42","date_gmt":"2022-11-28T14:55:42","guid":{"rendered":"https:\/\/artzena.eu\/product\/prometheus-pelvic-splint-standard\/"},"modified":"2023-02-01T15:51:51","modified_gmt":"2023-02-01T15:51:51","slug":"prometheus-pelvic-splint-standard","status":"publish","type":"product","link":"https:\/\/artzena.eu\/lt\/product\/prometheus-pelvic-splint-standard\/","title":{"rendered":"\u012etvaras dubens sri\u010diai \u201ePrometheus Pelvic Splint\u201c (standartinis)"},"content":{"rendered":"<p>\u012etvaras dubens sri\u010diai \u201ePrometheus Pelvic Splint\u201c yra skirtas skubiam \u012ftariamo dubens l\u016b\u017eio (-i\u0173) valdymui. J\u012f gali naudoti medicinos specialistai, apmokyti atlikti dubens imobilizavim\u0105 iki pristatant nukent\u0117jus\u012f asmen\u012f \u012f ligonin\u0119.<\/p>\n<p>&nbsp;<\/p>\n<ul>\n<li><strong>Neopreno juosta be vidini\u0173 si\u016bli\u0173<\/strong>, skirta suma\u017einti spaudimo sukelt\u0173 op\u0173 susidarymo ir audini\u0173 pa\u017eeidimo rizik\u0105<\/li>\n<li>\u012etaisas <strong>leid\u017eia atlikti dubens srities ir kirk\u0161nies kateterizacij\u0105<\/strong> bei pasiekti \u0161launikaulio ven\u0105.<\/li>\n<li>Prietaisas yra <strong>vienkartinis<\/strong>.<\/li>\n<\/ul>\n<p>&nbsp;<\/p>\n<p><strong>Matmenys<\/strong>: 1260mm x 190mm<\/p>\n<p><strong>Svoris<\/strong>: 250g<\/p>\n<p><strong>Galiojimo laikas<\/strong>: 5 metai<\/p>\n<p><strong>Spalva:<\/strong> Geltona<\/p>\n","protected":false},"excerpt":{"rendered":"<p>&nbsp;<\/p>\n<p><a href=\"https:\/\/artzena.eu\/wp-content\/uploads\/2022\/11\/art_DTF050_0019_Rev-4_04-21_PPS-IFU.pdf\">Atsisi\u0173sti produkto specifikacijas<\/a><\/p>\n","protected":false},"featured_media":18769,"template":"","meta":{"_acf_changed":false},"product_brand":[],"product_cat":[52,64,82,53,74],"product_tag":[],"class_list":{"0":"post-19165","1":"product","2":"type-product","3":"status-publish","4":"has-post-thumbnail","6":"product_cat-industrijos","7":"product_cat-kariuomene","8":"product_cat-pagalbines-gydymo-priemones-lt","9":"product_cat-pirmoji-pagalba","10":"product_cat-produktu-kategorijos","12":"first","13":"instock","14":"shipping-taxable","15":"product-type-simple"},"acf":[],"_links":{"self":[{"href":"https:\/\/artzena.eu\/lt\/wp-json\/wp\/v2\/product\/19165","targetHints":{"allow":["GET"]}}],"collection":[{"href":"https:\/\/artzena.eu\/lt\/wp-json\/wp\/v2\/product"}],"about":[{"href":"https:\/\/artzena.eu\/lt\/wp-json\/wp\/v2\/types\/product"}],"wp:featuredmedia":[{"embeddable":true,"href":"https:\/\/artzena.eu\/lt\/wp-json\/wp\/v2\/media\/18769"}],"wp:attachment":[{"href":"https:\/\/artzena.eu\/lt\/wp-json\/wp\/v2\/media?parent=19165"}],"wp:term":[{"taxonomy":"product_brand","embeddable":true,"href":"https:\/\/artzena.eu\/lt\/wp-json\/wp\/v2\/product_brand?post=19165"},{"taxonomy":"product_cat","embeddable":true,"href":"https:\/\/artzena.eu\/lt\/wp-json\/wp\/v2\/product_cat?post=19165"},{"taxonomy":"product_tag","embeddable":true,"href":"https:\/\/artzena.eu\/lt\/wp-json\/wp\/v2\/product_tag?post=19165"}],"curies":[{"name":"wp","href":"https:\/\/api.w.org\/{rel}","templated":true}]}}