{"id":19167,"date":"2022-11-29T16:34:46","date_gmt":"2022-11-29T16:34:46","guid":{"rendered":"https:\/\/artzena.eu\/product\/tmt-tourniquet\/"},"modified":"2023-02-05T15:41:25","modified_gmt":"2023-02-05T15:41:25","slug":"tmt-tourniquet","status":"publish","type":"product","link":"https:\/\/artzena.eu\/lt\/product\/tmt-tourniquet\/","title":{"rendered":"Turniketas TMT\u2122"},"content":{"rendered":"<p><strong>CoTCCC rekomenduojamas<\/strong><\/p>\n<p><strong>Taktinis mechaninis turniketas (TMT\u2122) \u2013 <\/strong>tai kraujavimo kontrol\u0117s priemon\u0117, specialiai sukurta dideliam kraujavimui i\u0161 gal\u016bni\u0173 kontroliuoti. Remiantis m\u016b\u0161iuose \u012fgyta patirtimi, TMT sukurtas taip, kad j\u012f b\u016bt\u0173 patogu naudoti ir b\u016bt\u0173 galima u\u017etikrintai pasiekti okliuzij\u0105. Asmuo gali i\u0161mokti u\u017ed\u0117ti turniket\u0105 pats arba su kit\u0173 \u017emoni\u0173 pagalba, taigi TMT naudojimas reikalauja minimalaus mokymo, kad b\u016bt\u0173 galima nedelsiant prad\u0117ti stabdyti gyvybei pavojing\u0105 gal\u016bni\u0173 kraujavim\u0105. Be to, TMT neturi tr\u016bkum\u0173, stebim\u0173 kit\u0173 turniket\u0173 konstrukcijose.<\/p>\n<p>&nbsp;<\/p>\n<ul>\n<li><strong>GREITA NAUDOTI: <\/strong>naudojimas viena ranka per 30 sekund\u017ei\u0173 ar grei\u010diau<\/li>\n<li><strong>PATVARUS:<\/strong> kopoliesterio dervos acetilas su IR\/UV apsaugan\u010diu priedu<\/li>\n<li><strong>EFEKTYVESNIS:<\/strong> eliminuojam\u0105 esam\u0105 turniket\u0173 \u201eneefektyvumo procento\u201c rodikl\u012f<\/li>\n<\/ul>\n<p><strong>Produkto savyb\u0117s<\/strong><\/p>\n<ul>\n<li>Patogiai u\u017ededamas viena ranka ir ant vir\u0161utini\u0173, ir ant apatini\u0173 gal\u016bni\u0173 per 30 sekund\u017ei\u0173 ar grei\u010diau<\/li>\n<li>Platesn\u0117 juosta okliuzijai esant ma\u017eesniam sl\u0117giui ir didesniam komfortui<\/li>\n<li>Dvigubas fiksavimo mechanizmas, apsaugantis nuo slydimo ir sl\u0117gio praradimo<\/li>\n<li>Garsinis \u201espragtel\u0117jimas\u201c nurodo, kad sukamasis strypelis yra u\u017efiksuotas<\/li>\n<li>Pa\u017eangios med\u017eiagos su IR ir UV apsauga<\/li>\n<li>Integruota apsauga nuo UV padidina patvarum\u0105<\/li>\n<li>Tinka \u012fvairi\u0173 apim\u010di\u0173 gal\u016bn\u0117ms:<\/li>\n<\/ul>\n<ul>\n<li style=\"list-style-type: none;\">\n<ul>\n<li>Ma\u017eiausiai 10,16 cm<\/li>\n<li>Daugiausiai 96,52 cm<\/li>\n<\/ul>\n<\/li>\n<\/ul>\n<p><strong>Klinikin\u0117 nauda<\/strong><\/p>\n<ul>\n<li>Leid\u017eia grei\u010diau u\u017ed\u0117ti viena ar dviem rankomis, palyginti su kitais turniketais<\/li>\n<li>Didesnis patogumas d\u0117l platesn\u0117s juostos: u\u017etikrina geresn\u0119 okliuzij\u0105 esant ma\u017eesniam sl\u0117giui ir nepakenkiant pacientui<\/li>\n<li>Lengvas pritaikymas ir intuityvus naudojimas<\/li>\n<li>Ekonomi\u0161kas<\/li>\n<li>Didesn\u0117s galimyb\u0117s ir veiksmingumas, palyginti su esamais sprendimais<\/li>\n<\/ul>\n<p>&nbsp;<\/p>\n<h3><strong>Specifikacijos:<\/strong><\/h3>\n<ul>\n<li>Pa\u017eym\u0117tas CE \u017eenklu<\/li>\n<li>Galiojimo laikas:\n<ul>\n<li>Neribotas saugojimo galiojimo laikas (kontroliuojama aplinka)<\/li>\n<li>Galiojimo laikas iki 10 met\u0173 (eksploatacinis sand\u0117liavimas)<\/li>\n<\/ul>\n<\/li>\n<li>Matmenys:\n<ul>\n<li>98.30cm x 5.72cm<\/li>\n<li>Supakuoto produkto: 11cm x 6cm x 4cm<\/li>\n<li>Svoris: 82g<\/li>\n<\/ul>\n<\/li>\n<li>Pagamintas Amerikoje<\/li>\n<\/ul>\n","protected":false},"excerpt":{"rendered":"<p>&nbsp;<\/p>\n<p><strong>CoTCCC rekomenduojamas<\/strong><\/p>\n<p><strong>CE \u017eenklinimas<\/strong><\/p>\n<p><strong>Pagamintas Amerikoje<\/strong><\/p>\n<p>&nbsp;<\/p>\n","protected":false},"featured_media":18820,"template":"","meta":{"_acf_changed":false},"product_brand":[],"product_cat":[65,52,64,53,74,66],"product_tag":[],"class_list":{"0":"post-19167","1":"product","2":"type-product","3":"status-publish","4":"has-post-thumbnail","6":"product_cat-civiliai","7":"product_cat-industrijos","8":"product_cat-kariuomene","9":"product_cat-pirmoji-pagalba","10":"product_cat-produktu-kategorijos","11":"product_cat-turniketai","13":"first","14":"instock","15":"shipping-taxable","16":"product-type-simple"},"acf":[],"_links":{"self":[{"href":"https:\/\/artzena.eu\/lt\/wp-json\/wp\/v2\/product\/19167","targetHints":{"allow":["GET"]}}],"collection":[{"href":"https:\/\/artzena.eu\/lt\/wp-json\/wp\/v2\/product"}],"about":[{"href":"https:\/\/artzena.eu\/lt\/wp-json\/wp\/v2\/types\/product"}],"wp:featuredmedia":[{"embeddable":true,"href":"https:\/\/artzena.eu\/lt\/wp-json\/wp\/v2\/media\/18820"}],"wp:attachment":[{"href":"https:\/\/artzena.eu\/lt\/wp-json\/wp\/v2\/media?parent=19167"}],"wp:term":[{"taxonomy":"product_brand","embeddable":true,"href":"https:\/\/artzena.eu\/lt\/wp-json\/wp\/v2\/product_brand?post=19167"},{"taxonomy":"product_cat","embeddable":true,"href":"https:\/\/artzena.eu\/lt\/wp-json\/wp\/v2\/product_cat?post=19167"},{"taxonomy":"product_tag","embeddable":true,"href":"https:\/\/artzena.eu\/lt\/wp-json\/wp\/v2\/product_tag?post=19167"}],"curies":[{"name":"wp","href":"https:\/\/api.w.org\/{rel}","templated":true}]}}