{"id":19198,"date":"2022-12-10T20:30:05","date_gmt":"2022-12-10T20:30:05","guid":{"rendered":"https:\/\/artzena.eu\/product\/burn-dressing\/"},"modified":"2023-03-16T20:36:58","modified_gmt":"2023-03-16T20:36:58","slug":"burn-dressing","status":"publish","type":"product","link":"https:\/\/artzena.eu\/lt\/product\/burn-dressing\/","title":{"rendered":"Geliu suvilgyta Nudegim\u0173 sukelt\u0173 \u017eaizd\u0173 tvars\u010diai &#8211; Water Jel"},"content":{"rendered":"<p><strong>30.48cm x 40.64cm &#8211;\u00a0 skirtas suaugusiojo ar vaiko veidui. <\/strong>Unikalus tvarstis, specialiai sukurtas taip, kad atitikt\u0173 bet kokio dyd\u017eio suaugusiojo ar vaiko veid\u0105. Pakankamai didelis, kad apsaugot\u0173 vis\u0105 veid\u0105, ausis, kakl\u0105 ir dal\u012f galvos. Su nosies, burnos ir aki\u0173 ply\u0161iais.<\/p>\n<ul>\n<li>Geliu suvilgyta, medicinin\u0117s klas\u0117s neaustin\u0117 med\u017eiaga.<\/li>\n<li>Sterilus ir supakuotas \u012f folij\u0105 produktas.<\/li>\n<li><strong>Vertinant tvars\u010dio dyd\u012f pagal viso k\u016bno pavir\u0161iaus plot\u0105:<\/strong> suaugusi\u0173j\u0173 atveju \u2013 7 proc., , vaik\u0173 atveju \u2013 16 proc.<\/li>\n<li><strong>Tinkamumo naudoti laikas<\/strong> \u2013 5 metai nuo pagaminimo datos.<\/li>\n<\/ul>\n<p>&nbsp;<\/p>\n<p><strong>10.16cm x 40.64cm &#8211; skirtas vidinei arba i\u0161orinei dilbio sri\u010diai. Taip pat galima naudoti ant kojos dalies arba apvynioti p\u0117d\u0105.<\/strong><\/p>\n<ul>\n<li>Geliu suvilgyta, medicinin\u0117s klas\u0117s neaustin\u0117 med\u017eiaga.<\/li>\n<li>Sterilus ir supakuotas \u012f folij\u0105 produktas.<\/li>\n<li><strong>Vertinant tvars\u010dio dyd\u012f pagal viso k\u016bno pavir\u0161iaus plot\u0105:<\/strong> suaugusi\u0173j\u0173 atveju \u2013 2 proc., , vaik\u0173 atveju \u2013 8 proc.<\/li>\n<li><strong>Tinkamumo naudoti laikas<\/strong> \u2013 5 metai nuo pagaminimo datos.<\/li>\n<\/ul>\n<p>&nbsp;<\/p>\n<p><strong>5.08cm x 15.24cm &#8211; skirtas rie\u0161ui ir tarp pir\u0161t\u0173. <\/strong>Patogaus dyd\u017eio tvarstis, skirtas apvynioti rie\u0161\u0105 ir tarp pir\u0161t\u0173, kad jie b\u016bt\u0173 atskirti.<\/p>\n<ul>\n<li>Geliu suvilgyta, medicinin\u0117s klas\u0117s neaustin\u0117 med\u017eiaga.<\/li>\n<li>Sterilus ir supakuotas \u012f folij\u0105 produktas.<\/li>\n<li><strong>Vertinant tvars\u010dio dyd\u012f pagal viso k\u016bno pavir\u0161iaus plot\u0105:<\/strong> suaugusi\u0173j\u0173 atveju \u2013 1 proc., , vaik\u0173 atveju \u2013 2 proc.<\/li>\n<li><strong>Tinkamumo naudoti laikas<\/strong> \u2013 5 metai nuo pagaminimo datos.<\/li>\n<\/ul>\n<p>&nbsp;<\/p>\n<p><strong>20.32cm x 45.72cm &#8211; skirtas \u0161launims, pe\u010diams arba nugarai tvarstyti. <\/strong>M\u016bs\u0173 si\u016blomas did\u017eiausias toks tvarstis nudegim\u0173 sukeltoms \u017eaizdoms. Puikiai tinka dideliems plotams, pavyzd\u017eiui, ant \u0161laun\u0173, pe\u010di\u0173 ar nugaros, padengti. Pakankamai didelis, kad b\u016bt\u0173 galima apvynioti apatin\u0119 kojos dal\u012f arba u\u017edengti kr\u016btin\u0117s l\u0105stos srit\u012f.<\/p>\n<ul>\n<li>Geliu suvilgyta, medicinin\u0117s klas\u0117s neaustin\u0117 med\u017eiaga<\/li>\n<li>Sterilus ir supakuotas \u012f folij\u0105 produktas<\/li>\n<li><strong>Vertinant tvars\u010dio dyd\u012f pagal viso k\u016bno pavir\u0161iaus plot\u0105:<\/strong> suaugusi\u0173j\u0173 atveju \u2013 5 proc., vaik\u0173 atveju \u2013 20 proc. (atsi\u017evelgiant \u012f numatyt\u0105 naudojim\u0105)<\/li>\n<li><strong>Tinkamumo naudoti laikas<\/strong> \u2013 5 metai nuo pagaminimo datos<\/li>\n<\/ul>\n<p>&nbsp;<\/p>\n<p><strong>20.32cm x 55.88cm &#8211; skirtas rank\u0173 nudegimams . <\/strong>\u0160is unikalus tvarstis turi special\u0173 dizain\u0105, kur\u012f galima apvynioti tarp pir\u0161t\u0173, kad nesulipt\u0173, ir visi\u0161kai apvynioja rank\u0105, kad atv\u0117st\u0173 ir apsaugot\u0173 nuo u\u017eter\u0161imo.<\/p>\n<ul>\n<li>Geliu suvilgyta, medicinin\u0117s klas\u0117s neaustin\u0117 med\u017eiaga<\/li>\n<li>Sterilus ir supakuotas \u012f folij\u0105 produktas<\/li>\n<li><strong>Vertinant tvars\u010dio dyd\u012f pagal viso k\u016bno pavir\u0161iaus plot\u0105:<\/strong> suaugusi\u0173j\u0173 atveju \u2013 3 proc., vaik\u0173 atveju \u2013 5 proc. (atsi\u017evelgiant \u012f numatyt\u0105 naudojim\u0105)<\/li>\n<li><strong>Tinkamumo naudoti laikas<\/strong> \u2013 5 metai nuo pagaminimo datos<\/li>\n<\/ul>\n","protected":false},"excerpt":{"rendered":"<p>&nbsp;<\/p>\n<p>Galimi<strong>\u00a0\u012fvairi\u0173 dyd\u017ei\u0173<\/strong><\/p>\n<p class=\"product_title entry-title\">\n","protected":false},"featured_media":19052,"template":"","meta":{"_acf_changed":false},"product_brand":[],"product_cat":[65,52,72,53,74],"product_tag":[],"class_list":{"0":"post-19198","1":"product","2":"type-product","3":"status-publish","4":"has-post-thumbnail","6":"product_cat-civiliai","7":"product_cat-industrijos","8":"product_cat-odos-nudegimai","9":"product_cat-pirmoji-pagalba","10":"product_cat-produktu-kategorijos","12":"first","13":"instock","14":"shipping-taxable","15":"product-type-simple"},"acf":[],"_links":{"self":[{"href":"https:\/\/artzena.eu\/lt\/wp-json\/wp\/v2\/product\/19198","targetHints":{"allow":["GET"]}}],"collection":[{"href":"https:\/\/artzena.eu\/lt\/wp-json\/wp\/v2\/product"}],"about":[{"href":"https:\/\/artzena.eu\/lt\/wp-json\/wp\/v2\/types\/product"}],"wp:featuredmedia":[{"embeddable":true,"href":"https:\/\/artzena.eu\/lt\/wp-json\/wp\/v2\/media\/19052"}],"wp:attachment":[{"href":"https:\/\/artzena.eu\/lt\/wp-json\/wp\/v2\/media?parent=19198"}],"wp:term":[{"taxonomy":"product_brand","embeddable":true,"href":"https:\/\/artzena.eu\/lt\/wp-json\/wp\/v2\/product_brand?post=19198"},{"taxonomy":"product_cat","embeddable":true,"href":"https:\/\/artzena.eu\/lt\/wp-json\/wp\/v2\/product_cat?post=19198"},{"taxonomy":"product_tag","embeddable":true,"href":"https:\/\/artzena.eu\/lt\/wp-json\/wp\/v2\/product_tag?post=19198"}],"curies":[{"name":"wp","href":"https:\/\/api.w.org\/{rel}","templated":true}]}}