{"id":19314,"date":"2022-11-29T21:13:44","date_gmt":"2022-11-29T21:13:44","guid":{"rendered":"https:\/\/artzena.eu\/product\/ripshears-rs-4-mini\/"},"modified":"2023-03-20T21:03:18","modified_gmt":"2023-03-20T21:03:18","slug":"ripshears-rs-4-mini","status":"publish","type":"product","link":"https:\/\/artzena.eu\/lt\/product\/ripshears-rs-4-mini\/","title":{"rendered":"\u017dirkl\u0117s &#8211; Taktin\u0117s ma\u017eos ,,RIPSHEARS RS-4 MINI&#8221;"},"content":{"rendered":"<p><strong>RIPSHEARS RS-4 MINI &#8211; <\/strong>tai auk\u0161tos kokyb\u0117s 420J chirurgini\u0173 ner\u016bdijan\u010dio plieno \u017eirkli\u0173, padengt\u0173 <strong>juoda titano anglies nitrido (TiCN) danga<\/strong>, u\u017etikrinan\u010dia i\u0161skirtin\u012f patvarum\u0105, atsparum\u0105 korozijai ir kra\u0161to i\u0161laikym\u0105, linija. <strong>TiCN yra a\u0161tuonis kartus tvirtesn\u0117<\/strong> u\u017e ner\u016bdijant\u012f plien\u0105 (padengta centrin\u0117 a\u0161is, kad padidint\u0173 produkto ilgaam\u017ei\u0161kum\u0105) ir yra daug kokybi\u0161kesn\u0117 u\u017e fluoro arba juodojo oksido dangas. Idealiai tinka tiems, kurie dirba <strong>mieste, j\u016broje ar kitoje at\u0161iaurioje aplinkoje<\/strong>.<\/p>\n<p>Puikiai tinka \u012f IFAK ir kitiems medicininiams rinkiniams, taip pat gelb\u0117tojams ir pirmosios pagalbos specialistams, kuriems reikia ma\u017eesn\u0117s, modernesn\u0117s \u012frangos. Nepaisant ma\u017eo dyd\u017eio, RS-4 Mini pranoks daugel\u012f didesni\u0173 traumini\u0173 \u017eirkli\u0173 gamintojus.<\/p>\n","protected":false},"excerpt":{"rendered":"<p>&nbsp;<\/p>\n<ul>\n<li>Pagaminta Amerikoje.<\/li>\n<li><strong>CE \u017eenklinimas<\/strong><\/li>\n<\/ul>\n","protected":false},"featured_media":18850,"template":"","meta":{"_acf_changed":false},"product_brand":[],"product_cat":[65,52,64,82,53,74],"product_tag":[],"class_list":{"0":"post-19314","1":"product","2":"type-product","3":"status-publish","4":"has-post-thumbnail","6":"product_cat-civiliai","7":"product_cat-industrijos","8":"product_cat-kariuomene","9":"product_cat-pagalbines-gydymo-priemones-lt","10":"product_cat-pirmoji-pagalba","11":"product_cat-produktu-kategorijos","13":"first","14":"instock","15":"shipping-taxable","16":"product-type-simple"},"acf":[],"_links":{"self":[{"href":"https:\/\/artzena.eu\/lt\/wp-json\/wp\/v2\/product\/19314","targetHints":{"allow":["GET"]}}],"collection":[{"href":"https:\/\/artzena.eu\/lt\/wp-json\/wp\/v2\/product"}],"about":[{"href":"https:\/\/artzena.eu\/lt\/wp-json\/wp\/v2\/types\/product"}],"wp:featuredmedia":[{"embeddable":true,"href":"https:\/\/artzena.eu\/lt\/wp-json\/wp\/v2\/media\/18850"}],"wp:attachment":[{"href":"https:\/\/artzena.eu\/lt\/wp-json\/wp\/v2\/media?parent=19314"}],"wp:term":[{"taxonomy":"product_brand","embeddable":true,"href":"https:\/\/artzena.eu\/lt\/wp-json\/wp\/v2\/product_brand?post=19314"},{"taxonomy":"product_cat","embeddable":true,"href":"https:\/\/artzena.eu\/lt\/wp-json\/wp\/v2\/product_cat?post=19314"},{"taxonomy":"product_tag","embeddable":true,"href":"https:\/\/artzena.eu\/lt\/wp-json\/wp\/v2\/product_tag?post=19314"}],"curies":[{"name":"wp","href":"https:\/\/api.w.org\/{rel}","templated":true}]}}