{"id":19316,"date":"2022-12-02T19:08:34","date_gmt":"2022-12-02T19:08:34","guid":{"rendered":"https:\/\/artzena.eu\/product\/blizzard-trauma-blanket-large-green\/"},"modified":"2023-04-07T15:15:01","modified_gmt":"2023-04-07T15:15:01","slug":"blizzard-trauma-blanket-large-green","status":"publish","type":"product","link":"https:\/\/artzena.eu\/lt\/product\/blizzard-trauma-blanket-large-green\/","title":{"rendered":"Antklod\u0117 \u201eBlizzard Trauma Blanket\u201c (L dyd\u017eio) &#8211; \u017dalia"},"content":{"rendered":"<p>Antklod\u0117 <strong>\u201eBlizzard Trauma Blanket\u201c<\/strong> suteikia TOG 7 lygio \u0161ilumos izoliacij\u0105 ir apsaugo traum\u0105 patyrus\u012f asmen\u012f nuo \u0161ilumos praradimo kraujavimo, nudegim\u0173, nepalankaus oro poveikio ar panirimo \u012f vanden\u012f atveju. Med\u017eiagos \u201eReflexcell\u00ae\u201c korin\u0117 konstrukcija sulaiko \u0161ilt\u0105 or\u0105, o metalizuotas pavir\u0161ius j\u0105 nukreipia atgal \u012f pacient\u0105, tuo metu u\u017ever\u017eimo virvel\u0117 neleid\u017eia \u0161ilumai i\u0161eiti. Antklod\u0117s \u201eBlizzard Trauma Blanket\u201c <strong>yra naudojamos JAV karin\u0117se paj\u0117gose<\/strong>. Kompakti\u0161ka pakuot\u0117 \u2013 antklod\u0117 patogiai tilps j\u016bs\u0173 kuprin\u0117je arba IFAK.<\/p>\n<h3><\/h3>\n<ul>\n<li>3 sluoksni\u0173 antklod\u0117<\/li>\n<li><strong>Reflexcell<sup>\u00ae<\/sup><\/strong> med\u017eiaga<\/li>\n<li><strong>\u0160iluma: 7,5 TOG<\/strong> \u2013 prilygsta vidutinio svorio \u012fprastam miegmai\u0161iui<\/li>\n<li>Pri\u0117jimas i\u0161 priekio<\/li>\n<li>Dvipusio u\u017esegimo juosta<\/li>\n<li><strong>Naudojamas pakartotinai:<\/strong> antklod\u0119 galima naudoti ne vien\u0105 kart\u0105<\/li>\n<li><strong>Spalva: \u017dalia<\/strong><\/li>\n<li>Vakuuminis pakavimas<\/li>\n<li>Pagaminta <strong>Jungtin\u0117je Karalyst\u0117je<\/strong><\/li>\n<\/ul>\n","protected":false},"excerpt":{"rendered":"<p>&nbsp;<\/p>\n<ul>\n<li>Spalva:<strong>\u00a0\u017ealia<\/strong><\/li>\n<li>Pagaminta: <strong>Jungtin\u0117je Karalyst\u0117je<\/strong><\/li>\n<\/ul>\n","protected":false},"featured_media":20845,"template":"","meta":{"_acf_changed":false},"product_brand":[],"product_cat":[65,68,52,64,53,74],"product_tag":[],"class_list":{"0":"post-19316","1":"product","2":"type-product","3":"status-publish","4":"has-post-thumbnail","6":"product_cat-civiliai","7":"product_cat-hipotermija","8":"product_cat-industrijos","9":"product_cat-kariuomene","10":"product_cat-pirmoji-pagalba","11":"product_cat-produktu-kategorijos","13":"first","14":"instock","15":"shipping-taxable","16":"product-type-simple"},"acf":[],"_links":{"self":[{"href":"https:\/\/artzena.eu\/lt\/wp-json\/wp\/v2\/product\/19316","targetHints":{"allow":["GET"]}}],"collection":[{"href":"https:\/\/artzena.eu\/lt\/wp-json\/wp\/v2\/product"}],"about":[{"href":"https:\/\/artzena.eu\/lt\/wp-json\/wp\/v2\/types\/product"}],"wp:featuredmedia":[{"embeddable":true,"href":"https:\/\/artzena.eu\/lt\/wp-json\/wp\/v2\/media\/20845"}],"wp:attachment":[{"href":"https:\/\/artzena.eu\/lt\/wp-json\/wp\/v2\/media?parent=19316"}],"wp:term":[{"taxonomy":"product_brand","embeddable":true,"href":"https:\/\/artzena.eu\/lt\/wp-json\/wp\/v2\/product_brand?post=19316"},{"taxonomy":"product_cat","embeddable":true,"href":"https:\/\/artzena.eu\/lt\/wp-json\/wp\/v2\/product_cat?post=19316"},{"taxonomy":"product_tag","embeddable":true,"href":"https:\/\/artzena.eu\/lt\/wp-json\/wp\/v2\/product_tag?post=19316"}],"curies":[{"name":"wp","href":"https:\/\/api.w.org\/{rel}","templated":true}]}}