{"id":19325,"date":"2022-12-02T19:15:34","date_gmt":"2022-12-02T19:15:34","guid":{"rendered":"https:\/\/artzena.eu\/product\/blizzard-ems-trauma-blanket-orange\/"},"modified":"2023-04-07T15:55:08","modified_gmt":"2023-04-07T15:55:08","slug":"blizzard-ems-trauma-blanket-orange","status":"publish","type":"product","link":"https:\/\/artzena.eu\/lt\/product\/blizzard-ems-trauma-blanket-orange\/","title":{"rendered":"Antklod\u0117 ,,Blizzard EMS Trauma&#8221; (Oran\u017ein\u0117)"},"content":{"rendered":"<p class=\"callout\"><strong>Antklod\u0117 ,,Blizzard EMS Trauma Blanket&#8221;<\/strong> suteikia TOG 5 lygio \u0161ilumos izoliacij\u0105 ir apsaugo traum\u0105 patyrus\u012f asmen\u012f nuo \u0161ilumos praradimo kraujavimo, nudegim\u0173, nepalankaus oro poveikio ar panirimo \u012f vanden\u012f atveju. <strong>2 sluoksni\u0173 antklod\u0117 <\/strong>pagaminta i\u0161 Reflexcell<sup>\u00ae<\/sup> med\u017eiagos. Sukurta tik <strong>pirmosios pagalbos tarnyboms<\/strong> ir pla\u010diai naudojamos visame pasaulyje.<\/p>\n<h4>SPECIFIKACIJOS:<\/h4>\n<ul>\n<li><strong>2 sluoksni\u0173 antklod\u0117<\/strong><\/li>\n<li><strong>Reflexcell<sup>\u00ae<\/sup><\/strong> med\u017eiaga<\/li>\n<li><b>Dvipus\u0117 u\u017esegimo juosta<\/b><\/li>\n<li><strong>\u0160iluma: 5 TOG<\/strong><\/li>\n<li><b>Lengvas<\/b><\/li>\n<li>Spalva: Oran\u017ein\u0117<\/li>\n<li><strong>Plok\u0161\u010dias vakuuminis \u012fpakavimas\u00a0<\/strong><\/li>\n<li>Dydis (Vakuuminis pakavimas): 13cm x 11cm x 5 cm<\/li>\n<li>Dydis (i\u0161pakuotas): \u00a02.3m x 1.96m<\/li>\n<\/ul>\n","protected":false},"excerpt":{"rendered":"<p>&nbsp;<\/p>\n<p><a href=\"http:\/\/artzena.eu\/wp-content\/uploads\/2022\/12\/BPS2-10FP-Product-Sheet_rev.2_compressed.pdf\">Atsisi\u0173sti produkto specifikacijas<\/a><\/p>\n","protected":false},"featured_media":18872,"template":"","meta":{"_acf_changed":false},"product_brand":[],"product_cat":[68,52,53,74],"product_tag":[],"class_list":{"0":"post-19325","1":"product","2":"type-product","3":"status-publish","4":"has-post-thumbnail","6":"product_cat-hipotermija","7":"product_cat-industrijos","8":"product_cat-pirmoji-pagalba","9":"product_cat-produktu-kategorijos","11":"first","12":"instock","13":"shipping-taxable","14":"product-type-simple"},"acf":[],"_links":{"self":[{"href":"https:\/\/artzena.eu\/lt\/wp-json\/wp\/v2\/product\/19325","targetHints":{"allow":["GET"]}}],"collection":[{"href":"https:\/\/artzena.eu\/lt\/wp-json\/wp\/v2\/product"}],"about":[{"href":"https:\/\/artzena.eu\/lt\/wp-json\/wp\/v2\/types\/product"}],"wp:featuredmedia":[{"embeddable":true,"href":"https:\/\/artzena.eu\/lt\/wp-json\/wp\/v2\/media\/18872"}],"wp:attachment":[{"href":"https:\/\/artzena.eu\/lt\/wp-json\/wp\/v2\/media?parent=19325"}],"wp:term":[{"taxonomy":"product_brand","embeddable":true,"href":"https:\/\/artzena.eu\/lt\/wp-json\/wp\/v2\/product_brand?post=19325"},{"taxonomy":"product_cat","embeddable":true,"href":"https:\/\/artzena.eu\/lt\/wp-json\/wp\/v2\/product_cat?post=19325"},{"taxonomy":"product_tag","embeddable":true,"href":"https:\/\/artzena.eu\/lt\/wp-json\/wp\/v2\/product_tag?post=19325"}],"curies":[{"name":"wp","href":"https:\/\/api.w.org\/{rel}","templated":true}]}}