{"id":19507,"date":"2023-05-13T12:34:49","date_gmt":"2023-05-13T12:34:49","guid":{"rendered":"https:\/\/artzena.eu\/product\/small-ifak-gen-2\/"},"modified":"2023-05-13T13:27:55","modified_gmt":"2023-05-13T13:27:55","slug":"small-ifak-gen-2","status":"publish","type":"product","link":"https:\/\/artzena.eu\/lt\/product\/small-ifak-gen-2\/","title":{"rendered":"Individualus pirmosios pagalbos d\u0117klas &#8211; IFAK (tu\u0161\u010dias)"},"content":{"rendered":"","protected":false},"excerpt":{"rendered":"<p>&nbsp;<\/p>\n<p><strong>Pagaminta Lenkijoje<\/strong><\/p>\n","protected":false},"featured_media":19490,"template":"","meta":{"_acf_changed":false},"product_brand":[],"product_cat":[65,69,64,53],"product_tag":[],"class_list":{"0":"post-19507","1":"product","2":"type-product","3":"status-publish","4":"has-post-thumbnail","6":"product_cat-civiliai","7":"product_cat-pirmosios-pagalbos-rinkiniai","8":"product_cat-kariuomene","9":"product_cat-pirmoji-pagalba","11":"first","12":"instock","13":"shipping-taxable","14":"purchasable","15":"product-type-simple"},"acf":[],"_links":{"self":[{"href":"https:\/\/artzena.eu\/lt\/wp-json\/wp\/v2\/product\/19507","targetHints":{"allow":["GET"]}}],"collection":[{"href":"https:\/\/artzena.eu\/lt\/wp-json\/wp\/v2\/product"}],"about":[{"href":"https:\/\/artzena.eu\/lt\/wp-json\/wp\/v2\/types\/product"}],"wp:featuredmedia":[{"embeddable":true,"href":"https:\/\/artzena.eu\/lt\/wp-json\/wp\/v2\/media\/19490"}],"wp:attachment":[{"href":"https:\/\/artzena.eu\/lt\/wp-json\/wp\/v2\/media?parent=19507"}],"wp:term":[{"taxonomy":"product_brand","embeddable":true,"href":"https:\/\/artzena.eu\/lt\/wp-json\/wp\/v2\/product_brand?post=19507"},{"taxonomy":"product_cat","embeddable":true,"href":"https:\/\/artzena.eu\/lt\/wp-json\/wp\/v2\/product_cat?post=19507"},{"taxonomy":"product_tag","embeddable":true,"href":"https:\/\/artzena.eu\/lt\/wp-json\/wp\/v2\/product_tag?post=19507"}],"curies":[{"name":"wp","href":"https:\/\/api.w.org\/{rel}","templated":true}]}}