{"id":19511,"date":"2023-05-13T12:31:16","date_gmt":"2023-05-13T12:31:16","guid":{"rendered":"https:\/\/artzena.eu\/product\/small-trauma-pack\/"},"modified":"2023-05-13T13:27:32","modified_gmt":"2023-05-13T13:27:32","slug":"small-trauma-pack","status":"publish","type":"product","link":"https:\/\/artzena.eu\/lt\/product\/small-trauma-pack\/","title":{"rendered":"Pirmosios Pagalbos Medicinin\u0117s Traumos Kuprin\u0117 (tu\u0161\u010dia)"},"content":{"rendered":"","protected":false},"excerpt":{"rendered":"<p>&nbsp;<\/p>\n<p><strong>Made in Poland<\/strong><\/p>\n","protected":false},"featured_media":19456,"template":"","meta":{"_acf_changed":false},"product_brand":[],"product_cat":[65,69,52,64,53],"product_tag":[],"class_list":{"0":"post-19511","1":"product","2":"type-product","3":"status-publish","4":"has-post-thumbnail","6":"product_cat-civiliai","7":"product_cat-pirmosios-pagalbos-rinkiniai","8":"product_cat-industrijos","9":"product_cat-kariuomene","10":"product_cat-pirmoji-pagalba","12":"first","13":"instock","14":"shipping-taxable","15":"purchasable","16":"product-type-simple"},"acf":[],"_links":{"self":[{"href":"https:\/\/artzena.eu\/lt\/wp-json\/wp\/v2\/product\/19511","targetHints":{"allow":["GET"]}}],"collection":[{"href":"https:\/\/artzena.eu\/lt\/wp-json\/wp\/v2\/product"}],"about":[{"href":"https:\/\/artzena.eu\/lt\/wp-json\/wp\/v2\/types\/product"}],"wp:featuredmedia":[{"embeddable":true,"href":"https:\/\/artzena.eu\/lt\/wp-json\/wp\/v2\/media\/19456"}],"wp:attachment":[{"href":"https:\/\/artzena.eu\/lt\/wp-json\/wp\/v2\/media?parent=19511"}],"wp:term":[{"taxonomy":"product_brand","embeddable":true,"href":"https:\/\/artzena.eu\/lt\/wp-json\/wp\/v2\/product_brand?post=19511"},{"taxonomy":"product_cat","embeddable":true,"href":"https:\/\/artzena.eu\/lt\/wp-json\/wp\/v2\/product_cat?post=19511"},{"taxonomy":"product_tag","embeddable":true,"href":"https:\/\/artzena.eu\/lt\/wp-json\/wp\/v2\/product_tag?post=19511"}],"curies":[{"name":"wp","href":"https:\/\/api.w.org\/{rel}","templated":true}]}}