{"id":19531,"date":"2023-04-12T14:00:19","date_gmt":"2023-04-12T14:00:19","guid":{"rendered":"https:\/\/artzena.eu\/product\/hvent-laminar-vented-chest-dressing\/"},"modified":"2023-07-12T18:44:12","modified_gmt":"2023-07-12T18:44:12","slug":"hvent-laminar-vented-chest-dressing","status":"publish","type":"product","link":"https:\/\/artzena.eu\/lt\/product\/hvent-laminar-vented-chest-dressing\/","title":{"rendered":"Okliuzinis kr\u016btin\u0117s \u017eaizd\u0173 tvarstis H*VENT"},"content":{"rendered":"<p style=\"font-weight: 400;\">Kaip ir pasaulin\u0117s klas\u0117s kr\u016btin\u0117s \u017eaizd\u0173 tvars\u010dio \u201eBolin Chest Seal\u201c, patentuota H*VENT kr\u016btin\u0117s \u017eaizd\u0173 tvars\u010dio konstrukcija suma\u017eina spaudim\u0105 atviroje kr\u016btin\u0117s \u017eaizdoje, sukelt\u0105 kr\u016btin\u0117s ertm\u0117je susikaupusio oro (pneumotorakso) arba organizmo skys\u010di\u0173 (hemotorakso).<\/p>\n<p style=\"font-weight: 400;\">\n<p style=\"font-weight: 400;\">Pagrindin\u0117 kr\u016btin\u0117s \u017eaizd\u0173 tvars\u010dio \u201eH*VENT Laminar Vented Chest Dressing\u201d ypatyb\u0117 yra ta, kad tai yra\u00a0<b><strong>unikalus daugiakryptis ventiliuojamas tvarstis<\/strong><\/b>. \u0160i konstrukcija leid\u017eia skys\u010diams \u201enutek\u0117ti veikiant gravitacijos j\u0117gai\u201c. Tai svarbu, kadangi tokiu atveju nukent\u0117jusysis gali b\u016bti gabenamas paguldytas ant \u0161ono.<\/p>\n<p style=\"font-weight: 400;\">Tvars\u010dio konstrukcija padeda i\u0161vengti okliuzijos. Konstrukcija suteikia apsaugin\u0119, saugi\u0105 sistem\u0105 su\u00a0<b><strong>6 angomis orui i\u0161eiti<\/strong><\/b>. Net jei 5 j\u0173 u\u017esikim\u0161t\u0173, ventiliacijos nebus nutraukta.<\/p>\n<p style=\"font-weight: 400;\">Unikali kupolo membranos konstrukcija u\u017etikrina visi\u0161k\u0105 sandarum\u0105 plote aplink \u017eaizd\u0105 ir suma\u017eina oro ar skys\u010di\u0173 alternatyvi\u0173 jud\u0117jimo tak\u0173 atsiradimo rizik\u0105.<\/p>\n<p style=\"font-weight: 400;\"><b><strong>Didel\u0117 permatoma<\/strong><\/b>\u00a0kr\u016btin\u0117s \u017eaizd\u0173 tvars\u010dio \u201eH*VENT Laminar Vented Chest Dressing\u201d centrin\u0117 dalis leid\u017eia vizualiai steb\u0117ti \u017eaizd\u0105. Centrin\u0117s dalies kupolo formos konstrukcija leid\u017eia nedelsiant pasteb\u0117ti, ar oras ar skystis i\u0161teka i\u0161 kr\u016btin\u0117s ertm\u0117s (kupolas pakyla), ar ne (tvarstis prisispaud\u017eia prie \u017eaizdos vykstant \u012fsiurbimui).<\/p>\n<p style=\"font-weight: 400;\">Atliekant bandymus \u012frodyta, kad \u012fkv\u0117pimo metu tvars\u010dio sandarumas i\u0161lieka, palaikydamas tvar\u0173 neigiam\u0105 sl\u0117g\u012f (\u017eemesn\u012f u\u017e aplinkos sl\u0117g\u012f) pleuros ertm\u0117je.<\/p>\n<p style=\"font-weight: 400;\">Kr\u016btin\u0117s \u017eaizd\u0173 tvars\u010diai \u201eH*VENT Laminar Vented Chest Dressing\u201d\u00a0<b><strong>parduodami po vien\u0105 arba dviguboje pakuot\u0117je<\/strong><\/b>\u00a0su dviem atskirai supakuotais, ta\u010diau sujungtais tvars\u010diais, kad b\u016bt\u0173 lengviau i\u0161traukti ir naudoti. Abiej\u0173 versij\u0173 tinkamumo\u00a0<b><strong>naudoti trukm\u0117 yra 5 metai.<\/strong><\/b><\/p>\n<ul style=\"font-weight: 400;\">\n<li>NSN: 6510-01-671-7225<\/li>\n<li>Pakuot\u0117s dydis: 19cm x 11cm x 0.60cm<\/li>\n<li>Svoris: 39g<\/li>\n<\/ul>\n","protected":false},"excerpt":{"rendered":"<p>&nbsp;<\/p>\n<p><strong>Pagaminta Amerikoje<\/strong><\/p>\n","protected":false},"featured_media":19329,"template":"","meta":{"_acf_changed":false},"product_brand":[],"product_cat":[65,64,71,53],"product_tag":[],"class_list":{"0":"post-19531","1":"product","2":"type-product","3":"status-publish","4":"has-post-thumbnail","6":"product_cat-civiliai","7":"product_cat-kariuomene","8":"product_cat-kvepavimas","9":"product_cat-pirmoji-pagalba","11":"first","12":"instock","13":"shipping-taxable","14":"product-type-simple"},"acf":[],"_links":{"self":[{"href":"https:\/\/artzena.eu\/lt\/wp-json\/wp\/v2\/product\/19531","targetHints":{"allow":["GET"]}}],"collection":[{"href":"https:\/\/artzena.eu\/lt\/wp-json\/wp\/v2\/product"}],"about":[{"href":"https:\/\/artzena.eu\/lt\/wp-json\/wp\/v2\/types\/product"}],"wp:featuredmedia":[{"embeddable":true,"href":"https:\/\/artzena.eu\/lt\/wp-json\/wp\/v2\/media\/19329"}],"wp:attachment":[{"href":"https:\/\/artzena.eu\/lt\/wp-json\/wp\/v2\/media?parent=19531"}],"wp:term":[{"taxonomy":"product_brand","embeddable":true,"href":"https:\/\/artzena.eu\/lt\/wp-json\/wp\/v2\/product_brand?post=19531"},{"taxonomy":"product_cat","embeddable":true,"href":"https:\/\/artzena.eu\/lt\/wp-json\/wp\/v2\/product_cat?post=19531"},{"taxonomy":"product_tag","embeddable":true,"href":"https:\/\/artzena.eu\/lt\/wp-json\/wp\/v2\/product_tag?post=19531"}],"curies":[{"name":"wp","href":"https:\/\/api.w.org\/{rel}","templated":true}]}}