{"id":19533,"date":"2023-06-02T09:50:03","date_gmt":"2023-06-02T09:50:03","guid":{"rendered":"https:\/\/artzena.eu\/product\/hh-compressed-gauze\/"},"modified":"2023-11-24T16:31:01","modified_gmt":"2023-11-24T16:31:01","slug":"hh-compressed-gauze","status":"publish","type":"product","link":"https:\/\/artzena.eu\/lt\/product\/hh-compressed-gauze\/","title":{"rendered":"H&#038;H Tvarstis tamponavimui be hemostatin\u0117s med\u017eiagos"},"content":{"rendered":"<p><strong>Populiarioji H&amp;H spaud\u017eiamojo tvars\u010dio versija, pa\u017eym\u0117ta m\u0117lyna etikete.<\/strong> Pagamintas i\u0161 tos pa\u010dios auk\u0161tos kokyb\u0117s medviln\u0117s, kaip ir visame pasaulyje gerai \u017einomas tamponavimo tvarstis be hemostatin\u0117s med\u017eiagos \u201eH&amp;H PriMed Compressed Gauze\u201d, \u0161is m\u0117lyna etikete pa\u017eym\u0117tas civiliniam naudojimui skirtas tvarstis sukurtas taip, kad u\u017etikrint\u0173 maksimal\u0173 kraujo sug\u0117rim\u0105 ir stabilum\u0105. \u012e patvarias vakuumines pakuotes supakuotus tvars\u010dius lengva \u012ftraukti ir \u012f individualias pirmosios pagalbos vaistin\u0117les, ir \u012f medik\u0173 vaistin\u0117les. Tvars\u010dio marl\u0119 galima i\u0161skleisti, kad ji padengt\u0173 didelius \u017eaizd\u0173 plotus. I\u0161skleisto produkto matmenys yra 11 cm x 357 cm (i\u0161tempto produkto), o nei\u0161skleistas tvarstis yra sterilus ir paruo\u0161tas naudoti bei atitinka USP VII tipo tvars\u010diams keliamus reikalavimus.<\/p>\n<p><strong>Produkto specifikacija:<\/strong><\/p>\n<ul>\n<li>11 cm x 375 cm sterili, 6 sluoksni\u0173 auk\u0161\u010diausios kokyb\u0117s medvilnin\u0117 marl\u0117;<\/li>\n<li>Nedidelio dyd\u017eio, kvadratin\u0117s formos, supakuotas \u012f patvari\u0105, sandari\u0105 vakuumin\u0119 pakuot\u0119 su \u012fpjovomis, kad b\u016bt\u0173 lengva atidaryti.<\/li>\n<li>CE \u017eenklinimas<\/li>\n<li>Galiojimas: 5 metai<\/li>\n<li><strong>NSN: 6510-01-503-2117<\/strong><\/li>\n<\/ul>\n","protected":false},"excerpt":{"rendered":"<p>&nbsp;<\/p>\n<p><strong>Galiojimas: 5 metai<\/strong><\/p>\n<p><strong>CE \u017eenklinimas<\/strong><\/p>\n","protected":false},"featured_media":19518,"template":"","meta":{"_acf_changed":false},"product_brand":[],"product_cat":[65,64,53,66],"product_tag":[],"class_list":{"0":"post-19533","1":"product","2":"type-product","3":"status-publish","4":"has-post-thumbnail","6":"product_cat-civiliai","7":"product_cat-kariuomene","8":"product_cat-pirmoji-pagalba","9":"product_cat-turniketai","11":"first","12":"instock","13":"shipping-taxable","14":"product-type-simple"},"acf":[],"_links":{"self":[{"href":"https:\/\/artzena.eu\/lt\/wp-json\/wp\/v2\/product\/19533","targetHints":{"allow":["GET"]}}],"collection":[{"href":"https:\/\/artzena.eu\/lt\/wp-json\/wp\/v2\/product"}],"about":[{"href":"https:\/\/artzena.eu\/lt\/wp-json\/wp\/v2\/types\/product"}],"wp:featuredmedia":[{"embeddable":true,"href":"https:\/\/artzena.eu\/lt\/wp-json\/wp\/v2\/media\/19518"}],"wp:attachment":[{"href":"https:\/\/artzena.eu\/lt\/wp-json\/wp\/v2\/media?parent=19533"}],"wp:term":[{"taxonomy":"product_brand","embeddable":true,"href":"https:\/\/artzena.eu\/lt\/wp-json\/wp\/v2\/product_brand?post=19533"},{"taxonomy":"product_cat","embeddable":true,"href":"https:\/\/artzena.eu\/lt\/wp-json\/wp\/v2\/product_cat?post=19533"},{"taxonomy":"product_tag","embeddable":true,"href":"https:\/\/artzena.eu\/lt\/wp-json\/wp\/v2\/product_tag?post=19533"}],"curies":[{"name":"wp","href":"https:\/\/api.w.org\/{rel}","templated":true}]}}