{"id":19537,"date":"2023-04-29T19:56:17","date_gmt":"2023-04-29T19:56:17","guid":{"rendered":"https:\/\/artzena.eu\/product\/tytek-pneumodart-needle\/"},"modified":"2025-03-17T09:05:06","modified_gmt":"2025-03-17T09:05:06","slug":"tytek-pneumodart-needle","status":"publish","type":"product","link":"https:\/\/artzena.eu\/lt\/product\/tytek-pneumodart-needle\/","title":{"rendered":"Dekompresin\u0117 adata \u201eTyTek PneumoDart Needle\u201c"},"content":{"rendered":"<p style=\"font-weight: 400;\">Daugiau nei dvejus metus \u201eH&amp;H Medical\u201c tobulino adatin\u0117s dekompresijos atlikimo metod\u0105. \u0160i\u0173 pastang\u0173 rezultatas \u2013 kartu su \u201eTyTek Medical\u201c sukurta dekompresin\u0117 adata\u00a0<b><strong>\u201ePneumoDart\u201c<\/strong><\/b>. Patentuotos konstrukcijos pagrindu sukurta \u201ePneumoDart\u201c susideda i\u0161 tu\u0161\u010diavidurio stileto formos korpuso u\u017edarais galais su spyruokliniu saugos antgaliu ir 14G dyd\u017eio vidinio skersmens kateterio, kurio ilgis \u2013 8,6 cm.<\/p>\n<p style=\"font-weight: 400;\">Adatos korpuse yra spalvotas indikatorius, rodantis apsauginio antgalio jud\u0117jim\u0105. \u201ePneumoDart\u201c yra sukurta taip, kad i\u0161likt\u0173 vietoje. Dangtelis taip pat veikia kaip \u201eLuer\u201c tipo jungtis, leid\u017eianti greitai pa\u0161alinti or\u0105 naudojant rankin\u012f siurbimo \u012ftais\u0105 (pvz., \u0161virk\u0161t\u0105) arba i\u0161valyti skys\u010dius i\u0161 adatos (nerekomenduojama naudoti hemotorakso atveju).<\/p>\n<p style=\"font-weight: 400;\">\u201ePneumoDart\u201c \u2013 tai patikimas sprendimas pneumotorakso gydymui. \u0160i sukurta adata yra\u00a08,23 cm (3,25 colio) ilgio, o tai yra optimalus ilgis, rekomenduojamas JAV Gynybos departamento parengtose taktin\u0117s medicinos gair\u0117se \u201eTactical Combat Casualty Care\u201c (TCCC). Pastarosios gair\u0117s \u012fkv\u0117p\u0117 sukurti \u201ePneumoDart\u201c, o produkto testavimo ir vertinimo etapuose glaud\u017eiai bendradarbiavome su JAV Gynybos departamentu. \u201eTyTek Medical\u201c naujov\u0117s yra skirtos s\u0117kmingai suma\u017einti spaudim\u0105 kr\u016btin\u0117s srityje traum\u0173 ir su\u017eeidim\u0173 atveju, kai atlikti dekompresij\u0105 naudojant tradicines dekompresines adatas gali b\u016bti sud\u0117tinga. Produktas yra efektyvus, saugus bei pasi\u017eymi svarbiomis ypatyb\u0117mis.<\/p>\n<p style=\"font-weight: 400;\"><b><strong>Produkto informacija:<\/strong><\/b><\/p>\n<ul style=\"font-weight: 400;\">\n<li>14G dyd\u017eio, 8,23 cm (3,25 colio) ilgio;<\/li>\n<li>\u201eVeress\u201c tipo saugos antgalis suma\u017eina vidini\u0173 organ\u0173 prad\u016brimo rizik\u0105 \u012fstatant adat\u0105;<\/li>\n<li>permatoma dangtelio galvut\u0117, skirta steb\u0117ti i\u0161 kr\u016btin\u0117s i\u0161einant\u012f or\u0105 ar krauj\u0105;<\/li>\n<li>\u201eLuer\u201c jungtis tipo dangtelis leid\u017eia veiksmingai i\u0161traukti arba pa\u0161alinti or\u0105 ar krauj\u0105 i\u0161 kr\u016btin\u0117s.<\/li>\n<li>NSN 6515-01-655-9514 ir CE \u017eenklinimas;<\/li>\n<li>Galiojimo laikas: 7 metai<\/li>\n<\/ul>\n<p>&nbsp;<\/p>\n<p><iframe title=\"PneumoDart explained\" width=\"525\" height=\"295\" src=\"https:\/\/www.youtube.com\/embed\/yE3c9P4aoC4?feature=oembed\" frameborder=\"0\" allow=\"accelerometer; autoplay; clipboard-write; encrypted-media; gyroscope; picture-in-picture; web-share\" referrerpolicy=\"strict-origin-when-cross-origin\" allowfullscreen><\/iframe><\/p>\n<p><iframe title=\"Which NEEDLE for chest decompression 2024 [4K]\" width=\"525\" height=\"295\" src=\"https:\/\/www.youtube.com\/embed\/zPa3jh-bWso?feature=oembed\" frameborder=\"0\" allow=\"accelerometer; autoplay; clipboard-write; encrypted-media; gyroscope; picture-in-picture; web-share\" referrerpolicy=\"strict-origin-when-cross-origin\" allowfullscreen><\/iframe><\/p>\n","protected":false},"excerpt":{"rendered":"<p><strong>CoTCCC rekomenduojamas<\/strong><\/p>\n<p>&nbsp;<\/p>\n<p><strong>CE \u017eenklinimas<\/strong><\/p>\n<p>&nbsp;<\/p>\n<p><strong>Pagamintas Amerikoje<\/strong><\/p>\n","protected":false},"featured_media":19420,"template":"","meta":{"_acf_changed":false},"product_brand":[],"product_cat":[64,71,53],"product_tag":[],"class_list":{"0":"post-19537","1":"product","2":"type-product","3":"status-publish","4":"has-post-thumbnail","6":"product_cat-kariuomene","7":"product_cat-kvepavimas","8":"product_cat-pirmoji-pagalba","10":"first","11":"instock","12":"shipping-taxable","13":"product-type-simple"},"acf":[],"_links":{"self":[{"href":"https:\/\/artzena.eu\/lt\/wp-json\/wp\/v2\/product\/19537","targetHints":{"allow":["GET"]}}],"collection":[{"href":"https:\/\/artzena.eu\/lt\/wp-json\/wp\/v2\/product"}],"about":[{"href":"https:\/\/artzena.eu\/lt\/wp-json\/wp\/v2\/types\/product"}],"wp:featuredmedia":[{"embeddable":true,"href":"https:\/\/artzena.eu\/lt\/wp-json\/wp\/v2\/media\/19420"}],"wp:attachment":[{"href":"https:\/\/artzena.eu\/lt\/wp-json\/wp\/v2\/media?parent=19537"}],"wp:term":[{"taxonomy":"product_brand","embeddable":true,"href":"https:\/\/artzena.eu\/lt\/wp-json\/wp\/v2\/product_brand?post=19537"},{"taxonomy":"product_cat","embeddable":true,"href":"https:\/\/artzena.eu\/lt\/wp-json\/wp\/v2\/product_cat?post=19537"},{"taxonomy":"product_tag","embeddable":true,"href":"https:\/\/artzena.eu\/lt\/wp-json\/wp\/v2\/product_tag?post=19537"}],"curies":[{"name":"wp","href":"https:\/\/api.w.org\/{rel}","templated":true}]}}