{"id":19539,"date":"2023-04-29T19:38:33","date_gmt":"2023-04-29T19:38:33","guid":{"rendered":"https:\/\/artzena.eu\/product\/tpak-chest-decompression-needle\/"},"modified":"2023-07-12T18:55:05","modified_gmt":"2023-07-12T18:55:05","slug":"tpak-chest-decompression-needle","status":"publish","type":"product","link":"https:\/\/artzena.eu\/lt\/product\/tpak-chest-decompression-needle\/","title":{"rendered":"Dekompresin\u0117 adata TPAK 14G"},"content":{"rendered":"<p style=\"font-weight: 400;\"><b><strong>\u201eTyTek Medical\u201c 14G dyd\u017eio<\/strong><\/b>\u00a0dekompresin\u0117s adatos TPAK yra rekomenduojamo 8,23 cm (3,25 colio) ilgio, kad b\u016bt\u0173 galima gydyti pneumotoraks\u0105.\u00a0Standartin\u0117 IV kateterio adata negali pasiekti pakankamo gylio kr\u016btin\u0117s l\u0105stoje atliekant adatin\u0119 torakotomij\u0105.\u00a0\u201eTyTek Medical\u201c 14G dyd\u017eio TPAK dekompresin\u0117s adatos \u2013 tai kompakti\u0161kas ir patikimas sprendimas gydant pneumotoraks\u0105.\u00a0Atsparus sm\u016bgiams d\u0117klas u\u017etikrina, kad adata \/ kateteriai i\u0161liks saug\u016bs juos naudojant, o indikacin\u0117 kamera i\u0161kart patvirtins adatos \u012fstatym\u0105 atliekant adatin\u0119 torakotomij\u0105 iki pristatant pacient\u0105 \u012f ligonin\u0119.\u00a0TPAK adatos pateikiamos tvirtuose d\u0117kliukuose kuriuos lengva ir greita atidaryti kai to labiausiai reikia.<\/p>\n<p style=\"font-weight: 400;\"><b><strong>Produkto informacija:<\/strong><\/b><\/p>\n<ul style=\"font-weight: 400;\">\n<li>14G dyd\u017eio, 8,23 cm (3,25 colio) ilgio dekompresin\u0117 adata;<\/li>\n<li>Patvari, patikima pneumotorakso gydymui skirta adata leid\u017eia saugiai \u012fstatyti kateter\u012f ir palengvinti paciento b\u016bkl\u0119 adatin\u0117s torakotomijos metu;<\/li>\n<li>Tvirtas vamzdelis su tekst\u016bruotu, lengvai atidaromu dangteliu;<\/li>\n<li>Indikacin\u0117 kamera, i\u0161kart patvirtinanti adatos \u012fstatym\u0105;<\/li>\n<li>Patogus, kompakti\u0161kas dydis patogiam laikymui;<\/li>\n<li>Atsparus sm\u016bgiams, tikslaus dyd\u017eio d\u0117klas ir adatos \u012fvor\u0117 u\u017etikrina, kad adata ir kateteris bus saugiai naudojami kr\u016btin\u0117s l\u0105stos dekompresijos metu.<\/li>\n<\/ul>\n<p>&nbsp;<\/p>\n<p><iframe title=\"Chest Decompression Needle from TyTek Industries\" width=\"525\" height=\"295\" src=\"https:\/\/www.youtube.com\/embed\/_6JXe31D94U?feature=oembed\" frameborder=\"0\" allow=\"accelerometer; autoplay; clipboard-write; encrypted-media; gyroscope; picture-in-picture; web-share\" referrerpolicy=\"strict-origin-when-cross-origin\" allowfullscreen><\/iframe><\/p>\n","protected":false},"excerpt":{"rendered":"<p><strong>CoTCCC rekomenduojamas<\/strong><\/p>\n<p>&nbsp;<\/p>\n<p><strong>CE \u017eenklinimas<\/strong><\/p>\n<p>&nbsp;<\/p>\n<p><strong>Pagamintas Amerikoje<\/strong><\/p>\n","protected":false},"featured_media":19411,"template":"","meta":{"_acf_changed":false},"product_brand":[],"product_cat":[65,64,71,53],"product_tag":[],"class_list":{"0":"post-19539","1":"product","2":"type-product","3":"status-publish","4":"has-post-thumbnail","6":"product_cat-civiliai","7":"product_cat-kariuomene","8":"product_cat-kvepavimas","9":"product_cat-pirmoji-pagalba","11":"first","12":"instock","13":"shipping-taxable","14":"product-type-simple"},"acf":[],"_links":{"self":[{"href":"https:\/\/artzena.eu\/lt\/wp-json\/wp\/v2\/product\/19539","targetHints":{"allow":["GET"]}}],"collection":[{"href":"https:\/\/artzena.eu\/lt\/wp-json\/wp\/v2\/product"}],"about":[{"href":"https:\/\/artzena.eu\/lt\/wp-json\/wp\/v2\/types\/product"}],"wp:featuredmedia":[{"embeddable":true,"href":"https:\/\/artzena.eu\/lt\/wp-json\/wp\/v2\/media\/19411"}],"wp:attachment":[{"href":"https:\/\/artzena.eu\/lt\/wp-json\/wp\/v2\/media?parent=19539"}],"wp:term":[{"taxonomy":"product_brand","embeddable":true,"href":"https:\/\/artzena.eu\/lt\/wp-json\/wp\/v2\/product_brand?post=19539"},{"taxonomy":"product_cat","embeddable":true,"href":"https:\/\/artzena.eu\/lt\/wp-json\/wp\/v2\/product_cat?post=19539"},{"taxonomy":"product_tag","embeddable":true,"href":"https:\/\/artzena.eu\/lt\/wp-json\/wp\/v2\/product_tag?post=19539"}],"curies":[{"name":"wp","href":"https:\/\/api.w.org\/{rel}","templated":true}]}}