{"id":19543,"date":"2023-04-27T10:02:20","date_gmt":"2023-04-27T10:02:20","guid":{"rendered":"https:\/\/artzena.eu\/product\/piranha-black-trauma-shears-5-%c2%bd-small\/"},"modified":"2023-07-12T18:59:12","modified_gmt":"2023-07-12T18:59:12","slug":"piranha-black-trauma-shears-5-%c2%bd-small","status":"publish","type":"product","link":"https:\/\/artzena.eu\/lt\/product\/piranha-black-trauma-shears-5-%c2%bd-small\/","title":{"rendered":"Juodos taktin\u0117s \u017eirkl\u0117s \u201ePiranha\u201c (ma\u017eos)"},"content":{"rendered":"<p style=\"font-weight: 400;\"><b>\u201eTyTek Medical\u201c<\/b>\u00a014\u00a0cm (5 1\/2 colio) dyd\u017eio \u201ePiranha\u201c traumin\u0117s \u017eirkl\u0117s yra auk\u0161\u010diausios kokyb\u0117s \u017eirkl\u0117s, sukurtos taip, kad atitikt\u0173 ir net vir\u0161yt\u0173 grie\u017etus ginkluot\u0173j\u0173 paj\u0117g\u0173 standartus. \u0160ios traumin\u0117s \u017eirkl\u0117s gali perkirpti tvir\u010diausias med\u017eiagas \u2013 tinklinius drabu\u017eius, d\u017einsin\u012f audin\u012f, od\u0105, batus, tvirtus \u017eieminius drabu\u017eius ir visus juose esan\u010dius metalinius komponentus. Be to, \u201eTyTek Medical\u201c taktin\u0117s traumin\u0117s \u017eirkl\u0117s yra universalios \u2013 jos lengvai kerpa mink\u0161\u010diausias med\u017eiagas, tokias kaip marl\u0117, kai tradicin\u0117s traumin\u0117s \u017eirkl\u0117s neu\u017etikrina reikiamo efektyvumo. Visi\u0161kai unikalios \u201eTyTek Medical\u201c traumin\u0117s \u017eirkl\u0117s yra su ergonomi\u0161komis patogiomis guma dengtomis rankenomis. Tai u\u017etikrina maksimal\u0173 komfort\u0105 ir kontrol\u0119 didel\u0117s \u012ftampos situacijose, kai reikia pacientui suteikti skubi\u0105j\u0105 medicinos pagalb\u0105 iki nugabenant nukent\u0117jus\u012fj\u012f \u012f ligonin\u0119.<\/p>\n<p style=\"font-weight: 400;\"><b>Produkto informacija:<\/b><\/p>\n<ul style=\"font-weight: 400;\">\n<li>auk\u0161\u010diausios klas\u0117s, patvar\u016bs ner\u016bdijan\u010dio plieno a\u0161menys, u\u017etikrinantys tiksl\u0173 ir efektyv\u0173 kirpim\u0105;<\/li>\n<li>sutvirtinti, dantyti kra\u0161tai, u\u017etikrinantys maksimal\u0173 tvir\u010diausi\u0173 med\u017eiag\u0173 kirpim\u0105;<\/li>\n<li>drabu\u017e\u012f pakelianti forma ir suapvalinti galai pacient\u0173 saugumui;<\/li>\n<li>ergonomi\u0161kos guma dengtos kont\u016brin\u0117s rankenos u\u017etikrina maksimal\u0173 komfort\u0105 ir valdym\u0105.<\/li>\n<\/ul>\n<p>&nbsp;<\/p>\n<p><iframe title=\"Trauma Shears from TyTek Medical\" width=\"525\" height=\"295\" src=\"https:\/\/www.youtube.com\/embed\/QE6eKMvIMbI?start=50&#038;feature=oembed\" frameborder=\"0\" allow=\"accelerometer; autoplay; clipboard-write; encrypted-media; gyroscope; picture-in-picture; web-share\" referrerpolicy=\"strict-origin-when-cross-origin\" allowfullscreen><\/iframe><\/p>\n","protected":false},"excerpt":{"rendered":"<p>&nbsp;<\/p>\n<p><strong>Saugios, efektyvios, patikimos taktin\u0117s traum\u0173 \u017eirkl\u0117s<\/strong><\/p>\n","protected":false},"featured_media":19396,"template":"","meta":{"_acf_changed":false},"product_brand":[],"product_cat":[65,64,82,53],"product_tag":[],"class_list":{"0":"post-19543","1":"product","2":"type-product","3":"status-publish","4":"has-post-thumbnail","6":"product_cat-civiliai","7":"product_cat-kariuomene","8":"product_cat-pagalbines-gydymo-priemones-lt","9":"product_cat-pirmoji-pagalba","11":"first","12":"instock","13":"shipping-taxable","14":"product-type-simple"},"acf":[],"_links":{"self":[{"href":"https:\/\/artzena.eu\/lt\/wp-json\/wp\/v2\/product\/19543","targetHints":{"allow":["GET"]}}],"collection":[{"href":"https:\/\/artzena.eu\/lt\/wp-json\/wp\/v2\/product"}],"about":[{"href":"https:\/\/artzena.eu\/lt\/wp-json\/wp\/v2\/types\/product"}],"wp:featuredmedia":[{"embeddable":true,"href":"https:\/\/artzena.eu\/lt\/wp-json\/wp\/v2\/media\/19396"}],"wp:attachment":[{"href":"https:\/\/artzena.eu\/lt\/wp-json\/wp\/v2\/media?parent=19543"}],"wp:term":[{"taxonomy":"product_brand","embeddable":true,"href":"https:\/\/artzena.eu\/lt\/wp-json\/wp\/v2\/product_brand?post=19543"},{"taxonomy":"product_cat","embeddable":true,"href":"https:\/\/artzena.eu\/lt\/wp-json\/wp\/v2\/product_cat?post=19543"},{"taxonomy":"product_tag","embeddable":true,"href":"https:\/\/artzena.eu\/lt\/wp-json\/wp\/v2\/product_tag?post=19543"}],"curies":[{"name":"wp","href":"https:\/\/api.w.org\/{rel}","templated":true}]}}