{"id":19545,"date":"2023-04-25T15:54:52","date_gmt":"2023-04-25T15:54:52","guid":{"rendered":"https:\/\/artzena.eu\/product\/blood-supply-pump\/"},"modified":"2023-07-12T19:00:54","modified_gmt":"2023-07-12T19:00:54","slug":"blood-supply-pump","status":"publish","type":"product","link":"https:\/\/artzena.eu\/lt\/product\/blood-supply-pump\/","title":{"rendered":"KRAUJO TIEKIMO POMPA"},"content":{"rendered":"<p style=\"font-weight: 400;\">\u0160is simuliacinis kraujo tiekimo rezervuaras su rankine pompa yra skirtas pritvirtinti prie bet kurio \u201eTechline Trauma\u201c kraujuojan\u010dios \u017eaizdos modelio, \u201eWound in a Box\u2122\u201c modelio arba kito specifini\u0173 \u012fg\u016bd\u017ei\u0173 treniruoklio.<\/p>\n<p style=\"font-weight: 400;\">Kraujo tek\u0117jim\u0105 valdo operatorius, spausdamas rankin\u012f cilindr\u0105, esant\u012f tiekimo linijoje. Tai leid\u017eia operatoriui sustabdyti kraujo tiekim\u0105, atlikus tinkam\u0105 medicinin\u0119 intervencij\u0105.<\/p>\n<ul>\n<li style=\"font-weight: 400;\">2 litr\u0173 rezervuaro mai\u0161elis su u\u017esukama anga vir\u0161uje.<\/li>\n<li style=\"font-weight: 400;\">Rankin\u0117 pompa su atbuliniu vo\u017etuvu, kad b\u016bt\u0173 i\u0161vengta atviro srauto.<\/li>\n<li style=\"font-weight: 400;\">76,2 cm (30 coli\u0173) kraujo tek\u0117jimo vamzdelis su standartine \u201eTechline\u201c lizdine jungtimi.<\/li>\n<\/ul>\n","protected":false},"excerpt":{"rendered":"<p>&nbsp;<\/p>\n<p><strong>Pagaminta Jungtin\u0117se Amerikos Valstijose<\/strong><\/p>\n","protected":false},"featured_media":19392,"template":"","meta":{"_acf_changed":false},"product_brand":[],"product_cat":[52,64,53,92],"product_tag":[],"class_list":{"0":"post-19545","1":"product","2":"type-product","3":"status-publish","4":"has-post-thumbnail","6":"product_cat-industrijos","7":"product_cat-kariuomene","8":"product_cat-pirmoji-pagalba","9":"product_cat-zaizdu-traumu-imitaciniai-rinkiniai","11":"first","12":"instock","13":"shipping-taxable","14":"purchasable","15":"product-type-simple"},"acf":[],"_links":{"self":[{"href":"https:\/\/artzena.eu\/lt\/wp-json\/wp\/v2\/product\/19545","targetHints":{"allow":["GET"]}}],"collection":[{"href":"https:\/\/artzena.eu\/lt\/wp-json\/wp\/v2\/product"}],"about":[{"href":"https:\/\/artzena.eu\/lt\/wp-json\/wp\/v2\/types\/product"}],"wp:featuredmedia":[{"embeddable":true,"href":"https:\/\/artzena.eu\/lt\/wp-json\/wp\/v2\/media\/19392"}],"wp:attachment":[{"href":"https:\/\/artzena.eu\/lt\/wp-json\/wp\/v2\/media?parent=19545"}],"wp:term":[{"taxonomy":"product_brand","embeddable":true,"href":"https:\/\/artzena.eu\/lt\/wp-json\/wp\/v2\/product_brand?post=19545"},{"taxonomy":"product_cat","embeddable":true,"href":"https:\/\/artzena.eu\/lt\/wp-json\/wp\/v2\/product_cat?post=19545"},{"taxonomy":"product_tag","embeddable":true,"href":"https:\/\/artzena.eu\/lt\/wp-json\/wp\/v2\/product_tag?post=19545"}],"curies":[{"name":"wp","href":"https:\/\/api.w.org\/{rel}","templated":true}]}}