{"id":19548,"date":"2023-04-25T15:44:16","date_gmt":"2023-04-25T15:44:16","guid":{"rendered":"https:\/\/artzena.eu\/product\/cric-in-a-box\/"},"modified":"2023-07-12T19:03:36","modified_gmt":"2023-07-12T19:03:36","slug":"cric-in-a-box","status":"publish","type":"product","link":"https:\/\/artzena.eu\/lt\/product\/cric-in-a-box\/","title":{"rendered":"Krikotirotomijos simuliatorius CRIC IN A BOX\u2122"},"content":{"rendered":"<p style=\"font-weight: 400;\">\u0160is specifini\u0173 \u012fg\u016bd\u017ei\u0173 treniruoklis suteikia tikrovi\u0161kumo poj\u016bt\u012f treniruojantis atlikti\u00a0<b><strong>krikotirotomij\u0105<\/strong><\/b>. Simuliatorius yra su imituota oda ir membranomis, tod\u0117l sta\u017euotojas gali atlikti chirurginius pj\u016bvius, reikalingus siekiant skubiai u\u017etikrinti oro sraut\u0105.<\/p>\n<p style=\"font-weight: 400;\">Trach\u0117jos simuliatorius yra su vidiniais \u017eiedais, kad zonduojant b\u016bt\u0173 galima u\u017etikrinti taktilinius poj\u016b\u010dius. Prietaisas yra pagamintas i\u0161 tvirto, ta\u010diau lankstaus kompozito, leid\u017eian\u010dio naudoti trach\u0117jos kabliuk\u0105.<\/p>\n","protected":false},"excerpt":{"rendered":"<p>&nbsp;<\/p>\n<p><strong>Pagaminta Jungtin\u0117se Amerikos Valstijose<\/strong><\/p>\n","protected":false},"featured_media":19376,"template":"","meta":{"_acf_changed":false},"product_brand":[],"product_cat":[64,53,92],"product_tag":[],"class_list":{"0":"post-19548","1":"product","2":"type-product","3":"status-publish","4":"has-post-thumbnail","6":"product_cat-kariuomene","7":"product_cat-pirmoji-pagalba","8":"product_cat-zaizdu-traumu-imitaciniai-rinkiniai","10":"first","11":"instock","12":"shipping-taxable","13":"purchasable","14":"product-type-simple"},"acf":[],"_links":{"self":[{"href":"https:\/\/artzena.eu\/lt\/wp-json\/wp\/v2\/product\/19548","targetHints":{"allow":["GET"]}}],"collection":[{"href":"https:\/\/artzena.eu\/lt\/wp-json\/wp\/v2\/product"}],"about":[{"href":"https:\/\/artzena.eu\/lt\/wp-json\/wp\/v2\/types\/product"}],"wp:featuredmedia":[{"embeddable":true,"href":"https:\/\/artzena.eu\/lt\/wp-json\/wp\/v2\/media\/19376"}],"wp:attachment":[{"href":"https:\/\/artzena.eu\/lt\/wp-json\/wp\/v2\/media?parent=19548"}],"wp:term":[{"taxonomy":"product_brand","embeddable":true,"href":"https:\/\/artzena.eu\/lt\/wp-json\/wp\/v2\/product_brand?post=19548"},{"taxonomy":"product_cat","embeddable":true,"href":"https:\/\/artzena.eu\/lt\/wp-json\/wp\/v2\/product_cat?post=19548"},{"taxonomy":"product_tag","embeddable":true,"href":"https:\/\/artzena.eu\/lt\/wp-json\/wp\/v2\/product_tag?post=19548"}],"curies":[{"name":"wp","href":"https:\/\/api.w.org\/{rel}","templated":true}]}}