{"id":19550,"date":"2023-04-19T19:28:50","date_gmt":"2023-04-19T19:28:50","guid":{"rendered":"https:\/\/artzena.eu\/product\/iv-in-a-box\/"},"modified":"2023-07-12T19:06:45","modified_gmt":"2023-07-12T19:06:45","slug":"iv-in-a-box","status":"publish","type":"product","link":"https:\/\/artzena.eu\/lt\/product\/iv-in-a-box\/","title":{"rendered":"Kraujotakos simuliatorius IV IN A BOX\u2122"},"content":{"rendered":"<p style=\"font-weight: 400;\">Simuliatorius\u00a0<b><strong>\u201eIV in a Box\u2122\u201c<\/strong><\/b>\u00a0leid\u017eia lengvai pakeisti imituojamos kraujotakos linij\u0105.\u00a0I\u0161 anksto pripild\u017eius gnybtais u\u017espaud\u017eiam\u0105 unikalios konstrukcijos kraujotakos sistem\u0105, sukuriamas tikrovi\u0161kumo poj\u016btis \u012fduriant adat\u0105.<\/p>\n<p style=\"font-weight: 400;\">Dirbtin\u0117 gaminio oda ir audiniai yra pagaminti i\u0161 auk\u0161tos kokyb\u0117s silikonin\u0117s gumos, o spalviniai sluoksniai suteikia gaminio gylio ir tikrovi\u0161kumo poj\u016b\u010dius. Patentuota konstrukcija su\u00a0<b><strong>SOFTTECH\u00ae<\/strong><\/b>\u00a0med\u017eiaga suteikia tikrovi\u0161kumo poj\u016bt\u012f, yra labai patvari ir atspari UV spinduliams.<\/p>\n","protected":false},"excerpt":{"rendered":"<p>&nbsp;<\/p>\n<div id=\"product-description-short-62\" class=\"rte-content product-description\">\n<p><strong>Pagaminta Jungtin\u0117se Amerikos Valstijose<\/strong><\/p>\n<\/div>\n","protected":false},"featured_media":19361,"template":"","meta":{"_acf_changed":false},"product_brand":[],"product_cat":[64,53,92],"product_tag":[],"class_list":{"0":"post-19550","1":"product","2":"type-product","3":"status-publish","4":"has-post-thumbnail","6":"product_cat-kariuomene","7":"product_cat-pirmoji-pagalba","8":"product_cat-zaizdu-traumu-imitaciniai-rinkiniai","10":"first","11":"instock","12":"shipping-taxable","13":"purchasable","14":"product-type-simple"},"acf":[],"_links":{"self":[{"href":"https:\/\/artzena.eu\/lt\/wp-json\/wp\/v2\/product\/19550","targetHints":{"allow":["GET"]}}],"collection":[{"href":"https:\/\/artzena.eu\/lt\/wp-json\/wp\/v2\/product"}],"about":[{"href":"https:\/\/artzena.eu\/lt\/wp-json\/wp\/v2\/types\/product"}],"wp:featuredmedia":[{"embeddable":true,"href":"https:\/\/artzena.eu\/lt\/wp-json\/wp\/v2\/media\/19361"}],"wp:attachment":[{"href":"https:\/\/artzena.eu\/lt\/wp-json\/wp\/v2\/media?parent=19550"}],"wp:term":[{"taxonomy":"product_brand","embeddable":true,"href":"https:\/\/artzena.eu\/lt\/wp-json\/wp\/v2\/product_brand?post=19550"},{"taxonomy":"product_cat","embeddable":true,"href":"https:\/\/artzena.eu\/lt\/wp-json\/wp\/v2\/product_cat?post=19550"},{"taxonomy":"product_tag","embeddable":true,"href":"https:\/\/artzena.eu\/lt\/wp-json\/wp\/v2\/product_tag?post=19550"}],"curies":[{"name":"wp","href":"https:\/\/api.w.org\/{rel}","templated":true}]}}