{"id":19554,"date":"2023-04-19T19:05:58","date_gmt":"2023-04-19T19:05:58","guid":{"rendered":"https:\/\/artzena.eu\/product\/shrapnel-wound-in-a-box\/"},"modified":"2023-07-12T19:10:22","modified_gmt":"2023-07-12T19:10:22","slug":"shrapnel-wound-in-a-box","status":"publish","type":"product","link":"https:\/\/artzena.eu\/lt\/product\/shrapnel-wound-in-a-box\/","title":{"rendered":"Artilerijos sviedini\u0173 skeveldr\u0173 padaryt\u0173 \u017eaizd\u0173 simuliatorius SHRAPNEL WOUND IN A BOX\u2122"},"content":{"rendered":"<p style=\"font-weight: 400;\"><b><strong>Simuliatori\u0173 serija \u201eWounds in a box\u00ae\u201c si\u016blo ekonomi\u0161kus, kompakti\u0161kus simuliatorius pirmosios pagalbos \u012fg\u016bd\u017eiams lavinti.\u00a0\u0160iuos simuliatorius lengva transportuoti, ta\u010diau kartu jie yra pakankamai tvirti naudoti patalpoje ar lauke.<\/strong><\/b><\/p>\n<p style=\"font-weight: 400;\">Artilerijos sviedini\u0173 skeveldr\u0173 padaryt\u0173 \u017eaizd\u0173 simuliatorius<b><strong>\u00a0<\/strong><\/b><b><strong>\u201eShrapnel in a Box\u2122\u201c<\/strong><\/b>\u00a0imituoja mink\u0161t\u0173j\u0173 audini\u0173 \u017eaizd\u0105 ir yra skirtas naudoti mokyti tinkam\u0173 \u017eaizd\u0173 tvarstymo technik\u0173. Simuliatoriaus konstrukcijoje yra kietas kaulas (l\u016b\u017e\u0119s) \u017eaizdos ertm\u0117s viduje, kad b\u016bt\u0173 galima pagerinti \u012fg\u016bd\u017ei\u0173 lyg\u012f. \u0160iame simuliatoriuje naudojama dirbtin\u0117 oda ir audiniai yra pagaminti i\u0161 auk\u0161tos kokyb\u0117s silikonin\u0117s gumos, o spalviniai sluoksniai suteikia gaminio gylio ir tikrovi\u0161kumo poj\u016b\u010dius.<\/p>\n<p style=\"font-weight: 400;\">Patentuota konstrukcija su\u00a0<b><strong>SOFTTECH\u00ae med\u017eiagomis<\/strong><\/b>\u00a0suteikia tikrovi\u0161kumo poj\u016bt\u012f, yra labai patvari ir\u00a0<b><strong>atspari UV spinduliams.<\/strong><\/b>\u00a0Kraujo vamzdeliai yra integruoti \u012f konstrukcij\u0105, kad b\u016bt\u0173 galima lengvai sukurti imituojam\u0105 kraujotak\u0105.\u00a0Simuliatorius pateikiamas atskirame laikymo d\u0117kle.\u00a0Kraujavimo sistemos parduodamos atskirai.<\/p>\n<p style=\"font-weight: 400;\"><b><strong>\u201eShrapnel in a Box\u2122\u201c<\/strong><\/b>\u00a0galima prijungti prie\u00a0<b><strong>SKEDCO\u00ae FEBSS<\/strong><\/b>\u00a0arba kraujavimo sistemos, kad b\u016bt\u0173 imituojama kraujotaka, kuri tinkamai paruo\u0161ta reaguoja \u012f spaudim\u0105. Mink\u0161ta med\u017eiaga ir patentuota konstrukcija suteikia tikrovi\u0161kumo poj\u016bt\u012f ir pagerina mokym\u0173 patirt\u012f.<\/p>\n<p style=\"font-weight: 400;\"><b><strong>Prie\u017ei\u016bra<\/strong><\/b><\/p>\n<p style=\"font-weight: 400;\">Naudojimo pabaigoje simuliatori\u0173 reikia perplauti \u0161variu vandeniu, kad b\u016bt\u0173 i\u0161valytos kraujo linijos. Prie\u0161 sand\u0117liuojant prietais\u0105 reikia nuplauti \u0161variu, \u0161iltu vandeniu ir leisti i\u0161d\u017ei\u016bti. Valymo tikslais simuliatori\u0173 galima i\u0161imti i\u0161 laikymo d\u0117klo. Prietais\u0105 galima plauti \u0161velniais plovikliais, pvz., ind\u0173 plovikliu, arba valyti dezinfekavimo priemone, pvz., izopropilo alkoholiu arba atskiestu baliklio tirpalu, nes jis yra patvarus ir atsparus chemikalams. Prie\u0161 sand\u0117liuodami prietais\u0105, leiskite jam visi\u0161kai i\u0161d\u017ei\u016bti, kad i\u0161vengtum\u0117te pel\u0117sio atsiradimo.<\/p>\n","protected":false},"excerpt":{"rendered":"<p>&nbsp;<\/p>\n<p><strong>Pagaminta Jungtin\u0117se Amerikos Valstijose<\/strong><\/p>\n","protected":false},"featured_media":19347,"template":"","meta":{"_acf_changed":false},"product_brand":[],"product_cat":[64,53,92],"product_tag":[],"class_list":{"0":"post-19554","1":"product","2":"type-product","3":"status-publish","4":"has-post-thumbnail","6":"product_cat-kariuomene","7":"product_cat-pirmoji-pagalba","8":"product_cat-zaizdu-traumu-imitaciniai-rinkiniai","10":"first","11":"instock","12":"shipping-taxable","13":"purchasable","14":"product-type-simple"},"acf":[],"_links":{"self":[{"href":"https:\/\/artzena.eu\/lt\/wp-json\/wp\/v2\/product\/19554","targetHints":{"allow":["GET"]}}],"collection":[{"href":"https:\/\/artzena.eu\/lt\/wp-json\/wp\/v2\/product"}],"about":[{"href":"https:\/\/artzena.eu\/lt\/wp-json\/wp\/v2\/types\/product"}],"wp:featuredmedia":[{"embeddable":true,"href":"https:\/\/artzena.eu\/lt\/wp-json\/wp\/v2\/media\/19347"}],"wp:attachment":[{"href":"https:\/\/artzena.eu\/lt\/wp-json\/wp\/v2\/media?parent=19554"}],"wp:term":[{"taxonomy":"product_brand","embeddable":true,"href":"https:\/\/artzena.eu\/lt\/wp-json\/wp\/v2\/product_brand?post=19554"},{"taxonomy":"product_cat","embeddable":true,"href":"https:\/\/artzena.eu\/lt\/wp-json\/wp\/v2\/product_cat?post=19554"},{"taxonomy":"product_tag","embeddable":true,"href":"https:\/\/artzena.eu\/lt\/wp-json\/wp\/v2\/product_tag?post=19554"}],"curies":[{"name":"wp","href":"https:\/\/api.w.org\/{rel}","templated":true}]}}