{"id":19555,"date":"2023-04-19T18:56:01","date_gmt":"2023-04-19T18:56:01","guid":{"rendered":"https:\/\/artzena.eu\/product\/gunshot-in-a-box\/"},"modified":"2023-07-12T19:12:22","modified_gmt":"2023-07-12T19:12:22","slug":"gunshot-in-a-box","status":"publish","type":"product","link":"https:\/\/artzena.eu\/lt\/product\/gunshot-in-a-box\/","title":{"rendered":"\u0160autin\u0117s \u017eaizdos simuliatorius GUNSHOT IN A BOX\u2122"},"content":{"rendered":"<p style=\"font-weight: 400;\">Simuliatori\u0173 serija\u00a0<b><strong>\u201e<\/strong><\/b><b><strong>Wounds in a box\u00ae\u201c<\/strong><\/b>\u00a0si\u016blo ekonomi\u0161kus, kompakti\u0161kus simuliatorius pirmosios pagalbos \u012fg\u016bd\u017eiams lavinti.\u00a0\u0160iuos simuliatorius lengva transportuoti, ta\u010diau kartu jie yra pakankamai tvirti naudoti patalpoje ar lauke.<\/p>\n<p style=\"font-weight: 400;\"><b><strong>I\u0161bandytas ir rekomenduotas NTOA\u00ae nari\u0173.<\/strong><\/b><\/p>\n<p style=\"font-weight: 400;\">\u0160autin\u0117s \u017eaizdos simuliatorius\u00a0<b><strong>\u201eGunshot in a Box\u2122\u201c<\/strong><\/b>\u00a0imituoja \u0161\u016bvio \u012f mink\u0161tuosius audinius padaryt\u0105 \u017eaizd\u0105 ir yra skirtas mokyti tinkam\u0173 \u017eaizd\u0173 tvarstymo technik\u0173.\u00a0\u0160iame\u00a0simuliatoriuje naudojama dirbtin\u0117 oda ir audiniai yra pagaminti i\u0161 auk\u0161tos kokyb\u0117s silikonin\u0117s gumos, o spalviniai sluoksniai suteikia gaminio gylio ir tikrovi\u0161kumo poj\u016b\u010dius.\u00a0Patentuota konstrukcija su\u00a0<b><strong>SOFTTECH\u00ae<\/strong><\/b>\u00a0med\u017eiagomis suteikia tikrovi\u0161kumo poj\u016bt\u012f, yra labai patvari ir atspari UV spinduliams.\u00a0Kraujo vamzdeliai yra integruoti \u012f konstrukcij\u0105, kad b\u016bt\u0173 galima lengvai sukurti imituojam\u0105 kraujotak\u0105.\u00a0Simuliatorius pateikiamas atskirame laikymo d\u0117kle.\u00a0Kraujavimo sistemos parduodamos atskirai.<\/p>\n<p style=\"font-weight: 400;\"><b><strong>\u201eGunshot in a Box\u2122\u201c<\/strong><\/b>\u00a0galima prijungti prie SKEDCO\u00ae FEBSS arba kraujavimo sistemos, kad b\u016bt\u0173 imituojama kraujotaka, kuri tinkamai paruo\u0161ta reaguoja \u012f spaudim\u0105. Mink\u0161ta med\u017eiaga ir patentuota konstrukcija suteikia tikrovi\u0161kumo poj\u016bt\u012f ir pagerina mokym\u0173 patirt\u012f.<\/p>\n<p>&nbsp;<\/p>\n<p style=\"font-weight: 400;\"><b><strong>Prie\u017ei\u016bra<\/strong><\/b><\/p>\n<p style=\"font-weight: 400;\">Naudojimo pabaigoje simuliatori\u0173 reikia perplauti \u0161variu vandeniu, kad b\u016bt\u0173 i\u0161valytos kraujo linijos. Prie\u0161 sand\u0117liuojant prietais\u0105 reikia nuplauti \u0161variu, \u0161iltu vandeniu ir leisti i\u0161d\u017ei\u016bti. Valymo tikslais simuliatori\u0173 galima i\u0161imti i\u0161 laikymo d\u0117klo. Prietais\u0105 galima plauti \u0161velniais plovikliais, pvz., ind\u0173 plovikliu, arba valyti dezinfekavimo priemone, pvz., izopropilo alkoholiu arba atskiestu baliklio tirpalu, nes jis yra patvarus ir atsparus chemikalams. Prie\u0161 sand\u0117liuodami prietais\u0105, leiskite jam visi\u0161kai i\u0161d\u017ei\u016bti, kad i\u0161vengtum\u0117te pel\u0117sio atsiradimo.<\/p>\n<p style=\"font-weight: 400;\">\n","protected":false},"excerpt":{"rendered":"<p>&nbsp;<\/p>\n<p><strong>Pagaminta Jungtin\u0117se Amerikos Valstijose<\/strong><\/p>\n","protected":false},"featured_media":19340,"template":"","meta":{"_acf_changed":false},"product_brand":[],"product_cat":[64,53,92],"product_tag":[],"class_list":{"0":"post-19555","1":"product","2":"type-product","3":"status-publish","4":"has-post-thumbnail","6":"product_cat-kariuomene","7":"product_cat-pirmoji-pagalba","8":"product_cat-zaizdu-traumu-imitaciniai-rinkiniai","10":"first","11":"instock","12":"shipping-taxable","13":"purchasable","14":"product-type-simple"},"acf":[],"_links":{"self":[{"href":"https:\/\/artzena.eu\/lt\/wp-json\/wp\/v2\/product\/19555","targetHints":{"allow":["GET"]}}],"collection":[{"href":"https:\/\/artzena.eu\/lt\/wp-json\/wp\/v2\/product"}],"about":[{"href":"https:\/\/artzena.eu\/lt\/wp-json\/wp\/v2\/types\/product"}],"wp:featuredmedia":[{"embeddable":true,"href":"https:\/\/artzena.eu\/lt\/wp-json\/wp\/v2\/media\/19340"}],"wp:attachment":[{"href":"https:\/\/artzena.eu\/lt\/wp-json\/wp\/v2\/media?parent=19555"}],"wp:term":[{"taxonomy":"product_brand","embeddable":true,"href":"https:\/\/artzena.eu\/lt\/wp-json\/wp\/v2\/product_brand?post=19555"},{"taxonomy":"product_cat","embeddable":true,"href":"https:\/\/artzena.eu\/lt\/wp-json\/wp\/v2\/product_cat?post=19555"},{"taxonomy":"product_tag","embeddable":true,"href":"https:\/\/artzena.eu\/lt\/wp-json\/wp\/v2\/product_tag?post=19555"}],"curies":[{"name":"wp","href":"https:\/\/api.w.org\/{rel}","templated":true}]}}