{"id":19611,"date":"2023-12-06T19:46:01","date_gmt":"2023-12-06T19:46:01","guid":{"rendered":"https:\/\/artzena.eu\/product\/rescue-blanket-silver-green\/"},"modified":"2025-07-23T06:51:26","modified_gmt":"2025-07-23T06:51:26","slug":"rescue-blanket-silver-green","status":"publish","type":"product","link":"https:\/\/artzena.eu\/lt\/product\/rescue-blanket-silver-green\/","title":{"rendered":"Pirmosios pagalbos antklod\u0117 (sidabrin\u0117-\u017ealia)"},"content":{"rendered":"<p>Greita apsauga nuo \u0161al\u010dio ir kar\u0161\u010dio. Pirmosios pagalbos antklod\u0117 yra ma\u017ea, kompakti\u0161ka ir labai paprasta naudoti. Puikiai tiks papildyti j\u016bs\u0173 IFAK turin\u012f.<\/p>\n<p>Taip pat galima naudoti ir apsaugoti nukent\u0117jus\u012fj\u012f nuo v\u0117jo ar lietaus.<\/p>\n<h3>Produkto specifikacija:<\/h3>\n<p><strong>Spalva:<\/strong>\u00a0sidabrin\u0117-\u017ealia<\/p>\n<p><strong>Dydis:<\/strong>\u00a0160 x 210 cm<\/p>\n<p><strong>Naudojimas:<\/strong>\u00a0\u017ealia pus\u0117 i\u0161or\u0117je, sidabrin\u0117 pus\u0117 \u012f vid\u0173 norint apsaugoti nuo \u0161alimo. Sidabrin\u0117 pus\u0117 \u012f vir\u0161\u0173 norint apsaugoti nuo saul\u0117s ar kar\u0161\u010dio.<\/p>\n<p><strong>Pagaminta:<\/strong>\u00a0Vokietijoje<\/p>\n","protected":false},"excerpt":{"rendered":"<h2><\/h2>\n<h4><strong>Pagaminta Vokietijoje<\/strong><\/h4>\n","protected":false},"featured_media":20798,"template":"","meta":{"_acf_changed":false},"product_brand":[],"product_cat":[65,68,64,82],"product_tag":[],"class_list":{"0":"post-19611","1":"product","2":"type-product","3":"status-publish","4":"has-post-thumbnail","6":"product_cat-civiliai","7":"product_cat-hipotermija","8":"product_cat-kariuomene","9":"product_cat-pagalbines-gydymo-priemones-lt","11":"first","12":"instock","13":"shipping-taxable","14":"product-type-simple"},"acf":[],"_links":{"self":[{"href":"https:\/\/artzena.eu\/lt\/wp-json\/wp\/v2\/product\/19611","targetHints":{"allow":["GET"]}}],"collection":[{"href":"https:\/\/artzena.eu\/lt\/wp-json\/wp\/v2\/product"}],"about":[{"href":"https:\/\/artzena.eu\/lt\/wp-json\/wp\/v2\/types\/product"}],"wp:featuredmedia":[{"embeddable":true,"href":"https:\/\/artzena.eu\/lt\/wp-json\/wp\/v2\/media\/20798"}],"wp:attachment":[{"href":"https:\/\/artzena.eu\/lt\/wp-json\/wp\/v2\/media?parent=19611"}],"wp:term":[{"taxonomy":"product_brand","embeddable":true,"href":"https:\/\/artzena.eu\/lt\/wp-json\/wp\/v2\/product_brand?post=19611"},{"taxonomy":"product_cat","embeddable":true,"href":"https:\/\/artzena.eu\/lt\/wp-json\/wp\/v2\/product_cat?post=19611"},{"taxonomy":"product_tag","embeddable":true,"href":"https:\/\/artzena.eu\/lt\/wp-json\/wp\/v2\/product_tag?post=19611"}],"curies":[{"name":"wp","href":"https:\/\/api.w.org\/{rel}","templated":true}]}}