{"id":19620,"date":"2023-12-06T19:49:16","date_gmt":"2023-12-06T19:49:16","guid":{"rendered":"https:\/\/artzena.eu\/product\/rusch-nasopharyngeal-airway-adjustable-flange-style\/"},"modified":"2023-12-06T19:51:02","modified_gmt":"2023-12-06T19:51:02","slug":"rusch-nasopharyngeal-airway-adjustable-flange-style","status":"publish","type":"product","link":"https:\/\/artzena.eu\/lt\/product\/rusch-nasopharyngeal-airway-adjustable-flange-style\/","title":{"rendered":"RUSCH nazofaringinis vamzdelis, reguliuojamas"},"content":{"rendered":"<ul style=\"list-style-position: inside; padding-left: 2rem; margin-top: 0px; margin-bottom: 0px; color: rgba(63,56,50,0.75); font-family: Montserrat, sans-serif; font-size: 16.8px; letter-spacing: 0.63px; background-color: #ffffff;\">\n<li style=\"line-height: 1.5;\">MEDIPRENE<span style=\"font-size: 12px; line-height: 0; vertical-align: baseline;\">\u00ae<\/span>\u00a0konstrukcijos gaminimas;<\/li>\n<li style=\"list-style: inherit;\">Mink\u0161ta, elastinga med\u017eiaga suteikia komfort\u0105 \u012fd\u0117jimo metu;<\/li>\n<li style=\"list-style: inherit;\">Reguliuojamas \u017eiedas saugiam nazofaringinio vamzdelio naudojimui;<\/li>\n<li style=\"list-style: inherit;\">Suapvalintas galiukas, kuris leid\u017eia lengviau \u012fki\u0161ti vamzdel\u012f;<\/li>\n<li style=\"list-style: inherit;\">Rinkinyje yra 5 g OptiLube lubrikanto;<\/li>\n<li style=\"list-style: inherit; margin-bottom: 0px;\">Vamzdelis yra vienkartinio naudojimo.<\/li>\n<\/ul>\n","protected":false},"excerpt":{"rendered":"<h2><strong>5g Optilube lubrikantas \u012fskai\u010diuotas<\/strong><\/h2>\n","protected":false},"featured_media":19617,"template":"","meta":{"_acf_changed":false},"product_brand":[],"product_cat":[65,64,70,53],"product_tag":[],"class_list":{"0":"post-19620","1":"product","2":"type-product","3":"status-publish","4":"has-post-thumbnail","6":"product_cat-civiliai","7":"product_cat-kariuomene","8":"product_cat-kvepavimo-takai","9":"product_cat-pirmoji-pagalba","11":"first","12":"instock","13":"shipping-taxable","14":"product-type-simple"},"acf":[],"_links":{"self":[{"href":"https:\/\/artzena.eu\/lt\/wp-json\/wp\/v2\/product\/19620","targetHints":{"allow":["GET"]}}],"collection":[{"href":"https:\/\/artzena.eu\/lt\/wp-json\/wp\/v2\/product"}],"about":[{"href":"https:\/\/artzena.eu\/lt\/wp-json\/wp\/v2\/types\/product"}],"wp:featuredmedia":[{"embeddable":true,"href":"https:\/\/artzena.eu\/lt\/wp-json\/wp\/v2\/media\/19617"}],"wp:attachment":[{"href":"https:\/\/artzena.eu\/lt\/wp-json\/wp\/v2\/media?parent=19620"}],"wp:term":[{"taxonomy":"product_brand","embeddable":true,"href":"https:\/\/artzena.eu\/lt\/wp-json\/wp\/v2\/product_brand?post=19620"},{"taxonomy":"product_cat","embeddable":true,"href":"https:\/\/artzena.eu\/lt\/wp-json\/wp\/v2\/product_cat?post=19620"},{"taxonomy":"product_tag","embeddable":true,"href":"https:\/\/artzena.eu\/lt\/wp-json\/wp\/v2\/product_tag?post=19620"}],"curies":[{"name":"wp","href":"https:\/\/api.w.org\/{rel}","templated":true}]}}