{"id":19623,"date":"2023-12-06T19:56:39","date_gmt":"2023-12-06T19:56:39","guid":{"rendered":"https:\/\/artzena.eu\/product\/t3-tactical-trauma-bandage\/"},"modified":"2025-07-23T10:33:52","modified_gmt":"2025-07-23T10:33:52","slug":"t3-tactical-trauma-bandage","status":"publish","type":"product","link":"https:\/\/artzena.eu\/lt\/product\/t3-tactical-trauma-bandage\/","title":{"rendered":"T3 Taktinis traumos tvarstis"},"content":{"rendered":"<p><strong>T3 tvarstis yra daugiafunkcinis sprendimas<\/strong> \u012fvairioms traumoms gydyti kompakti\u0161koje pakuot\u0117je. Be \u012fprastini\u0173 \u017eaizd\u0173, pilvo ir dideli\u0173 \u017eaizd\u0173, amputacij\u0173, \u012f\u0117jimo\/i\u0161\u0117jimo \u017eaizd\u0173 ir kitokio gydymo, tvarstis palengvina pavieni\u0173 ir daugybini\u0173 \u017eaizd\u0173 valym\u0105, tvarstym\u0105, u\u017edengim\u0105 ir suspaudim\u0105.<\/p>\n<p>\u0160is \u201eviskas viename\u201c tvarstis <strong>suma\u017eina karin\u0117s \u012frangos kiek\u012f ir yra labai kompakti\u0161kas.<\/strong><\/p>\n<p>T3 tvarst\u012f sudaro didelis, visi\u0161kai i\u0161siple\u010diantis nelipnus \u012fklotas ir taip pat nuimama sterili pagalv\u0117l\u0117, elastingas audinys, lengvai naudojami prispaudimo ir u\u017edarymo strypai bei atskira marl\u0117, skirta \u017eaizdoms valyti ir sutvirtinti arba naudoti kaip antrin\u012f tvarst\u012f.<\/p>\n<ul>\n<li>Daugiafunkcinis tvarstis \u012fvairioms \u017eaizdoms<\/li>\n<li>I\u0161ple\u010diamas sterilus \u012fklotas \u2013 veiksmingas tvarstis esant sunkioms \u017eaizdoms, nudegimams ir amputacijai<\/li>\n<li>Nuimamas sterilus \u012fklotas \u2013 veiksmingas tvarsliava \u012f\u0117jimo\/i\u0161\u0117jimo \u017eaizdoms ir kelioms \u017eaizd\u0173 vietoms<\/li>\n<li>Sulenkta marl\u0117 valymui\/pakavimui<\/li>\n<li>Kompakti\u0161ka, lengva, vandeniui atspari, vakuuminiu b\u016bdu sandari pakuot\u0117<\/li>\n<li><strong>Sterilus, galiojimo laikas 8 metai<\/strong><\/li>\n<li>Integruotas sl\u0117gio aplikatorius tiesiogiai spaud\u017eia \u017eaizd\u0105<\/li>\n<li>Kompakti\u0161ka ir patvari pakuot\u0117<\/li>\n<li>Galimyb\u0117 naudoti kaip nepneumatin\u012f turniket\u0105<\/li>\n<li><strong>Gamintojas &#8211; PerSys Medical<\/strong><\/li>\n<\/ul>\n<p>&nbsp;<\/p>\n<p><iframe title=\"The T3 Bandage\" width=\"525\" height=\"295\" src=\"https:\/\/www.youtube.com\/embed\/PtK5xrHdim8?feature=oembed\" frameborder=\"0\" allow=\"accelerometer; autoplay; clipboard-write; encrypted-media; gyroscope; picture-in-picture; web-share\" referrerpolicy=\"strict-origin-when-cross-origin\" allowfullscreen><\/iframe><\/p>\n<p>&nbsp;<\/p>\n","protected":false},"excerpt":{"rendered":"<p>&nbsp;<\/p>\n<p><strong>PerSys Medical\u00a0<\/strong><\/p>\n","protected":false},"featured_media":20830,"template":"","meta":{"_acf_changed":false},"product_brand":[],"product_cat":[65,64,67,53,66],"product_tag":[],"class_list":{"0":"post-19623","1":"product","2":"type-product","3":"status-publish","4":"has-post-thumbnail","6":"product_cat-civiliai","7":"product_cat-kariuomene","8":"product_cat-kraujotaka","9":"product_cat-pirmoji-pagalba","10":"product_cat-turniketai","12":"first","13":"instock","14":"shipping-taxable","15":"product-type-simple"},"acf":[],"_links":{"self":[{"href":"https:\/\/artzena.eu\/lt\/wp-json\/wp\/v2\/product\/19623","targetHints":{"allow":["GET"]}}],"collection":[{"href":"https:\/\/artzena.eu\/lt\/wp-json\/wp\/v2\/product"}],"about":[{"href":"https:\/\/artzena.eu\/lt\/wp-json\/wp\/v2\/types\/product"}],"wp:featuredmedia":[{"embeddable":true,"href":"https:\/\/artzena.eu\/lt\/wp-json\/wp\/v2\/media\/20830"}],"wp:attachment":[{"href":"https:\/\/artzena.eu\/lt\/wp-json\/wp\/v2\/media?parent=19623"}],"wp:term":[{"taxonomy":"product_brand","embeddable":true,"href":"https:\/\/artzena.eu\/lt\/wp-json\/wp\/v2\/product_brand?post=19623"},{"taxonomy":"product_cat","embeddable":true,"href":"https:\/\/artzena.eu\/lt\/wp-json\/wp\/v2\/product_cat?post=19623"},{"taxonomy":"product_tag","embeddable":true,"href":"https:\/\/artzena.eu\/lt\/wp-json\/wp\/v2\/product_tag?post=19623"}],"curies":[{"name":"wp","href":"https:\/\/api.w.org\/{rel}","templated":true}]}}