{"id":19638,"date":"2024-04-19T14:38:28","date_gmt":"2024-04-19T14:38:28","guid":{"rendered":"https:\/\/artzena.eu\/?post_type=product&#038;p=19638"},"modified":"2024-04-19T14:44:04","modified_gmt":"2024-04-19T14:44:04","slug":"tytek-medical-xtricate-lyte-minkstieji-avariniai-nestuvai","status":"publish","type":"product","link":"https:\/\/artzena.eu\/lt\/product\/tytek-medical-xtricate-lyte-minkstieji-avariniai-nestuvai\/","title":{"rendered":"TyTek Medical XTricate Lyte mink\u0161tieji avariniai ne\u0161tuvai"},"content":{"rendered":"<p lang=\"en-us\" style=\"margin-top: 0.53cm; margin-bottom: 0.53cm; border: none; padding: 0cm; font-style: normal; font-weight: normal;\" xml:lang=\"en-us\" align=\"left\"><span style=\"color: #000000;\"><span style=\"font-family: Arial, serif;\"><span style=\"font-size: medium;\">TyTek Medical ,,XTricate Lyte&#8221; yra <strong>didelio na\u0161umo, avariniai ne\u0161tuvai<\/strong>.\u00a0<strong>Keliamoji galia 226kg<\/strong>, buvo i\u0161bandyti nepriklausomoje laboratorijoje. Turi k<\/span><\/span><\/span><span style=\"font-size: medium; font-family: Arial, serif;\">eturias dideles rankenas kiekvienoje pus\u0117je ir dvi didel\u0117s rankenos prie p\u0117dos ir galvos, tod\u0117l jis yra paruo\u0161tas aptarnauti ir pagerinti j\u016bs\u0173 geb\u0117jim\u0105 perkeliant pacientus.<\/span><\/p>\n<p lang=\"en-us\" style=\"margin-top: 0.53cm; margin-bottom: 0.53cm; border: none; padding: 0cm; font-style: normal; font-weight: normal;\" xml:lang=\"en-us\" align=\"left\"><span style=\"color: #000000;\">\u201e<span style=\"font-family: Arial, serif;\"><span style=\"font-size: medium;\">XTricate Lyte\u201c pagamintas i\u0161 tvirt\u0173 polipropileno dir\u017e\u0173, sustiprint\u0173 poliesterio si\u016bl\u0173 ir i\u0161 lengvo neaustinio polipropileno audinio. Atsi\u017evelgiant \u012f ,,XTricate Lyte&#8221; patvarum\u0105 ir vert\u0119, jis tur\u0117t\u0173 b\u016bti prieinamas kiekvienoje pirmosios pagalbos tarnyb\u0173 transporto priemon\u0117je, rengini\u0173 erdv\u0117se, mokyklose, sporto aik\u0161tel\u0117se ar bet kurioje \u017emoni\u0173 susib\u016brimo vietoje.<\/span><\/span><\/span><\/p>\n<p lang=\"en-us\" style=\"margin-top: 0.53cm; margin-bottom: 0.53cm; border: none; padding: 0cm; font-style: normal; font-weight: normal;\" xml:lang=\"en-us\" align=\"left\"><span style=\"color: #000000;\"><span style=\"font-family: Arial, serif;\"><span style=\"font-size: medium;\">,,XTricate Lyte&#8221; yra sukurtas pacientui ne\u0161ti,\u00a0<strong>tai n\u0117ra vilkimo \u012ftaisas.<\/strong><\/span><\/span><\/span><\/p>\n<p lang=\"en-us\" style=\"margin-top: 0.53cm; margin-bottom: 0.53cm; border: none; padding: 0cm; font-style: normal; font-weight: normal;\" xml:lang=\"en-us\" align=\"left\"><strong><span style=\"color: #000000;\"><span style=\"font-family: Arial, serif;\"><span style=\"font-size: medium;\">Produkto i\u0161matavimai:<\/span><\/span><\/span><\/strong><\/p>\n<ul>\n<li lang=\"en-us\" style=\"border: none; font-style: normal; font-weight: normal;\" xml:lang=\"en-us\"><span style=\"color: #000000;\"><span style=\"font-family: Arial, serif;\"><span style=\"font-size: medium;\">190,50 cm x 76 cm (ne\u0161tuvai)<\/span><\/span><\/span><\/li>\n<li lang=\"en-us\" style=\"border: none; font-style: normal; font-weight: normal;\" xml:lang=\"en-us\"><span style=\"color: #000000;\"><span style=\"font-family: Arial, serif;\"><span style=\"font-size: medium;\">Ilgis 30cm, plotis 20 cm, auk\u0161tis 4cm (supakuoti ne\u0161tuvai)<\/span><\/span><\/span><\/li>\n<li lang=\"en-us\" style=\"border: none; font-style: normal; font-weight: normal;\" xml:lang=\"en-us\"><span style=\"color: #000000;\"><span style=\"font-family: Arial, serif;\"><span style=\"font-size: medium;\">Svoris 400g<\/span><\/span><\/span><\/li>\n<li lang=\"en-us\" style=\"border: none; font-style: normal; font-weight: normal;\" xml:lang=\"en-us\"><span style=\"color: #000000;\"><span style=\"font-family: Arial, serif;\"><span style=\"font-size: medium;\">Keliamoji galia 226kg<\/span><\/span><\/span><\/li>\n<\/ul>\n","protected":false},"excerpt":{"rendered":"<h4><\/h4>\n<h4><\/h4>\n<h4><\/h4>\n<h4>Pagaminta Amerikoje<\/h4>\n","protected":false},"featured_media":19639,"template":"","meta":{"_acf_changed":false},"product_brand":[],"product_cat":[65,64,79,53],"product_tag":[],"class_list":{"0":"post-19638","1":"product","2":"type-product","3":"status-publish","4":"has-post-thumbnail","6":"product_cat-civiliai","7":"product_cat-kariuomene","8":"product_cat-nukentejusiojo-evakuacija","9":"product_cat-pirmoji-pagalba","11":"first","12":"instock","13":"shipping-taxable","14":"product-type-simple"},"acf":[],"_links":{"self":[{"href":"https:\/\/artzena.eu\/lt\/wp-json\/wp\/v2\/product\/19638","targetHints":{"allow":["GET"]}}],"collection":[{"href":"https:\/\/artzena.eu\/lt\/wp-json\/wp\/v2\/product"}],"about":[{"href":"https:\/\/artzena.eu\/lt\/wp-json\/wp\/v2\/types\/product"}],"wp:featuredmedia":[{"embeddable":true,"href":"https:\/\/artzena.eu\/lt\/wp-json\/wp\/v2\/media\/19639"}],"wp:attachment":[{"href":"https:\/\/artzena.eu\/lt\/wp-json\/wp\/v2\/media?parent=19638"}],"wp:term":[{"taxonomy":"product_brand","embeddable":true,"href":"https:\/\/artzena.eu\/lt\/wp-json\/wp\/v2\/product_brand?post=19638"},{"taxonomy":"product_cat","embeddable":true,"href":"https:\/\/artzena.eu\/lt\/wp-json\/wp\/v2\/product_cat?post=19638"},{"taxonomy":"product_tag","embeddable":true,"href":"https:\/\/artzena.eu\/lt\/wp-json\/wp\/v2\/product_tag?post=19638"}],"curies":[{"name":"wp","href":"https:\/\/api.w.org\/{rel}","templated":true}]}}