{"id":19670,"date":"2024-04-19T19:25:23","date_gmt":"2024-04-19T19:25:23","guid":{"rendered":"https:\/\/artzena.eu\/?post_type=product&#038;p=19670"},"modified":"2024-04-20T10:21:07","modified_gmt":"2024-04-20T10:21:07","slug":"vieno-asmens-rinkinys-eldoncard-abo-ir-rhd-kraujo-grupei-nustatyti","status":"publish","type":"product","link":"https:\/\/artzena.eu\/lt\/product\/vieno-asmens-rinkinys-eldoncard-abo-ir-rhd-kraujo-grupei-nustatyti\/","title":{"rendered":"Vieno asmens rinkinys ELDONCARD &#8211; ABO ir RhD kraujo grupei nustatyti"},"content":{"rendered":"<p><b><span>Rinkinys su 1 kortele ELDONCARD\u2122 2511, skirta 1 ABO ir RhD kraujo grupei nustatyti (skaidri\u0173 metodas).<\/span><\/b><span>\u00a0<\/span><\/p>\n<p><span>Skirta naudoti specialistams\u00a0<\/span><i><span>in vitro<\/span><\/i><span><span>\u00a0<\/span><span>diagnostikai.<\/span><\/span><span>\u00a0<\/span><\/p>\n<p><span>Rankinis testas, skirtas nustatyti A, B ir RhD antigen\u0173 buvim\u0105 ar nebuvim\u0105 ant vieno asmens eritrocit\u0173 pagal ELDONCARD 2511. Prie\u0161 perpylim\u0105 gauta ABO grup\u0117 turi b\u016bti patvirtinta atvirk\u0161tiniu tyrimu, o donoro kraujas, kurio RhD neigiamas, turi b\u016bti i\u0161tirtas d\u0117l silpn\u0173 RhD antigen\u0173 jautresniais metodais<\/span><span>\u00a0<\/span><\/p>\n<p><b><span><span>Ypatingos\u00a0<\/span><span>EldonCards<\/span><span>\u00a0savyb\u0117s yra \u0161ios<\/span><\/span><\/b><span>:<\/span><span>\u00a0<\/span><\/p>\n<p><span><span>&#8220;EldonCards&#8221; korteles reikia laikyti 5\u201337<\/span><span>\u00b0<\/span><span>\u00a0<\/span><span>C temperat\u016broje.<\/span><\/span><span>\u00a0<\/span><\/p>\n<p><span>Ne\u0161iojamas ir kompakti\u0161kas.<\/span><span>\u00a0<\/span><\/p>\n<p><span>Greitas kraujo grup\u0117s nustatymas.\u00a0Rezultatas jau po 2 minu\u010di\u0173.<\/span><span>\u00a0<\/span><\/p>\n<p><span>Paprasta naudoti. Viskas ko reikia, vienoje pakuot\u0117je.<\/span><\/p>\n<p><span><strong>EldonCard yra labai tiksli.<\/strong>\u00a0Yra i\u0161bandyta pagal standartin\u0119 kraujo grup\u0117s nustatymo proced\u016br\u0105, naudojant tiesiogiai agliutinuojan\u010dius antik\u016bnus. Tyrimai buvo atlikti keliose laboratorijose skirtingose \u200b\u200b\u0161alyse, tod\u0117l EldonCard\u00a0<strong>rezultatai sutampa su testu 99.9%,<\/strong>\u00a0naudojant gerai atlikt\u0105 standartin\u0119 kraujo grupi\u0173 nustatymo proced\u016br\u0105.\u00a0<\/span><\/p>\n<p><strong><span>Viena ELDONCARD 2511 kortel\u0117 tinka 1 kraujo grupei nustatyti.\u00a0<\/span><span>\u00a0<\/span><\/strong><\/p>\n<p><span><span>EldonCards<\/span><span>\u00a0naudoja ligonin\u0117s, kraujo bankai ir kraujo centrai, kur jas galima naudoti bendram kraujo tipui nustatyti. Atsi\u017evelgiant \u012f\u00a0<\/span><span>EldonCard<\/span><span>\u00a0lankstum\u0105, ilgaam\u017ei\u0161kum\u0105 ir tikslum\u0105, j\u0105 galima naudoti ne tik ligonin\u0117se ir klinikose. Jis gali b\u016bti naudojamas praktikuojan\u010dio gydytojo klinikoje, humanitarin\u0117je aplinkoje, atokiose vietose, m\u016b\u0161io lauke arba bet kokioje kritin\u0117je situacijoje, kai reikia atlikti greit\u0105 ir patikim\u0105 test\u0105.<\/span><\/span><\/p>\n<p><span>Svarbu: Naudojant pirm\u0105 kart\u0105, prie\u0161 atlikdami test\u0105, skaitykite instrukcij\u0105 bei \u017ei\u016br\u0117kite vaizdo \u012fra\u0161\u0105. Ir atkreipkite d\u0117mes\u012f, kad j\u012f galima naudoti tik vien\u0105 kart\u0105.<\/span><span>\u00a0<\/span><\/p>\n<p><iframe title=\"Eldoncard HOME KIT blood typing kit\" width=\"525\" height=\"295\" src=\"https:\/\/www.youtube.com\/embed\/fFgKvb70-Sw?feature=oembed\" frameborder=\"0\" allow=\"accelerometer; autoplay; clipboard-write; encrypted-media; gyroscope; picture-in-picture; web-share\" referrerpolicy=\"strict-origin-when-cross-origin\" allowfullscreen><\/iframe><\/p>\n","protected":false},"excerpt":{"rendered":"<h4><a href=\"https:\/\/artzena.eu\/wp-content\/uploads\/2024\/04\/Naudojimo-instrukcija-One-Man-Kit-1-1.pdf\">Sukurta Danijoje <\/a><\/h4>\n<h5><a href=\"https:\/\/artzena.eu\/wp-content\/uploads\/2024\/04\/Naudojimo-instrukcija-One-Man-Kit-1-1.pdf\">Naudojimo instrukcija &#8211; One Man Kit (1)<\/a>Sukurta Danijoje<\/h5>\n","protected":false},"featured_media":19673,"template":"","meta":{"_acf_changed":false},"product_brand":[],"product_cat":[64,67,82,53],"product_tag":[],"class_list":{"0":"post-19670","1":"product","2":"type-product","3":"status-publish","4":"has-post-thumbnail","6":"product_cat-kariuomene","7":"product_cat-kraujotaka","8":"product_cat-pagalbines-gydymo-priemones-lt","9":"product_cat-pirmoji-pagalba","11":"first","12":"instock","13":"shipping-taxable","14":"product-type-simple"},"acf":[],"_links":{"self":[{"href":"https:\/\/artzena.eu\/lt\/wp-json\/wp\/v2\/product\/19670","targetHints":{"allow":["GET"]}}],"collection":[{"href":"https:\/\/artzena.eu\/lt\/wp-json\/wp\/v2\/product"}],"about":[{"href":"https:\/\/artzena.eu\/lt\/wp-json\/wp\/v2\/types\/product"}],"wp:featuredmedia":[{"embeddable":true,"href":"https:\/\/artzena.eu\/lt\/wp-json\/wp\/v2\/media\/19673"}],"wp:attachment":[{"href":"https:\/\/artzena.eu\/lt\/wp-json\/wp\/v2\/media?parent=19670"}],"wp:term":[{"taxonomy":"product_brand","embeddable":true,"href":"https:\/\/artzena.eu\/lt\/wp-json\/wp\/v2\/product_brand?post=19670"},{"taxonomy":"product_cat","embeddable":true,"href":"https:\/\/artzena.eu\/lt\/wp-json\/wp\/v2\/product_cat?post=19670"},{"taxonomy":"product_tag","embeddable":true,"href":"https:\/\/artzena.eu\/lt\/wp-json\/wp\/v2\/product_tag?post=19670"}],"curies":[{"name":"wp","href":"https:\/\/api.w.org\/{rel}","templated":true}]}}