{"id":19679,"date":"2024-04-20T07:33:15","date_gmt":"2024-04-20T07:33:15","guid":{"rendered":"https:\/\/artzena.eu\/?post_type=product&#038;p=19679"},"modified":"2024-07-29T15:04:50","modified_gmt":"2024-07-29T15:04:50","slug":"nukentejusiojo-uzdanga-first-aid-pod","status":"publish","type":"product","link":"https:\/\/artzena.eu\/lt\/product\/nukentejusiojo-uzdanga-first-aid-pod\/","title":{"rendered":"Nukent\u0117jusiojo u\u017edanga &#8211; First Aid Pod"},"content":{"rendered":"<p style=\"font-weight: 400;\"><strong>Pristatome\u00a0pirmos pagalbos u\u017edang\u0105<\/strong>\u00a0&#8211; novatori\u0161k\u0105 problemos sprendim\u0105.<\/p>\n<p style=\"font-weight: 400;\">Skubios medicinos pagalbos metu labai svarbu u\u017etikrinti\u00a0<strong>privatum\u0105, pastog\u0119 ir u\u017edar\u0105 zon\u0105<\/strong>, kad b\u016bt\u0173 i\u0161vengta trikd\u017ei\u0173 ir b\u016bt\u0173 suteikta greita pirmoji pagalba.<\/p>\n<p style=\"font-weight: 400;\">Naudodami \u0161\u012f produkt\u0105 galite u\u017etikrinti, kad j\u016bs\u0173 darbo vieta bus paruo\u0161ta bet kokioms netik\u0117toms situacijoms, o j\u016bs\u0173 komanda gali reaguoti u\u017etikrintai ir profesionaliai.<\/p>\n<p style=\"font-weight: 400;\">U\u017edang\u0105 rekomenduojama tur\u0117ti masini\u0173 rengini\u0173 vietose, festivaliuose, sporto bei pramog\u0173 arenose, mokymo \u012fstaigose, supermarketuose ir kitur.<\/p>\n<p>&nbsp;<\/p>\n<p style=\"font-weight: 400;\"><strong>First Aid Pod<\/strong><strong> nukent\u0117jusiojo u\u017edangos privalumai: <\/strong><\/p>\n<ul>\n<li style=\"font-weight: 400;\">Atsparus UV spinduliams ir vandeniui<\/li>\n<li style=\"font-weight: 400;\">Pirmosios pagalbos u\u017edangos rinkinyje yra antklod\u0117, gaivinimo kauk\u0117 ir ne\u0161iojimo krep\u0161ys<\/li>\n<li style=\"font-weight: 400;\">Galima d\u0117ti vir\u0161 paciento, \u0161alia arba aplink j\u012f<\/li>\n<li style=\"font-weight: 400;\">Pirmosios pagalbos ab\u0117c\u0117l\u0117 yra atspausdinta palapin\u0117s viduje ir ant mai\u0161elio, kad b\u016bt\u0173 lengviau suteikti pirm\u0105j\u0105 pagalb\u0105<\/li>\n<li style=\"font-weight: 400;\">Daugkartinio naudojimo<\/li>\n<li style=\"font-weight: 400;\">Rinkinyje yra kuoliukai, padedantys pritvirtinti prie lauko pavir\u0161i\u0173<\/li>\n<li style=\"font-weight: 400;\">Padeda greitai u\u017etikrinti paciento privatum\u0105 nuo pa\u0161alini\u0173<\/li>\n<li style=\"font-weight: 400;\">Palapin\u0117s i\u0161skleidimas greitas ir paprastas<\/li>\n<\/ul>\n","protected":false},"excerpt":{"rendered":"<p>Sukurta Naujoji Zelandija<\/p>\n<p>https:\/\/www.youtube.com\/watch?v=KodS_AsDweU<\/p>\n","protected":false},"featured_media":19680,"template":"","meta":{"_acf_changed":false},"product_brand":[],"product_cat":[65,82,53],"product_tag":[],"class_list":{"0":"post-19679","1":"product","2":"type-product","3":"status-publish","4":"has-post-thumbnail","6":"product_cat-civiliai","7":"product_cat-pagalbines-gydymo-priemones-lt","8":"product_cat-pirmoji-pagalba","10":"first","11":"instock","12":"shipping-taxable","13":"product-type-simple"},"acf":[],"_links":{"self":[{"href":"https:\/\/artzena.eu\/lt\/wp-json\/wp\/v2\/product\/19679","targetHints":{"allow":["GET"]}}],"collection":[{"href":"https:\/\/artzena.eu\/lt\/wp-json\/wp\/v2\/product"}],"about":[{"href":"https:\/\/artzena.eu\/lt\/wp-json\/wp\/v2\/types\/product"}],"wp:featuredmedia":[{"embeddable":true,"href":"https:\/\/artzena.eu\/lt\/wp-json\/wp\/v2\/media\/19680"}],"wp:attachment":[{"href":"https:\/\/artzena.eu\/lt\/wp-json\/wp\/v2\/media?parent=19679"}],"wp:term":[{"taxonomy":"product_brand","embeddable":true,"href":"https:\/\/artzena.eu\/lt\/wp-json\/wp\/v2\/product_brand?post=19679"},{"taxonomy":"product_cat","embeddable":true,"href":"https:\/\/artzena.eu\/lt\/wp-json\/wp\/v2\/product_cat?post=19679"},{"taxonomy":"product_tag","embeddable":true,"href":"https:\/\/artzena.eu\/lt\/wp-json\/wp\/v2\/product_tag?post=19679"}],"curies":[{"name":"wp","href":"https:\/\/api.w.org\/{rel}","templated":true}]}}