{"id":19692,"date":"2024-04-20T09:32:02","date_gmt":"2024-04-20T09:32:02","guid":{"rendered":"https:\/\/artzena.eu\/?post_type=product&#038;p=19692"},"modified":"2024-04-20T09:40:08","modified_gmt":"2024-04-20T09:40:08","slug":"nitrilines-juodos-vienkartines-pirstines","status":"publish","type":"product","link":"https:\/\/artzena.eu\/lt\/product\/nitrilines-juodos-vienkartines-pirstines\/","title":{"rendered":"Nitrilin\u0117s JUODOS vienkartin\u0117s pir\u0161tin\u0117s"},"content":{"rendered":"<h1 style=\"margin-bottom: 0.4cm; border: none; padding: 0cm; font-style: normal; font-weight: normal;\"><strong>Nitrilin\u0117s JUODOS vienkartin\u0117s pir\u0161tin\u0117s (100vnt) d\u0117\u017eut\u0117je<\/strong><\/h1>\n<ul>\n<li>\n<p style=\"margin-bottom: 0.4cm; border: none; padding: 0cm; font-style: normal; font-weight: normal;\"><span style=\"color: #000000;\"><span style=\"font-family: Arial, sans-serif;\"><span style=\"font-size: medium;\">Be pudros, pa\u0161alina pudros sukelt\u0105 odos dirginim\u0105\u00a0<\/span><\/span><\/span><\/p>\n<\/li>\n<li>\n<p style=\"margin-bottom: 0.4cm; border: none; padding: 0cm; font-style: normal; font-weight: normal;\"><span style=\"color: #000000;\"><span style=\"font-family: Arial, sans-serif;\"><span style=\"font-size: medium;\">Pastiprinti ir tekst\u016bruoti pir\u0161t\u0173 galiukai<\/span><\/span><\/span><\/p>\n<\/li>\n<li>\n<p style=\"margin-bottom: 0.4cm; border: none; padding: 0cm; font-style: normal; font-weight: normal;\"><span style=\"color: #000000;\"><span style=\"font-family: Arial, sans-serif;\"><span style=\"font-size: medium;\">Universali forma, tinkanti tiek de\u0161inei, tiek kairiajai rankai\u00a0<\/span><\/span><\/span><\/p>\n<\/li>\n<li>\n<p style=\"margin-bottom: 0.4cm; border: none; padding: 0cm; font-style: normal; font-weight: normal;\"><span style=\"color: #000000;\"><span style=\"font-family: Arial, sans-serif;\"><span style=\"font-size: medium;\">Spalva: juoda<\/span><\/span><\/span><\/p>\n<\/li>\n<li>\n<p style=\"margin-bottom: 0.4cm; border: none; padding: 0cm; font-style: normal; font-weight: normal;\"><span style=\"color: #000000;\"><span style=\"font-family: Arial, sans-serif;\"><span style=\"font-size: medium;\">Galimi dyd\u017eiai: M, L\u00a0<\/span><\/span><\/span><\/p>\n<\/li>\n<li>\n<p style=\"margin-bottom: 0.4cm; border: none; padding: 0cm; font-style: normal; font-weight: normal;\"><span style=\"color: #000000;\"><span style=\"font-family: Arial, sans-serif;\"><span style=\"font-size: medium;\">Pakuot\u0117je 100 vnt<\/span><\/span><\/span><\/p>\n<\/li>\n<li><span style=\"color: #000000;\"><span style=\"font-family: Arial, sans-serif;\"><span style=\"font-size: medium;\">Pagaminta: Lenkijoje<\/span><\/span><\/span><\/li>\n<\/ul>\n","protected":false},"excerpt":{"rendered":"<h4><strong>100 vnt. d\u0117\u017eut\u0117je<\/strong><\/h4>\n<h4><strong>Be pudros<\/strong><\/h4>\n","protected":false},"featured_media":19649,"template":"","meta":{"_acf_changed":false},"product_brand":[],"product_cat":[65,64,82],"product_tag":[],"class_list":{"0":"post-19692","1":"product","2":"type-product","3":"status-publish","4":"has-post-thumbnail","6":"product_cat-civiliai","7":"product_cat-kariuomene","8":"product_cat-pagalbines-gydymo-priemones-lt","10":"first","11":"instock","12":"shipping-taxable","13":"product-type-simple"},"acf":[],"_links":{"self":[{"href":"https:\/\/artzena.eu\/lt\/wp-json\/wp\/v2\/product\/19692","targetHints":{"allow":["GET"]}}],"collection":[{"href":"https:\/\/artzena.eu\/lt\/wp-json\/wp\/v2\/product"}],"about":[{"href":"https:\/\/artzena.eu\/lt\/wp-json\/wp\/v2\/types\/product"}],"wp:featuredmedia":[{"embeddable":true,"href":"https:\/\/artzena.eu\/lt\/wp-json\/wp\/v2\/media\/19649"}],"wp:attachment":[{"href":"https:\/\/artzena.eu\/lt\/wp-json\/wp\/v2\/media?parent=19692"}],"wp:term":[{"taxonomy":"product_brand","embeddable":true,"href":"https:\/\/artzena.eu\/lt\/wp-json\/wp\/v2\/product_brand?post=19692"},{"taxonomy":"product_cat","embeddable":true,"href":"https:\/\/artzena.eu\/lt\/wp-json\/wp\/v2\/product_cat?post=19692"},{"taxonomy":"product_tag","embeddable":true,"href":"https:\/\/artzena.eu\/lt\/wp-json\/wp\/v2\/product_tag?post=19692"}],"curies":[{"name":"wp","href":"https:\/\/api.w.org\/{rel}","templated":true}]}}