{"id":19703,"date":"2024-04-20T11:18:53","date_gmt":"2024-04-20T11:18:53","guid":{"rendered":"https:\/\/artzena.eu\/?post_type=product&#038;p=19703"},"modified":"2024-08-05T11:25:06","modified_gmt":"2024-08-05T11:25:06","slug":"trikampe-medziagine-skarele-juoda","status":"publish","type":"product","link":"https:\/\/artzena.eu\/lt\/product\/trikampe-medziagine-skarele-juoda\/","title":{"rendered":"Trikamp\u0117 med\u017eiagin\u0117 skarel\u0117 (Juoda)"},"content":{"rendered":"<p>Trikamp\u0117 med\u017eiagin\u0117 skarel\u0117 pagaminta i\u0161 viskoz\u0117s audinio. Puikiai tinka papildyti IFAK turin\u012f.<\/p>\n<p><strong>Paskirtis:<\/strong>\u00a0naudojama pirmosios pagalbos atvejais kada reikia laikinai imobilizuoti su\u017eeist\u0105, l\u016b\u017eus\u0119 ar patempt\u0105 gal\u016bn\u0119.<\/p>\n<p><strong>Spalva:<\/strong>\u00a0Juoda<\/p>\n<p><b>I\u0161pakuotos skarel\u0117s dydis<\/b><strong>:<\/strong>\u00a096 x 96 x 136 cm<\/p>\n<p><strong>\u0160alis:<\/strong>\u00a0Vokietija<\/p>\n","protected":false},"excerpt":{"rendered":"<h4><strong>Pagaminta Vokietijoje<\/strong><\/h4>\n","protected":false},"featured_media":19912,"template":"","meta":{"_acf_changed":false},"product_brand":[],"product_cat":[64,82],"product_tag":[],"class_list":{"0":"post-19703","1":"product","2":"type-product","3":"status-publish","4":"has-post-thumbnail","6":"product_cat-kariuomene","7":"product_cat-pagalbines-gydymo-priemones-lt","9":"first","10":"instock","11":"shipping-taxable","12":"product-type-simple"},"acf":[],"_links":{"self":[{"href":"https:\/\/artzena.eu\/lt\/wp-json\/wp\/v2\/product\/19703","targetHints":{"allow":["GET"]}}],"collection":[{"href":"https:\/\/artzena.eu\/lt\/wp-json\/wp\/v2\/product"}],"about":[{"href":"https:\/\/artzena.eu\/lt\/wp-json\/wp\/v2\/types\/product"}],"wp:featuredmedia":[{"embeddable":true,"href":"https:\/\/artzena.eu\/lt\/wp-json\/wp\/v2\/media\/19912"}],"wp:attachment":[{"href":"https:\/\/artzena.eu\/lt\/wp-json\/wp\/v2\/media?parent=19703"}],"wp:term":[{"taxonomy":"product_brand","embeddable":true,"href":"https:\/\/artzena.eu\/lt\/wp-json\/wp\/v2\/product_brand?post=19703"},{"taxonomy":"product_cat","embeddable":true,"href":"https:\/\/artzena.eu\/lt\/wp-json\/wp\/v2\/product_cat?post=19703"},{"taxonomy":"product_tag","embeddable":true,"href":"https:\/\/artzena.eu\/lt\/wp-json\/wp\/v2\/product_tag?post=19703"}],"curies":[{"name":"wp","href":"https:\/\/api.w.org\/{rel}","templated":true}]}}