{"id":19709,"date":"2024-04-20T11:43:49","date_gmt":"2024-04-20T11:43:49","guid":{"rendered":"https:\/\/artzena.eu\/?post_type=product&#038;p=19709"},"modified":"2025-07-23T10:57:07","modified_gmt":"2025-07-23T10:57:07","slug":"hidrogeliniai-nudegimu-tvarsciai-military-burntec","status":"publish","type":"product","link":"https:\/\/artzena.eu\/lt\/product\/hidrogeliniai-nudegimu-tvarsciai-military-burntec\/","title":{"rendered":"Hidrogeliniai Nudegim\u0173 Tvars\u010diai (military) \u2013 BurnTec\u00ae"},"content":{"rendered":"<p style=\"margin-top: 0px; margin-bottom: 30px; font-family: Montserrat, sans-serif; font-size: 16px; background-color: #ffffff;\"><span style=\"font-weight: 600;\">BurnTec<span style=\"font-size: 0.75em; line-height: 0; vertical-align: baseline;\">\u00ae<\/span>\u00a0hidrogeliniai tvars\u010diai yra skirtingi nuo kit\u0173 naudojam\u0173 tvars\u010di\u0173.\u00a0<\/span>D\u0117l savo stabilios hidrogelio strukt\u016bros, BurnTec\u00ae tvarsliava garantuoja tolyg\u0173 padengim\u0105 ir au\u0161inimo aktyvumo pasiskirstym\u0105 visame nudegimo pavir\u0161iuje, net ir esant sunkiausioms traumoms.<\/p>\n<p style=\"margin-top: 0px; margin-bottom: 30px; font-family: Montserrat, sans-serif; font-size: 16px; background-color: #ffffff;\">Naudodami BurnTec\u00ae\u00a0hidrogelin\u012f veido kauk\u0117s tvarst\u012f galime b\u016bti 100% tikri, kad hidrogelis nepateks \u012f kv\u0117pavimo sistem\u0105, net jei naudojama deguonies terapija.<\/p>\n<p style=\"margin-top: 0px; margin-bottom: 30px; font-family: Montserrat, sans-serif; font-size: 16px; background-color: #ffffff;\">BurnTec\u00ae pla\u010diai naudoja medicinos gelb\u0117jimo tarnybos, ugniagesi\u0173 komandos ir kariuomen\u0117s. Jie taip pat gali b\u016bti naudojami medicinin\u0117je prie\u017ei\u016broje sporto var\u017eyb\u0173 metu. Tvarsliava da\u017enai \u012ftraukiama \u012f darbo vietoje pirmosios pagalbos vaistin\u0117l\u0119 ir yra gerai vertinama u\u017e darbuotoj\u0173 sveikat\u0105 ir saug\u0105 atsaking\u0173 asmen\u0173.<\/p>\n<p style=\"margin-top: 0px; margin-bottom: 30px; font-family: Montserrat, sans-serif; font-size: 16px; background-color: #ffffff;\"><span style=\"font-weight: 600;\">BurnTec\u00ae yra modernus hidrogelio tvarstis, naudojamas situacijose:<\/span><\/p>\n<ul style=\"padding-left: 25px; margin-top: 0px; margin-bottom: 1em; font-family: Montserrat, sans-serif; font-size: 16px; background-color: #ffffff;\">\n<li style=\"list-style: inherit;\">Hidrogelius galima naudoti esant 1, 2 ir 3 laipsnio, viso k\u016bno ir veido, nudegimams.<\/li>\n<li style=\"list-style: inherit;\">saul\u0117s nudegimai<\/li>\n<li style=\"list-style: inherit;\">\u012fbr\u0117\u017eimai ir odos sudirgimai<\/li>\n<li style=\"list-style: inherit;\">patinimas (vabzd\u017ei\u0173 \u012fkandimai)<\/li>\n<li style=\"list-style: inherit;\">kiti odos pa\u017eeidimai<\/li>\n<\/ul>\n<p style=\"margin-top: 0px; margin-bottom: 30px; font-family: Montserrat, sans-serif; font-size: 16px; background-color: #ffffff;\"><span style=\"font-weight: 600;\">Kalbant apie BurnTec\u00ae naudojim\u0105, nustatyta, kad:<\/span><\/p>\n<ul style=\"padding-left: 25px; margin-top: 0px; margin-bottom: 1em; font-family: Montserrat, sans-serif; font-size: 16px; background-color: #ffffff;\">\n<li style=\"list-style: inherit;\">tvarstis labai efektyviai \u0161alina \u0161ilum\u0105 ir v\u0117sina pa\u017eeist\u0105 viet\u0105, palengvina skausm\u0105 ir \u017eymiai pagerina paciento komfort\u0105<\/li>\n<li style=\"list-style: inherit;\">pakeitus tvarst\u012f, kartu su tvars\u010diu i\u0161 \u017eaizdos pa\u0161alinamas ir \u017eaizdos eksudatas<\/li>\n<li style=\"list-style: inherit;\">tvarstis apsaugo nuo \u017eaizdos i\u0161d\u017ei\u016bvimo ir \u0161a\u0161\u0173 susidarymo ant jos pavir\u0161iaus ir tuo pa\u010diu apsaugo j\u0105 nuo pa\u017eeidim\u0173 ir galimo i\u0161orinio u\u017eter\u0161imo<\/li>\n<li style=\"list-style: inherit;\">nedelsiant u\u017ed\u0117jus tvarst\u012f, suma\u017e\u0117ja hipertrofini\u0173 rand\u0173 rizika<\/li>\n<li style=\"list-style: inherit;\">tvars\u010dio keitimas yra visi\u0161kai neskausmingas<\/li>\n<\/ul>\n<p style=\"margin-top: 0px; margin-bottom: 30px; font-family: Montserrat, sans-serif; font-size: 16px; background-color: #ffffff;\">Tvarsliava yra \u0161i\u0173 dyd\u017ei\u0173:<\/p>\n<table class=\"sf-table standard_minimal\" style=\"caption-side: bottom; border-collapse: collapse; border: 2px solid; width: 1214px; margin-bottom: 20px; font-family: Montserrat, sans-serif; font-size: 16px; background-color: #ffffff;\">\n<tbody style=\"border-style: solid; border-width: 0px;\">\n<tr style=\"border-style: solid; border-width: 0px;\">\n<th style=\"text-align: center; border: 2px solid; padding: 8px;\"><\/th>\n<th style=\"text-align: center; border: 2px solid; padding: 8px;\">Dyd\u017eiai<\/th>\n<\/tr>\n<tr style=\"border-style: solid; border-width: 0px;\">\n<td style=\"border: 2px solid; padding: 8px; text-align: center;\">1<\/td>\n<td style=\"border: 2px solid; padding: 8px; text-align: center;\">5\u00d75 cm<\/td>\n<\/tr>\n<tr style=\"border-style: solid; border-width: 0px;\">\n<td style=\"border: 2px solid; padding: 8px; text-align: center;\">2<\/td>\n<td style=\"border: 2px solid; padding: 8px; text-align: center;\">6\u00d712 cm<\/td>\n<\/tr>\n<tr style=\"border-style: solid; border-width: 0px;\">\n<td style=\"border: 2px solid; padding: 8px; text-align: center;\">3<\/td>\n<td style=\"border: 2px solid; padding: 8px; text-align: center;\">10\u00d710 cm<\/td>\n<\/tr>\n<tr style=\"border-style: solid; border-width: 0px;\">\n<td style=\"border: 2px solid; padding: 8px; text-align: center;\">4<\/td>\n<td style=\"border: 2px solid; padding: 8px; text-align: center;\">12\u00d712 cm<\/td>\n<\/tr>\n<tr style=\"border-style: solid; border-width: 0px;\">\n<td style=\"border: 2px solid; padding: 8px; text-align: center;\">5<\/td>\n<td style=\"border: 2px solid; padding: 8px; text-align: center;\">12\u00d724 cm<\/td>\n<\/tr>\n<tr style=\"border-style: solid; border-width: 0px;\">\n<td style=\"border: 2px solid; padding: 8px; text-align: center;\">6<\/td>\n<td style=\"border: 2px solid; padding: 8px; text-align: center;\">20\u00d720 cm<\/td>\n<\/tr>\n<tr style=\"border-style: solid; border-width: 0px;\">\n<td style=\"border: 2px solid; padding: 8px; text-align: center;\">7<\/td>\n<td style=\"border: 2px solid; padding: 8px; text-align: center;\">22\u00d728 cm<\/td>\n<\/tr>\n<tr style=\"border-style: solid; border-width: 0px;\">\n<td style=\"border: 2px solid; padding: 8px; text-align: center;\">8<\/td>\n<td style=\"border: 2px solid; padding: 8px; text-align: center;\">10\u00d740 cm<\/td>\n<\/tr>\n<tr style=\"border-style: solid; border-width: 0px;\">\n<td style=\"border: 2px solid; padding: 8px; text-align: center;\">9<\/td>\n<td style=\"border: 2px solid; padding: 8px; text-align: center;\">20\u00d740 cm<\/td>\n<\/tr>\n<tr style=\"border-style: solid; border-width: 0px;\">\n<td style=\"border: 2px solid; padding: 8px; text-align: center;\">10<\/td>\n<td style=\"border: 2px solid; padding: 8px; text-align: center;\">40\u00d760 cm<\/td>\n<\/tr>\n<tr style=\"border-style: solid; border-width: 0px;\">\n<td style=\"border: 2px solid; padding: 8px; text-align: center;\">11<\/td>\n<td style=\"border: 2px solid; padding: 8px; text-align: center;\">Veido tvarstis 25\u00d725 cm<\/td>\n<\/tr>\n<tr style=\"border-style: solid; border-width: 0px;\">\n<td style=\"border: 2px solid; padding: 8px; text-align: center;\">12<\/td>\n<td style=\"border: 2px solid; padding: 8px; text-align: center;\">Veido tvarstis 30\u00d740 cm<\/td>\n<\/tr>\n<tr style=\"border-style: solid; border-width: 0px;\">\n<td style=\"border: 2px solid; padding: 8px; text-align: center;\">13<\/td>\n<td style=\"border: 2px solid; padding: 8px; text-align: center;\">Veido tvarstis 40\u00d760 cm<\/td>\n<\/tr>\n<\/tbody>\n<\/table>\n","protected":false},"excerpt":{"rendered":"<p>Pagaminta Lenkijoje<\/p>\n","protected":false},"featured_media":20838,"template":"","meta":{"_acf_changed":false},"product_brand":[],"product_cat":[64,72],"product_tag":[],"class_list":{"0":"post-19709","1":"product","2":"type-product","3":"status-publish","4":"has-post-thumbnail","6":"product_cat-kariuomene","7":"product_cat-odos-nudegimai","9":"first","10":"instock","11":"shipping-taxable","12":"product-type-simple"},"acf":[],"_links":{"self":[{"href":"https:\/\/artzena.eu\/lt\/wp-json\/wp\/v2\/product\/19709","targetHints":{"allow":["GET"]}}],"collection":[{"href":"https:\/\/artzena.eu\/lt\/wp-json\/wp\/v2\/product"}],"about":[{"href":"https:\/\/artzena.eu\/lt\/wp-json\/wp\/v2\/types\/product"}],"wp:featuredmedia":[{"embeddable":true,"href":"https:\/\/artzena.eu\/lt\/wp-json\/wp\/v2\/media\/20838"}],"wp:attachment":[{"href":"https:\/\/artzena.eu\/lt\/wp-json\/wp\/v2\/media?parent=19709"}],"wp:term":[{"taxonomy":"product_brand","embeddable":true,"href":"https:\/\/artzena.eu\/lt\/wp-json\/wp\/v2\/product_brand?post=19709"},{"taxonomy":"product_cat","embeddable":true,"href":"https:\/\/artzena.eu\/lt\/wp-json\/wp\/v2\/product_cat?post=19709"},{"taxonomy":"product_tag","embeddable":true,"href":"https:\/\/artzena.eu\/lt\/wp-json\/wp\/v2\/product_tag?post=19709"}],"curies":[{"name":"wp","href":"https:\/\/api.w.org\/{rel}","templated":true}]}}