{"id":19750,"date":"2024-07-26T13:05:01","date_gmt":"2024-07-26T13:05:01","guid":{"rendered":"https:\/\/artzena.eu\/?post_type=product&#038;p=19750"},"modified":"2024-12-20T12:38:52","modified_gmt":"2024-12-20T12:38:52","slug":"ez-gauze-tvarstis-tamponavimui-be-hemostatines-medziagos","status":"publish","type":"product","link":"https:\/\/artzena.eu\/lt\/product\/ez-gauze-tvarstis-tamponavimui-be-hemostatines-medziagos\/","title":{"rendered":"\u201eEZ-Gauze\u201c Tvarstis tamponavimui be hemostatin\u0117s med\u017eiagos"},"content":{"rendered":"<p>\u201eTyTek Medical\u201c tvarstis yra puikus pasirinkimas greitam ir patogiam \u017eaizd\u0173 tamponavimui ir tvarstymui. Jis pagamintas i\u0161 pa\u010dios auk\u0161\u010diausios kokyb\u0117s medviln\u0117s ir yra sukurtas taip, kad u\u017etikrint\u0173 maksimal\u0173 kraujo sug\u0117rim\u0105 ir stabilum\u0105.<br \/>\nTvarstis yra sterilioje, tvirtoje, kompakti\u0161koje pakuot\u0117je, kuri puikiai telpa \u012f IFAK. \u017daizd\u0173 tamponavimo atvejais, tvarst\u012f galima lengvai pa\u0161alinti d\u0117l vientisos \u201eEZ-Gauze\u201c strukt\u016bros.<\/p>\n<p>I\u0161sami informacija:<\/p>\n<ul>\n<li>366 cm x 11,43 cm, 6 sluoksni\u0173 sterilus suspaustas tvarstis<\/li>\n<li>Kompakti\u0161ka vakuumin\u0117 pakuot\u0117<\/li>\n<li>Lengvai ir greitai atidaroma pakuot\u0117, su keturiomis atidarymo vietomis<\/li>\n<\/ul>\n<p><iframe title=\"Wound Packing with Compressed Gauze from TyTek Medical\" width=\"525\" height=\"295\" src=\"https:\/\/www.youtube.com\/embed\/WjNKct1bnxw?feature=oembed\" frameborder=\"0\" allow=\"accelerometer; autoplay; clipboard-write; encrypted-media; gyroscope; picture-in-picture; web-share\" referrerpolicy=\"strict-origin-when-cross-origin\" allowfullscreen><\/iframe><\/p>\n","protected":false},"excerpt":{"rendered":"<p>CE \u017eenklinimas<\/p>\n","protected":false},"featured_media":19751,"template":"","meta":{"_acf_changed":false},"product_brand":[],"product_cat":[64,53,66],"product_tag":[],"class_list":{"0":"post-19750","1":"product","2":"type-product","3":"status-publish","4":"has-post-thumbnail","6":"product_cat-kariuomene","7":"product_cat-pirmoji-pagalba","8":"product_cat-turniketai","10":"first","11":"instock","12":"shipping-taxable","13":"product-type-simple"},"acf":[],"_links":{"self":[{"href":"https:\/\/artzena.eu\/lt\/wp-json\/wp\/v2\/product\/19750","targetHints":{"allow":["GET"]}}],"collection":[{"href":"https:\/\/artzena.eu\/lt\/wp-json\/wp\/v2\/product"}],"about":[{"href":"https:\/\/artzena.eu\/lt\/wp-json\/wp\/v2\/types\/product"}],"wp:featuredmedia":[{"embeddable":true,"href":"https:\/\/artzena.eu\/lt\/wp-json\/wp\/v2\/media\/19751"}],"wp:attachment":[{"href":"https:\/\/artzena.eu\/lt\/wp-json\/wp\/v2\/media?parent=19750"}],"wp:term":[{"taxonomy":"product_brand","embeddable":true,"href":"https:\/\/artzena.eu\/lt\/wp-json\/wp\/v2\/product_brand?post=19750"},{"taxonomy":"product_cat","embeddable":true,"href":"https:\/\/artzena.eu\/lt\/wp-json\/wp\/v2\/product_cat?post=19750"},{"taxonomy":"product_tag","embeddable":true,"href":"https:\/\/artzena.eu\/lt\/wp-json\/wp\/v2\/product_tag?post=19750"}],"curies":[{"name":"wp","href":"https:\/\/api.w.org\/{rel}","templated":true}]}}