{"id":19785,"date":"2024-08-01T08:13:12","date_gmt":"2024-08-01T08:13:12","guid":{"rendered":"https:\/\/artzena.eu\/?post_type=product&#038;p=19785"},"modified":"2024-08-05T11:50:39","modified_gmt":"2024-08-05T11:50:39","slug":"akies-dangtelis","status":"publish","type":"product","link":"https:\/\/artzena.eu\/lt\/product\/akies-dangtelis\/","title":{"rendered":"Akies dangtelis"},"content":{"rendered":"<p>Skaidrus, \u201ekv\u0117puojantis\u201c akies dangtelis, skirtas apsaugoti akies obuol\u012f po operacij\u0173 ir oftalmologini\u0173 proced\u016br\u0173 bei gydant traumas ir u\u017edegimus.<\/p>\n<p>Lengva med\u017eiaga ir anatomin\u0117 forma leid\u017eia patogiai priglusti ant akiduob\u0117s kra\u0161to. Kruop\u0161\u010diai apdoroti, u\u017eapvalinti dangtelio kra\u0161tai suma\u017eina diskomfort\u0105 d\u0117vint.<\/p>\n<p>Vienkartinio naudojimo gaminys, su 9 skylut\u0117mis.<\/p>\n<p>I\u0161matavimai: 80mm x 65mm<\/p>\n","protected":false},"excerpt":{"rendered":"<div id=\"product-description-short-160\" class=\"rte-content product-description\">\n<p><b>Pagaminta Vokietijoje<\/b><\/p>\n<\/div>\n<div class=\"product-actions js-product-actions\">\n<form id=\"add-to-cart-or-refresh\" action=\"https:\/\/artzena.lt\/lt\/cart\" method=\"post\">\n<div class=\"product-variants js-product-variants\"><\/div>\n<\/form>\n<\/div>\n","protected":false},"featured_media":19923,"template":"","meta":{"_acf_changed":false},"product_brand":[],"product_cat":[65,82,53],"product_tag":[],"class_list":{"0":"post-19785","1":"product","2":"type-product","3":"status-publish","4":"has-post-thumbnail","6":"product_cat-civiliai","7":"product_cat-pagalbines-gydymo-priemones-lt","8":"product_cat-pirmoji-pagalba","10":"first","11":"instock","12":"shipping-taxable","13":"product-type-simple"},"acf":[],"_links":{"self":[{"href":"https:\/\/artzena.eu\/lt\/wp-json\/wp\/v2\/product\/19785","targetHints":{"allow":["GET"]}}],"collection":[{"href":"https:\/\/artzena.eu\/lt\/wp-json\/wp\/v2\/product"}],"about":[{"href":"https:\/\/artzena.eu\/lt\/wp-json\/wp\/v2\/types\/product"}],"wp:featuredmedia":[{"embeddable":true,"href":"https:\/\/artzena.eu\/lt\/wp-json\/wp\/v2\/media\/19923"}],"wp:attachment":[{"href":"https:\/\/artzena.eu\/lt\/wp-json\/wp\/v2\/media?parent=19785"}],"wp:term":[{"taxonomy":"product_brand","embeddable":true,"href":"https:\/\/artzena.eu\/lt\/wp-json\/wp\/v2\/product_brand?post=19785"},{"taxonomy":"product_cat","embeddable":true,"href":"https:\/\/artzena.eu\/lt\/wp-json\/wp\/v2\/product_cat?post=19785"},{"taxonomy":"product_tag","embeddable":true,"href":"https:\/\/artzena.eu\/lt\/wp-json\/wp\/v2\/product_tag?post=19785"}],"curies":[{"name":"wp","href":"https:\/\/api.w.org\/{rel}","templated":true}]}}