{"id":19790,"date":"2024-08-01T08:12:04","date_gmt":"2024-08-01T08:12:04","guid":{"rendered":"https:\/\/artzena.eu\/?post_type=product&#038;p=19790"},"modified":"2024-12-20T12:22:27","modified_gmt":"2024-12-20T12:22:27","slug":"foxseal-okliuzinis-krutines-zaizdu-tvarstis","status":"publish","type":"product","link":"https:\/\/artzena.eu\/lt\/product\/foxseal-okliuzinis-krutines-zaizdu-tvarstis\/","title":{"rendered":"Foxseal okliuzinis kr\u016btin\u0117s \u017eaizd\u0173 tvarstis"},"content":{"rendered":"<p>Foxseal okliuzinis kr\u016btin\u0117s tvarstis yra skirtas atviroms kr\u016btin\u0117s \u017eaizdoms gydyti. <strong>Pakuot\u0117je yra 2 tvars\u010diai, be vo\u017etuv\u0173.<\/strong><\/p>\n<ul>\n<li>Kompakti\u0161kas dydis, nereikia lankstyti, kad tilpt\u0173 \u012f IFAK.<\/li>\n<li>Stiprus sukibimas ekstremaliomis s\u0105lygomis.<\/li>\n<li>Du tvars\u010diai pakuot\u0117je balistin\u0117ms \u017eaizdoms gydyti.<\/li>\n<li>Be vo\u017etuv\u0173.<\/li>\n<\/ul>\n<p>Kiti tvars\u010di\u0173 variantai da\u017enai sulankstomi, kai ne\u0161iojami rinkiniuose, tod\u0117l susidaro nuolatin\u0117 rauk\u0161l\u0117, kuri gali u\u017ekirsti keli\u0105 stipriam sandarumui. \u201eFoxseal\u201c yra kompakti\u0161ko dyd\u017eio, tod\u0117l puikiai tilps \u012f IFAK, kad nesusiglam\u017eyt\u0173. Du tvars\u010diai vienoje pakuot\u0117je leid\u017eia gydyti \u012f\u0117jimo ir i\u0161\u0117jimo \u017eaizdas. Paciento steb\u0117jimas yra gyvybi\u0161kai svarbus \u0161i\u0173 tip\u0173 su\u017ealojim\u0173 atveju.<\/p>\n<h4><strong>Specifikacija:<\/strong><\/h4>\n<ul>\n<li>Sterilus.<\/li>\n<li>Pagaminta ne i\u0161 latekso.<\/li>\n<li>Du tvars\u010diai vienoje pakuot\u0117je.<\/li>\n<li>CE patvirtintas.<\/li>\n<li>Tvirta pakuot\u0117, turi 4 ply\u0161imo \u012fpjovas atidarymui.<\/li>\n<li>Tinka traumos iki 15 cm maksimalaus ilgio.<\/li>\n<li>Sukibimas palaikomas -18 ir +55\u00b0C temperat\u016broje.<\/li>\n<li>Kompakti\u0161ka pakuot\u0117. Auk\u0161tis 16 cm , plotis 0.4 cm , ilgis 15.5 cm. Pakuot\u0117s svoris 44 g.<\/li>\n<li>Be vo\u017etuv\u0173.<\/li>\n<\/ul>\n<p><img decoding=\"async\" src=\"https:\/\/www.celoxmedical.com\/wp-content\/uploads\/2017\/01\/Large-3-Foxseal-adhesion-1-300x137-300x150.jpg\" alt=\"Foxseal, Chest Seal results\" \/><\/p>\n<p><strong>Foxseal Chest Seal yra vienkartinio naudojimo tvarstis be latekso.<\/strong><\/p>\n<p><iframe title=\"FoxSeal TM\" width=\"525\" height=\"295\" src=\"https:\/\/www.youtube.com\/embed\/TqxSj347fYw?feature=oembed\" frameborder=\"0\" allow=\"accelerometer; autoplay; clipboard-write; encrypted-media; gyroscope; picture-in-picture; web-share\" referrerpolicy=\"strict-origin-when-cross-origin\" allowfullscreen><\/iframe><\/p>\n","protected":false},"excerpt":{"rendered":"<p><span style=\"color: #ff0000;\"><a style=\"color: #ff0000;\" href=\"https:\/\/midmed.com.au\/wp-content\/uploads\/2022\/10\/Foxseal-Vented-How-to-use-guide-AW-V.2-Compressed.pdf\" target=\"_blank\" rel=\"noopener\">Naudojimo instrukcijos<\/a><\/span><\/p>\n","protected":false},"featured_media":19791,"template":"","meta":{"_acf_changed":false},"product_brand":[],"product_cat":[65,64,71,53],"product_tag":[],"class_list":{"0":"post-19790","1":"product","2":"type-product","3":"status-publish","4":"has-post-thumbnail","6":"product_cat-civiliai","7":"product_cat-kariuomene","8":"product_cat-kvepavimas","9":"product_cat-pirmoji-pagalba","11":"first","12":"instock","13":"shipping-taxable","14":"product-type-simple"},"acf":[],"_links":{"self":[{"href":"https:\/\/artzena.eu\/lt\/wp-json\/wp\/v2\/product\/19790","targetHints":{"allow":["GET"]}}],"collection":[{"href":"https:\/\/artzena.eu\/lt\/wp-json\/wp\/v2\/product"}],"about":[{"href":"https:\/\/artzena.eu\/lt\/wp-json\/wp\/v2\/types\/product"}],"wp:featuredmedia":[{"embeddable":true,"href":"https:\/\/artzena.eu\/lt\/wp-json\/wp\/v2\/media\/19791"}],"wp:attachment":[{"href":"https:\/\/artzena.eu\/lt\/wp-json\/wp\/v2\/media?parent=19790"}],"wp:term":[{"taxonomy":"product_brand","embeddable":true,"href":"https:\/\/artzena.eu\/lt\/wp-json\/wp\/v2\/product_brand?post=19790"},{"taxonomy":"product_cat","embeddable":true,"href":"https:\/\/artzena.eu\/lt\/wp-json\/wp\/v2\/product_cat?post=19790"},{"taxonomy":"product_tag","embeddable":true,"href":"https:\/\/artzena.eu\/lt\/wp-json\/wp\/v2\/product_tag?post=19790"}],"curies":[{"name":"wp","href":"https:\/\/api.w.org\/{rel}","templated":true}]}}