{"id":19795,"date":"2024-08-01T08:11:19","date_gmt":"2024-08-01T08:11:38","guid":{"rendered":"https:\/\/artzena.eu\/?post_type=product&#038;p=19795"},"modified":"2025-03-17T09:16:52","modified_gmt":"2025-03-17T09:16:52","slug":"foxseal-krutines-tvarstis-su-voztuvais","status":"publish","type":"product","link":"https:\/\/artzena.eu\/lt\/product\/foxseal-krutines-tvarstis-su-voztuvais\/","title":{"rendered":"Foxseal kr\u016btin\u0117s tvarstis su vo\u017etuvais"},"content":{"rendered":"<p style=\"font-weight: 400;\"><b><strong>FoxsealTM Vented<\/strong><\/b>\u00a0yra unikali, 360 laipsni\u0173 Hyper-Vent sistema ir pirmasis kr\u016btin\u0117s tvarstis su 512 vo\u017etuvais, suteikiantis daugiau b\u016bd\u0173 suma\u017einti sl\u0117g\u012f, u\u017ekirsti keli\u0105 u\u017esikim\u0161imui ir i\u0161gelb\u0117ti gyvyb\u0119.<\/p>\n<p style=\"font-weight: 400;\"><b><strong>UNIKALI 360 laipsni\u0173 HYPER-VENT SISTEMA:<\/strong><\/b>\u00a0tiesiog i\u0161imkite i\u0161 pakuot\u0117s ir u\u017ed\u0117kite bet kokia kryptimi. 512 vo\u017etuv\u0173, leid\u017eian\u010di\u0173 i\u0161leisti or\u0105.<\/p>\n<p style=\"font-weight: 400;\"><b><strong>STIPRUS SUKIBIMAS:<\/strong><\/b>\u00a0hidrogelio pagrintas, kaip ir Foxseal non-vented okliuzinis tvarstis, tiekiamas NATO karin\u0117ms paj\u0117goms.<\/p>\n<p style=\"font-weight: 400;\"><b><strong>PAKARTOTINIS U\u017dKLIJAVIMAS:<\/strong><\/b>\u00a0lengvai suimamas, pakartotinis tvars\u010dio skirtukas, leid\u017eiantis nulupti tvarst\u012f ir v\u0117l u\u017esandarinti kai to reikia gydant pneumotoraks\u0105. I\u0161lieka stiprus sukibimas.<\/p>\n<p style=\"font-weight: 400;\"><b><strong>PRIVALUMAI:<\/strong><\/b><\/p>\n<ul style=\"font-weight: 400;\">\n<li>Greitas pritaikymas bet kokia kryptimi<\/li>\n<li>512 ventiliacijos ang\u0173<\/li>\n<li>Efektyvus ventiliacijos na\u0161umas<\/li>\n<li>Veikia ant nelygi\u0173 ar i\u0161lenkt\u0173 pavir\u0161i\u0173<\/li>\n<li>Tvirtas sukibimas, \u012frodytas ekstremaliomis s\u0105lygomis<\/li>\n<li>Sudaro piln\u0105 sandarum\u0105<\/li>\n<\/ul>\n<p>&nbsp;<\/p>\n<p><iframe title=\"Foxseal Vented\" width=\"525\" height=\"295\" src=\"https:\/\/www.youtube.com\/embed\/gexZMNBHtgU?feature=oembed\" frameborder=\"0\" allow=\"accelerometer; autoplay; clipboard-write; encrypted-media; gyroscope; picture-in-picture; web-share\" referrerpolicy=\"strict-origin-when-cross-origin\" allowfullscreen><\/iframe><\/p>\n<p><iframe title=\"Which chest seal is THE BEST?\" width=\"525\" height=\"295\" src=\"https:\/\/www.youtube.com\/embed\/mb6Ia2goBv4?start=17&#038;feature=oembed\" frameborder=\"0\" allow=\"accelerometer; autoplay; clipboard-write; encrypted-media; gyroscope; picture-in-picture; web-share\" referrerpolicy=\"strict-origin-when-cross-origin\" allowfullscreen><\/iframe><\/p>\n","protected":false},"excerpt":{"rendered":"<p>FoxsealTM Vented\u00a0yra unikali, 360 laipsni\u0173 Hyper-Vent sistema ir pirmasis kr\u016btin\u0117s tvarstis su 512 vo\u017etuvais, suteikiantis daugiau b\u016bd\u0173 suma\u017einti sl\u0117g\u012f, u\u017ekirsti keli\u0105 u\u017esikim\u0161imui ir i\u0161gelb\u0117ti gyvyb\u0119. UNIKALI 360 laipsni\u0173 HYPER-VENT SISTEMA:\u00a0tiesiog i\u0161imkite i\u0161 pakuot\u0117s ir u\u017ed\u0117kite bet kokia kryptimi. 512 vo\u017etuv\u0173, leid\u017eian\u010di\u0173 i\u0161leisti or\u0105. STIPRUS SUKIBIMAS:\u00a0hidrogelio pagrintas, kaip ir Foxseal non-vented okliuzinis tvarstis, tiekiamas NATO karin\u0117ms [&hellip;]<\/p>\n","protected":false},"featured_media":19796,"template":"","meta":{"_acf_changed":false},"product_brand":[],"product_cat":[65,64,71,53],"product_tag":[],"class_list":{"0":"post-19795","1":"product","2":"type-product","3":"status-publish","4":"has-post-thumbnail","6":"product_cat-civiliai","7":"product_cat-kariuomene","8":"product_cat-kvepavimas","9":"product_cat-pirmoji-pagalba","11":"first","12":"instock","13":"shipping-taxable","14":"product-type-simple"},"acf":[],"_links":{"self":[{"href":"https:\/\/artzena.eu\/lt\/wp-json\/wp\/v2\/product\/19795","targetHints":{"allow":["GET"]}}],"collection":[{"href":"https:\/\/artzena.eu\/lt\/wp-json\/wp\/v2\/product"}],"about":[{"href":"https:\/\/artzena.eu\/lt\/wp-json\/wp\/v2\/types\/product"}],"wp:featuredmedia":[{"embeddable":true,"href":"https:\/\/artzena.eu\/lt\/wp-json\/wp\/v2\/media\/19796"}],"wp:attachment":[{"href":"https:\/\/artzena.eu\/lt\/wp-json\/wp\/v2\/media?parent=19795"}],"wp:term":[{"taxonomy":"product_brand","embeddable":true,"href":"https:\/\/artzena.eu\/lt\/wp-json\/wp\/v2\/product_brand?post=19795"},{"taxonomy":"product_cat","embeddable":true,"href":"https:\/\/artzena.eu\/lt\/wp-json\/wp\/v2\/product_cat?post=19795"},{"taxonomy":"product_tag","embeddable":true,"href":"https:\/\/artzena.eu\/lt\/wp-json\/wp\/v2\/product_tag?post=19795"}],"curies":[{"name":"wp","href":"https:\/\/api.w.org\/{rel}","templated":true}]}}