{"id":19807,"date":"2024-08-01T08:10:14","date_gmt":"2024-08-01T08:10:14","guid":{"rendered":"https:\/\/artzena.eu\/?post_type=product&#038;p=19807"},"modified":"2024-12-20T12:40:27","modified_gmt":"2024-12-20T12:40:27","slug":"hemostatinis-tvarstis-quikclot-combat-gauze","status":"publish","type":"product","link":"https:\/\/artzena.eu\/lt\/product\/hemostatinis-tvarstis-quikclot-combat-gauze\/","title":{"rendered":"Hemostatinis tvarstis QuikClot Combat Gauze"},"content":{"rendered":"<p><strong>Hemostatinis tvarstis kraujavimui kontroliuoti.<\/strong><\/p>\n<p>Mink\u0161ta, balta, sterili, neaustin\u0117 marl\u0117 (<em>7,5 cm x 3,7 m<\/em>), su rentgeno indikatoriumi, impregnuota kaolinu \u2013 neorganiniu mineralu, kuris aktyvuoja XII faktori\u0173, o tai savo ruo\u017etu pagreitina nat\u016bral\u0173 kre\u0161\u0117jim\u0105.<\/p>\n<p>\u201eQuikClot Combat Gauze Z-Fold\u201c naudoti dar lengviau, nes marl\u0117 yra \u201ez\u201c formos, o tai palengvina darb\u0105 ir pa\u0161alina ritinio nukritim\u0105 ir u\u017eter\u0161imo rizik\u0105. Vakuumin\u0117, kompakti\u0161ka pakuot\u0117 ir a\u0161tuoni ply\u0161imo ta\u0161kai pagreitina prieig\u0105 prie tvars\u010dio.<\/p>\n<ul>\n<li>CoTCCC rekomenduojamas<\/li>\n<li>5 met\u0173 galiojimo laikas<\/li>\n<li>NSN 6510-01-562-3325<\/li>\n<\/ul>\n<p><strong>Rekomenduojama naudoti prasiskverbian\u010dioms \u017eaizdoms su did\u017eiuliu kraujavimu*:<\/strong><\/p>\n<ul>\n<li>\u0160autin\u0117s \u017eaizdos<\/li>\n<li>D\u016brimai<\/li>\n<li>Dideli nesuspaud\u017eiami su\u017ealojimai, kur negalima u\u017ed\u0117ti turniket\u0173<\/li>\n<\/ul>\n<p>*Naudojimas neapsiriboja \u0161iuo s\u0105ra\u0161u, \u017er. QuikClot produkto naudojimo instrukcijas.<\/p>\n<p>&nbsp;<\/p>\n<p><iframe title=\"How QuikClot&#039;s Kaolin Technology Works Watch This...\" width=\"525\" height=\"394\" src=\"https:\/\/www.youtube.com\/embed\/lQsSrvNdIoM?feature=oembed\" frameborder=\"0\" allow=\"accelerometer; autoplay; clipboard-write; encrypted-media; gyroscope; picture-in-picture; web-share\" referrerpolicy=\"strict-origin-when-cross-origin\" allowfullscreen><\/iframe><\/p>\n","protected":false},"excerpt":{"rendered":"<p><strong class=\"animated\">CoTCCC rekomenduojamas<\/strong><\/p>\n","protected":false},"featured_media":19808,"template":"","meta":{"_acf_changed":false},"product_brand":[],"product_cat":[64,53,66],"product_tag":[],"class_list":{"0":"post-19807","1":"product","2":"type-product","3":"status-publish","4":"has-post-thumbnail","6":"product_cat-kariuomene","7":"product_cat-pirmoji-pagalba","8":"product_cat-turniketai","10":"first","11":"instock","12":"shipping-taxable","13":"product-type-simple"},"acf":[],"_links":{"self":[{"href":"https:\/\/artzena.eu\/lt\/wp-json\/wp\/v2\/product\/19807","targetHints":{"allow":["GET"]}}],"collection":[{"href":"https:\/\/artzena.eu\/lt\/wp-json\/wp\/v2\/product"}],"about":[{"href":"https:\/\/artzena.eu\/lt\/wp-json\/wp\/v2\/types\/product"}],"wp:featuredmedia":[{"embeddable":true,"href":"https:\/\/artzena.eu\/lt\/wp-json\/wp\/v2\/media\/19808"}],"wp:attachment":[{"href":"https:\/\/artzena.eu\/lt\/wp-json\/wp\/v2\/media?parent=19807"}],"wp:term":[{"taxonomy":"product_brand","embeddable":true,"href":"https:\/\/artzena.eu\/lt\/wp-json\/wp\/v2\/product_brand?post=19807"},{"taxonomy":"product_cat","embeddable":true,"href":"https:\/\/artzena.eu\/lt\/wp-json\/wp\/v2\/product_cat?post=19807"},{"taxonomy":"product_tag","embeddable":true,"href":"https:\/\/artzena.eu\/lt\/wp-json\/wp\/v2\/product_tag?post=19807"}],"curies":[{"name":"wp","href":"https:\/\/api.w.org\/{rel}","templated":true}]}}