{"id":19816,"date":"2024-08-01T08:09:28","date_gmt":"2024-08-01T08:09:28","guid":{"rendered":"https:\/\/artzena.eu\/?post_type=product&#038;p=19816"},"modified":"2024-12-20T12:42:02","modified_gmt":"2024-12-20T12:42:02","slug":"mokomasis-tvarstis-quikclot-combat-gauze-moulage-trainer","status":"publish","type":"product","link":"https:\/\/artzena.eu\/lt\/product\/mokomasis-tvarstis-quikclot-combat-gauze-moulage-trainer\/","title":{"rendered":"Mokomasis tvarstis QuikClot Combat Gauze Moulage Trainer"},"content":{"rendered":"<p><strong>Combat Gauze Moulage Trainer<\/strong>\u201c yra sukurta kaip pagalbin\u0117 priemon\u0117, skirta naudoti apmokym\u0173 ir treniruo\u010di\u0173 metu. Veikia ir atkartoja taip, kaip QuikClot Combat Gauze, suteikdama jums praktin\u0117s patirties imituojant realaus pasaulio kraujavimo i\u0161\u0161\u016bkius.<\/p>\n<p><strong>Ne medicinos reikm\u0117ms<\/strong>, QuikClot Combat Gauze Moulage Trainer yra skirtas <strong>tik treniruot\u0117ms ir apmokymams.<\/strong><\/p>\n","protected":false},"excerpt":{"rendered":"<h4>Treniruokis kaip profesionalas su QuikClot Combat Gauze Moulage<\/h4>\n","protected":false},"featured_media":19817,"template":"","meta":{"_acf_changed":false},"product_brand":[],"product_cat":[64,66],"product_tag":[],"class_list":{"0":"post-19816","1":"product","2":"type-product","3":"status-publish","4":"has-post-thumbnail","6":"product_cat-kariuomene","7":"product_cat-turniketai","9":"first","10":"instock","11":"shipping-taxable","12":"product-type-simple"},"acf":[],"_links":{"self":[{"href":"https:\/\/artzena.eu\/lt\/wp-json\/wp\/v2\/product\/19816","targetHints":{"allow":["GET"]}}],"collection":[{"href":"https:\/\/artzena.eu\/lt\/wp-json\/wp\/v2\/product"}],"about":[{"href":"https:\/\/artzena.eu\/lt\/wp-json\/wp\/v2\/types\/product"}],"wp:featuredmedia":[{"embeddable":true,"href":"https:\/\/artzena.eu\/lt\/wp-json\/wp\/v2\/media\/19817"}],"wp:attachment":[{"href":"https:\/\/artzena.eu\/lt\/wp-json\/wp\/v2\/media?parent=19816"}],"wp:term":[{"taxonomy":"product_brand","embeddable":true,"href":"https:\/\/artzena.eu\/lt\/wp-json\/wp\/v2\/product_brand?post=19816"},{"taxonomy":"product_cat","embeddable":true,"href":"https:\/\/artzena.eu\/lt\/wp-json\/wp\/v2\/product_cat?post=19816"},{"taxonomy":"product_tag","embeddable":true,"href":"https:\/\/artzena.eu\/lt\/wp-json\/wp\/v2\/product_tag?post=19816"}],"curies":[{"name":"wp","href":"https:\/\/api.w.org\/{rel}","templated":true}]}}