{"id":19837,"date":"2022-11-24T11:25:48","date_gmt":"2024-08-01T09:21:36","guid":{"rendered":"https:\/\/artzena.eu\/?post_type=product&#038;p=19837"},"modified":"2024-08-01T09:21:36","modified_gmt":"2024-08-01T09:21:36","slug":"intrakaulines-prieigos-prietaisas-nio-pediatric-3-12-metu-vaikams","status":"publish","type":"product","link":"https:\/\/artzena.eu\/lt\/product\/intrakaulines-prieigos-prietaisas-nio-pediatric-3-12-metu-vaikams\/","title":{"rendered":"Intrakaulin\u0117s Prieigos Prietaisas \u201eNIO Pediatric\u201c \u2013 3-12 met\u0173 vaikams"},"content":{"rendered":"<p>Kai laikas lemia gyvyb\u0117s ir mirties klausim\u0105, pasitik\u0117kite\u00a0\u201eNIO Pediatric\u2122\u201c, kuris leis saugiai ir patikimai pasiekti kaul\u0173 \u010diulpus vos per 10 sekund\u017ei\u0173 \u2013 visa tai be joki\u0173 baterij\u0173, surinkimo proceso ar papildom\u0173 dali\u0173. Sukurtas atsi\u017evelgiant \u012f patogum\u0105 naudotojams, i\u0161 anksto sumontuotas \u201eNIO Pediatric\u2122\u201c yra be atviros adatos, tod\u0117l adatos \u012fsid\u016brimo pavojus prakti\u0161kai pa\u0161alinamas. Pirmojo bandymo s\u0117km\u0117s rodiklis siekia net 98 proc. , tod\u0117l \u201eNIO Pediatric\u2122\u201c leid\u017eia i\u0161vengti \u012fprast\u0173 naudojimo klaid\u0173, taigi sveikatos prie\u017ei\u016bros paslaug\u0173 teik\u0117jai gali u\u017etikrinti saugi\u0105 ir veiksming\u0105 paciento prie\u017ei\u016br\u0105, kai tai yra svarbiausia. \u201eNIO Pediatric\u2122\u201c skirta vaikams nuo 3 iki 12 met\u0173 am\u017eiaus.<\/p>\n<ul>\n<li>Prieiga prie kaul\u0173 \u010diulp\u0173 per 10 sekund\u017ei\u0173 ar grei\u010diau<\/li>\n<li>Automatinis prietaisas:\u00a0nereikia baterij\u0173, nereikia surinkti, nenaudojamos papildomos dalys<\/li>\n<li>Telpa \u012f ki\u0161en\u0119, lengvas<\/li>\n<li>Sterilus ir\u00a0vienkartinis prietaisas\u00a0\u2013 eliminuoja kry\u017emin\u0117s tar\u0161os rizik\u0105<\/li>\n<li>Autonominis prietaisas\u00a0be atviros adatos<\/li>\n<li>I\u0161 anksto nustatytas adatos \u012fsiskverbimo gylis<\/li>\n<li>5 met\u0173 tinkamumo naudoti laikas\u00a0(kambario temperat\u016broje)<\/li>\n<li>Hiperrealisti\u0161ka mokymo sistema<\/li>\n<li>Pa\u0161alina\u00a0infekcij\u0173, susijusi\u0173 su kraujagysli\u0173 kateteri\u0173 naudojimu (CLABSI), rizik\u0105<\/li>\n<\/ul>\n<p>Matmenys:<\/p>\n<ul>\n<li>Adatos matuoklis:\u00a018G<\/li>\n<li>3\u20139 met\u0173 vaikams, \u012fsiskverbimo gylis: 14mm<\/li>\n<li>9\u201312 met\u0173 vaikams, \u012fsiskverbimo gylis: 18mm<\/li>\n<li>Produkto matmenys:\u00a014.86cm x 5.7cm x 2.7cm<\/li>\n<li>Supakuoto produkto matmenys:\u00a019.4cm x 8.4cm x 3.3cm<\/li>\n<li>Svoris: 127g<\/li>\n<li>Galiojimas:\u00a05 metai kambario temperat\u016broje<\/li>\n<\/ul>\n<p>&nbsp;<\/p>\n<p><iframe title=\"NIO Pediatric\u2122 Training\" width=\"525\" height=\"295\" src=\"https:\/\/www.youtube.com\/embed\/s_p1nCjsQyE?feature=oembed\" frameborder=\"0\" allow=\"accelerometer; autoplay; clipboard-write; encrypted-media; gyroscope; picture-in-picture; web-share\" referrerpolicy=\"strict-origin-when-cross-origin\" allowfullscreen><\/iframe><\/p>\n","protected":false},"excerpt":{"rendered":"<p>\u201eNIO Pediatric\u201c yra automatinis intrakaulin\u0117s prieigos prietaisas, sukonstruotas taip, kad b\u016bt\u0173 galima greitai, saugiai ir lengvai pasiekti kaul\u0173 \u010diulpus \u2013 vos per 10 sekund\u017ei\u0173 ar grei\u010diau. Nereikia naudoti baterij\u0173, surinkti prietaiso. Joki\u0173 papildom\u0173 dali\u0173.<\/p>\n<p><span style=\"color: #ff0000;\"><a style=\"color: #ff0000;\" href=\"https:\/\/artzena.eu\/wp-content\/uploads\/2022\/11\/Comparison-of-4-Pediatric-Intraosseous-Access-Devices.pdf\" target=\"_blank\" rel=\"noopener\">Comparison-of-4-Pediatric-Intraosseous-Access-Devices.<\/a><\/span><\/p>\n[embed]https:\/\/youtu.be\/_OKNMixDLSQ?si=J_O-1a6vzk9RczzJ[\/embed]\n","protected":false},"featured_media":18639,"template":"","meta":{"_acf_changed":false},"product_brand":[],"product_cat":[52,64,67,53,74],"product_tag":[],"class_list":{"0":"post-19837","1":"product","2":"type-product","3":"status-publish","4":"has-post-thumbnail","6":"product_cat-industrijos","7":"product_cat-kariuomene","8":"product_cat-kraujotaka","9":"product_cat-pirmoji-pagalba","10":"product_cat-produktu-kategorijos","12":"first","13":"instock","14":"shipping-taxable","15":"product-type-simple"},"acf":[],"_links":{"self":[{"href":"https:\/\/artzena.eu\/lt\/wp-json\/wp\/v2\/product\/19837","targetHints":{"allow":["GET"]}}],"collection":[{"href":"https:\/\/artzena.eu\/lt\/wp-json\/wp\/v2\/product"}],"about":[{"href":"https:\/\/artzena.eu\/lt\/wp-json\/wp\/v2\/types\/product"}],"wp:featuredmedia":[{"embeddable":true,"href":"https:\/\/artzena.eu\/lt\/wp-json\/wp\/v2\/media\/18639"}],"wp:attachment":[{"href":"https:\/\/artzena.eu\/lt\/wp-json\/wp\/v2\/media?parent=19837"}],"wp:term":[{"taxonomy":"product_brand","embeddable":true,"href":"https:\/\/artzena.eu\/lt\/wp-json\/wp\/v2\/product_brand?post=19837"},{"taxonomy":"product_cat","embeddable":true,"href":"https:\/\/artzena.eu\/lt\/wp-json\/wp\/v2\/product_cat?post=19837"},{"taxonomy":"product_tag","embeddable":true,"href":"https:\/\/artzena.eu\/lt\/wp-json\/wp\/v2\/product_tag?post=19837"}],"curies":[{"name":"wp","href":"https:\/\/api.w.org\/{rel}","templated":true}]}}