{"id":19842,"date":"2024-08-01T09:33:10","date_gmt":"2024-08-01T09:33:10","guid":{"rendered":"https:\/\/artzena.eu\/?post_type=product&#038;p=19842"},"modified":"2024-12-20T12:26:43","modified_gmt":"2024-12-20T12:26:43","slug":"okliuzinis-krutines-zaizdu-tvarstis-hh-bolin-chest-seal","status":"publish","type":"product","link":"https:\/\/artzena.eu\/lt\/product\/okliuzinis-krutines-zaizdu-tvarstis-hh-bolin-chest-seal\/","title":{"rendered":"Okliuzinis Kr\u016btin\u0117s \u017daizd\u0173 Tvarstis H&#038;H BOLIN CHEST SEAL"},"content":{"rendered":"<p>Kr\u016btin\u0117s \u017eaizdoms reikia skubios pirmosios pagalbos sprendimo, kuris b\u016bt\u0173 greitas, tiesioginis ir efektyvus: H&amp;H Bolin Chest Seal (BCS) okliuzinis tvarstis yra specialiai sukurtas taip, kad atitikt\u0173 \u0161iuos svarbiausius poreikius.<\/p>\n<p>\u201eBolin Chest Seal\u201c yra sterilus okliuzinis kr\u016btin\u0117s \u017eaizdos tvarstis, skirtas gydyti atvir\u0105 pneumotoraks\u0105 ir u\u017ekirsti keli\u0105 \u012ftemptam pneumotoraksui, atsirandan\u010diam d\u0117l \u0161autini\u0173, durtini\u0173 \u017eaizd\u0173 ar kit\u0173 skvarbi\u0173 kr\u016btin\u0117s traum\u0173. Patentuota (JAV patentas Nr. 7 834 231) atspari gedimams trij\u0173 vo\u017etuv\u0173 BCS konstrukcija leid\u017eia i\u0161eiti orui ir kraujui, tuo pa\u010diu neleid\u017eiant jiems pakartotinai patekti, taip pa\u0161alinant bet kokius nepageidaujamus oro ar skys\u010di\u0173 mainus traumos vietoje.<\/p>\n<p>Didel\u0117 (15 cm skersmens), tvirta poliuretano disko strukt\u016bra gali padengti prakti\u0161kai bet kokio dyd\u017eio kr\u016btin\u0117s traumos viet\u0105. Be to, disko \u017eaizdos pus\u0117 yra padengta storu pagrindu klij\u0173 sluoksniu, pakankamai tvirtu, kad ne tik prisitvirtint\u0173 ant plauk\u0173 ir kraujo, bet ir pakankamai lankstus, kad prireikus b\u016bt\u0173 galima nuimti ir pakartotinai u\u017ed\u0117ti ant \u017eaizdos.<\/p>\n<p>&nbsp;<\/p>\n<ul>\n<li><strong>NSN: 6510-01-549-0939<\/strong><\/li>\n<li>Pakuot\u0117s dydis: 19cm x 20cm x 0.60cm<\/li>\n<li>Pakuot\u0117s svoris: 59 g.<\/li>\n<li><strong>Galiojimo laikas: 5 metai<\/strong><\/li>\n<li>Darbin\u0117 temperat\u016bra: 32\u00b0F\/86\u00b0F<\/li>\n<li>Pagaminta Amerikoje<\/li>\n<li>JAV Patentuotas numeris: 7,834,231<\/li>\n<\/ul>\n","protected":false},"excerpt":{"rendered":"<p>Pagaminta Amerikoje<\/p>\n","protected":false},"featured_media":19919,"template":"","meta":{"_acf_changed":false},"product_brand":[],"product_cat":[65,64,71,53],"product_tag":[],"class_list":{"0":"post-19842","1":"product","2":"type-product","3":"status-publish","4":"has-post-thumbnail","6":"product_cat-civiliai","7":"product_cat-kariuomene","8":"product_cat-kvepavimas","9":"product_cat-pirmoji-pagalba","11":"first","12":"instock","13":"shipping-taxable","14":"product-type-simple"},"acf":[],"_links":{"self":[{"href":"https:\/\/artzena.eu\/lt\/wp-json\/wp\/v2\/product\/19842","targetHints":{"allow":["GET"]}}],"collection":[{"href":"https:\/\/artzena.eu\/lt\/wp-json\/wp\/v2\/product"}],"about":[{"href":"https:\/\/artzena.eu\/lt\/wp-json\/wp\/v2\/types\/product"}],"wp:featuredmedia":[{"embeddable":true,"href":"https:\/\/artzena.eu\/lt\/wp-json\/wp\/v2\/media\/19919"}],"wp:attachment":[{"href":"https:\/\/artzena.eu\/lt\/wp-json\/wp\/v2\/media?parent=19842"}],"wp:term":[{"taxonomy":"product_brand","embeddable":true,"href":"https:\/\/artzena.eu\/lt\/wp-json\/wp\/v2\/product_brand?post=19842"},{"taxonomy":"product_cat","embeddable":true,"href":"https:\/\/artzena.eu\/lt\/wp-json\/wp\/v2\/product_cat?post=19842"},{"taxonomy":"product_tag","embeddable":true,"href":"https:\/\/artzena.eu\/lt\/wp-json\/wp\/v2\/product_tag?post=19842"}],"curies":[{"name":"wp","href":"https:\/\/api.w.org\/{rel}","templated":true}]}}