{"id":19851,"date":"2024-08-01T09:49:12","date_gmt":"2024-08-01T09:49:12","guid":{"rendered":"https:\/\/artzena.eu\/?post_type=product&#038;p=19851"},"modified":"2024-12-20T12:11:28","modified_gmt":"2024-12-20T12:11:28","slug":"cat-gen-7-turniketas","status":"publish","type":"product","link":"https:\/\/artzena.eu\/lt\/product\/cat-gen-7-turniketas\/","title":{"rendered":"CAT Gen 7 turniketas"},"content":{"rendered":"<p>7 kartos laiko patikrintas amerikie\u010di\u0173 gamintoj\u0173 \u201cCombat Application Tourniquet\u201d turniketas C.A.T. gen 7, yra vienas populiariausi\u0173 ir labiausiai i\u0161bandytas realiomis s\u0105lygomis. 85% suma\u017e\u0117j\u0119s mirtingumas esant masyviam kraujavimui i\u0161 gal\u016bni\u0173 ir 100% produkto patikimumas betkokiomis s\u0105lygomis padaro \u0161\u012f turniket\u0105 vienu populiariausi\u0173 visoje rinkoje.<\/p>\n<p>Puikiai tiks automobilio bei biuro pirmos pagalbos rinkinio papildymui.<\/p>\n<p>Nepaisant puiki\u0173 tyrim\u0173 rezultat\u0173 ir pa\u017eangi\u0173 technologij\u0173 ankstesn\u0117s kartos C.A.T. turniketuose, atnaujinta, 7 karta, patobul\u0117jo dar labiau:<\/p>\n<p>1. <strong>Vienos kilpos sagtis<\/strong> u\u017etikrina greitesn\u012f ir paprastesn\u012f turniketo u\u017ed\u0117jim\u0105 tiek viena, tiek abiem rankomis.<\/p>\n<p>2. <strong>Ver\u017eimo mal\u016bn\u0117lis<\/strong> &#8211; stipresnis, storesnis ir patikimesnis nei ankstesn\u0117se kartose. \u012epjovos mal\u016bn\u0117lio galuose u\u017etikrina geresn\u012f turniketo fiksavim\u0105.<\/p>\n<p>3. <strong>Mal\u016bn\u0117lio fiksavimo kilpos<\/strong> &#8211; stipresn\u0117s nei ankstesn\u0117se kartose, galimas fiksavimas i\u0161 abiej\u0173 pusi\u0173 u\u017etikrina patog\u0173 turniketo naudojim\u0105 abiejomis rankomis.<\/p>\n<p>4. <strong>Kilpos fiiksavimo juostel\u0117<\/strong> &#8211; atnaujintos spalvos ir patvaresn\u0117. Pilka splava ma\u017eiau krenta \u012f akis taktin\u0117je situacijoje, kas padeda i\u0161likti labiau nepasteb\u0117tam.<\/p>\n<p>5. <strong>Stabilizuojanti plok\u0161tel\u0117<\/strong> &#8211; patogesn\u0117, sustiprinta plok\u0161tel\u0117 sukelia ma\u017eiau diskomforto nukent\u0117jusi\u0105jam.<\/p>\n<p>6. <strong>Vidin\u0117 turniketo juosta<\/strong> &#8211; laisvai judanti ir vienod\u0105 spaudim\u0105 u\u017etikrinanti turniketo vidin\u0117 juosta sukelia 100% patikimum\u0105 kiekvienoje situacijoje.<\/p>\n<p>&nbsp;<\/p>\n<p><strong><img fetchpriority=\"high\" decoding=\"async\" src=\"https:\/\/artzena.lt\/img\/cms\/product-features3.jpg\" alt=\"\" width=\"732\" height=\"478\" \/><\/strong><\/p>\n<p>&nbsp;<\/p>\n","protected":false},"excerpt":{"rendered":"<ul>\n<li><strong>557C-A-T GEN 7<\/strong><\/li>\n<li><strong>NSN: 6515-01-521-7976<\/strong><\/li>\n<li><strong>CE \u017eenklinimas<\/strong><\/li>\n<li><strong>Spalva: juoda<\/strong><\/li>\n<\/ul>\n","protected":false},"featured_media":19910,"template":"","meta":{"_acf_changed":false},"product_brand":[],"product_cat":[65,64,53,66],"product_tag":[],"class_list":{"0":"post-19851","1":"product","2":"type-product","3":"status-publish","4":"has-post-thumbnail","6":"product_cat-civiliai","7":"product_cat-kariuomene","8":"product_cat-pirmoji-pagalba","9":"product_cat-turniketai","11":"first","12":"instock","13":"shipping-taxable","14":"product-type-simple"},"acf":[],"_links":{"self":[{"href":"https:\/\/artzena.eu\/lt\/wp-json\/wp\/v2\/product\/19851","targetHints":{"allow":["GET"]}}],"collection":[{"href":"https:\/\/artzena.eu\/lt\/wp-json\/wp\/v2\/product"}],"about":[{"href":"https:\/\/artzena.eu\/lt\/wp-json\/wp\/v2\/types\/product"}],"wp:featuredmedia":[{"embeddable":true,"href":"https:\/\/artzena.eu\/lt\/wp-json\/wp\/v2\/media\/19910"}],"wp:attachment":[{"href":"https:\/\/artzena.eu\/lt\/wp-json\/wp\/v2\/media?parent=19851"}],"wp:term":[{"taxonomy":"product_brand","embeddable":true,"href":"https:\/\/artzena.eu\/lt\/wp-json\/wp\/v2\/product_brand?post=19851"},{"taxonomy":"product_cat","embeddable":true,"href":"https:\/\/artzena.eu\/lt\/wp-json\/wp\/v2\/product_cat?post=19851"},{"taxonomy":"product_tag","embeddable":true,"href":"https:\/\/artzena.eu\/lt\/wp-json\/wp\/v2\/product_tag?post=19851"}],"curies":[{"name":"wp","href":"https:\/\/api.w.org\/{rel}","templated":true}]}}