{"id":19861,"date":"2023-08-11T14:24:04","date_gmt":"2024-08-01T10:16:44","guid":{"rendered":"https:\/\/artzena.eu\/?post_type=product&#038;p=19861"},"modified":"2024-12-20T13:28:18","modified_gmt":"2024-12-20T13:28:18","slug":"itclamp-kraujavimo-stabdymui","status":"publish","type":"product","link":"https:\/\/artzena.eu\/lt\/product\/itclamp-kraujavimo-stabdymui\/","title":{"rendered":"iTClamp\u00ae kraujavimo stabdymui"},"content":{"rendered":"<p>iTClamp\u00ae rekomenduojamas CoTCCC esant i\u0161oriniam gal\u016bni\u0173, pa\u017east\u0173, kirk\u0161nies, galvos odos ir kaklo kraujavimui, kai \u017eaizdos kra\u0161tus galima lengvai priartinti, iTClamp\u00ae gali b\u016bti naudojamas kaip pagrindin\u0117 kraujavimo kontrol\u0117s priemon\u0117.\u00a0Beveik neskausmingas, iTClamp\u00ae u\u017esandarina \u017eaizd\u0105, sukurdamas vietin\u012f spaudim\u0105, kuris greitai suformuoja kre\u0161ul\u012f ir apsaugo nuo tolesnio kraujo netekimo.<\/p>\n<p>N\u0117ra pana\u0161aus gaminio, skirto \u201ecare under fire\u201c faz\u0117je arba bet kokioms situacijoms, kai turniketas netinka. \u201eiTClamp\u00ae\u201c yra paprastas naudoti ir gali b\u016bti panaudotas per kelias sekundes viena ranka.<\/p>\n<p><strong>Kuo iTClamp skiriasi nuo kit\u0173 krauj\u0105 stabdan\u010di\u0173 prietais\u0173?<\/strong><\/p>\n<ul>\n<li>Greitas: u\u017ededamas per 10 sekund\u017ei\u0173 ar grei\u010diau<\/li>\n<li>Universalus: FDA patvirtintas gal\u016bni\u0173, pa\u017east\u0173, kirk\u0161nies, galvos odos ir kaklo kraujavimui stabdyti. Pagrindinis m\u016b\u0161io lauko prana\u0161umas &#8211; galimyb\u0117 nedelsiant ir veiksmingai sustabdyti kraujavim\u0105 ir greitai pakoreguoti, jei reikia. Pakartotinis reguliavimas u\u017etrunka tik kelias sekundes.<\/li>\n<li>Veiksmingas: 100 % i\u0161gyvenamumas mirtin\u0173 kirk\u0161nies su\u017ealojim\u0173 modelio atveju. iTClamp\u00ae yra skirtas tik \u017eaizdoms, kuri\u0173 odos kra\u0161tai gali b\u016bti apimti, ir veikia tik suspaud\u017eiamose k\u016bno vietose. Turniketai vis dar reikalingi amputacijai, o hemostazini\u0173 med\u017eiag\u0173 vis tiek gali prireikti \u017eaizdoms su didel\u0117mis ertm\u0117mis u\u017epildyti. iTClamp\u00ae gali b\u016bti ne vienintelis prietaisas, naudojamas su\u017eeistiesiems gydyti, ta\u010diau daugeliu atvej\u0173 jis tur\u0117t\u0173 b\u016bti daudojamas pirmas greitam ir efektyviam kraujo stabdymui.<\/li>\n<li>Sterilus prietaisas \/ vienkartinis naudojimas<\/li>\n<li>CoTCCC rekomenduojamas<\/li>\n<li>Galiojimas: 6 metai<\/li>\n<li>\u00a0I\u0161matavimai:\n<ul>\n<li>Pakuot\u0117s dydis: 5.69cm x 5cm x 2.87cm<\/li>\n<li>Svoris: 31g.<\/li>\n<\/ul>\n<\/li>\n<li>100% pagamintas, supakuotas ir sterilizuotas Amerikoje<\/li>\n<\/ul>\n","protected":false},"excerpt":{"rendered":"[embed]https:\/\/youtu.be\/iVO-QRTGM7U?si=60PkDlNZ5P7V7q2o[\/embed]\n","protected":false},"featured_media":19571,"template":"","meta":{"_acf_changed":false},"product_brand":[],"product_cat":[64,53,66],"product_tag":[],"class_list":{"0":"post-19861","1":"product","2":"type-product","3":"status-publish","4":"has-post-thumbnail","6":"product_cat-kariuomene","7":"product_cat-pirmoji-pagalba","8":"product_cat-turniketai","10":"first","11":"instock","12":"shipping-taxable","13":"product-type-simple"},"acf":[],"_links":{"self":[{"href":"https:\/\/artzena.eu\/lt\/wp-json\/wp\/v2\/product\/19861","targetHints":{"allow":["GET"]}}],"collection":[{"href":"https:\/\/artzena.eu\/lt\/wp-json\/wp\/v2\/product"}],"about":[{"href":"https:\/\/artzena.eu\/lt\/wp-json\/wp\/v2\/types\/product"}],"wp:featuredmedia":[{"embeddable":true,"href":"https:\/\/artzena.eu\/lt\/wp-json\/wp\/v2\/media\/19571"}],"wp:attachment":[{"href":"https:\/\/artzena.eu\/lt\/wp-json\/wp\/v2\/media?parent=19861"}],"wp:term":[{"taxonomy":"product_brand","embeddable":true,"href":"https:\/\/artzena.eu\/lt\/wp-json\/wp\/v2\/product_brand?post=19861"},{"taxonomy":"product_cat","embeddable":true,"href":"https:\/\/artzena.eu\/lt\/wp-json\/wp\/v2\/product_cat?post=19861"},{"taxonomy":"product_tag","embeddable":true,"href":"https:\/\/artzena.eu\/lt\/wp-json\/wp\/v2\/product_tag?post=19861"}],"curies":[{"name":"wp","href":"https:\/\/api.w.org\/{rel}","templated":true}]}}