{"id":19863,"date":"2024-08-01T10:27:47","date_gmt":"2024-08-01T10:27:47","guid":{"rendered":"https:\/\/artzena.eu\/?post_type=product&#038;p=19863"},"modified":"2024-12-20T12:10:42","modified_gmt":"2024-12-20T12:10:42","slug":"c-a-t-gen-7-turniketas-oranzinis","status":"publish","type":"product","link":"https:\/\/artzena.eu\/lt\/product\/c-a-t-gen-7-turniketas-oranzinis\/","title":{"rendered":"C-A-T Gen 7 Turniketas (oran\u017einis)"},"content":{"rendered":"<p>7 kartos laiko patikrintas amerikie\u010di\u0173 gamintoj\u0173 \u201cCombat Application Tourniquet\u201d turniketas C.A.T. gen 7 (oran\u017einis), yra vienas populiariausi\u0173 ir labiausiai i\u0161bandytas realiomis s\u0105lygomis. 85% suma\u017e\u0117j\u0119s mirtingumas esant masyviam kraujavimui i\u0161 gal\u016bni\u0173 ir 100% produkto patikimumas betkokiomis s\u0105lygomis padaro \u0161\u012f turniket\u0105 vienu populiariausi\u0173 visoje rinkoje.<\/p>\n<p>Nepaisant puiki\u0173 tyrim\u0173 rezultat\u0173 ir pa\u017eangi\u0173 technologij\u0173 ankstesn\u0117s kartos C.A.T. turniketuose, atnaujinta, 7 karta, patobul\u0117jo dar labiau:<\/p>\n<p><strong>1.\u00a0Vienos kilpos sagtis\u00a0u\u017etikrina greitesn\u012f ir paprastesn\u012f turniketo u\u017ed\u0117jim\u0105<\/strong> tiek viena, tiek abiem rankomis.<\/p>\n<p><strong>2.\u00a0Ver\u017eimo mal\u016bn\u0117lis\u00a0<\/strong>&#8211; stipresnis, storesnis ir patikimesnis nei ankstesn\u0117se kartose. \u012epjovos mal\u016bn\u0117lio galuose u\u017etikrina geresn\u012f turniketo fiksavim\u0105.<\/p>\n<p><strong>3.\u00a0Mal\u016bn\u0117lio fiksavimo kilpos\u00a0&#8211;<\/strong> stipresn\u0117s nei ankstesn\u0117se kartose, galimas fiksavimas i\u0161 abiej\u0173 pusi\u0173 u\u017etikrina patog\u0173 turniketo naudojim\u0105 abiejomis rankomis.<\/p>\n<p><strong>4.\u00a0Kilpos fiiksavimo juostel\u0117<\/strong>\u00a0&#8211; atnaujintos spalvos ir patvaresn\u0117. Pilka splava ma\u017eiau krenta \u012f akis taktin\u0117je situacijoje, kas padeda i\u0161likti labiau nepasteb\u0117tam.<\/p>\n<p><strong>5.\u00a0Stabilizuojanti plok\u0161tel\u0117<\/strong>\u00a0&#8211; patogesn\u0117, sustiprinta plok\u0161tel\u0117 sukelia ma\u017eiau diskomforto nukent\u0117jusi\u0105jam.<\/p>\n<p><strong>6.\u00a0Vidin\u0117 turniketo juosta\u00a0<\/strong>&#8211; laisvai judanti ir vienod\u0105 spaudim\u0105 u\u017etikrinanti turniketo vidin\u0117 juosta sukelia 100% patikimum\u0105 kiekvienoje situacijoje.<\/p>\n<p>&nbsp;<\/p>\n<p>&nbsp;<\/p>\n<p><img fetchpriority=\"high\" decoding=\"async\" src=\"https:\/\/artzena.lt\/img\/cms\/product-features3.jpg\" alt=\"\" width=\"732\" height=\"478\" \/><\/p>\n","protected":false},"excerpt":{"rendered":"<ul>\n<li><strong>Sukurtas ir pagamintas JAV<\/strong><\/li>\n<li><strong>CE \u017eenklinimas<\/strong><\/li>\n<li><strong>Spalva: oran\u017ein\u0117<\/strong><\/li>\n<\/ul>\n","protected":false},"featured_media":19748,"template":"","meta":{"_acf_changed":false},"product_brand":[],"product_cat":[65,64,53,66],"product_tag":[],"class_list":{"0":"post-19863","1":"product","2":"type-product","3":"status-publish","4":"has-post-thumbnail","6":"product_cat-civiliai","7":"product_cat-kariuomene","8":"product_cat-pirmoji-pagalba","9":"product_cat-turniketai","11":"first","12":"instock","13":"shipping-taxable","14":"product-type-simple"},"acf":[],"_links":{"self":[{"href":"https:\/\/artzena.eu\/lt\/wp-json\/wp\/v2\/product\/19863","targetHints":{"allow":["GET"]}}],"collection":[{"href":"https:\/\/artzena.eu\/lt\/wp-json\/wp\/v2\/product"}],"about":[{"href":"https:\/\/artzena.eu\/lt\/wp-json\/wp\/v2\/types\/product"}],"wp:featuredmedia":[{"embeddable":true,"href":"https:\/\/artzena.eu\/lt\/wp-json\/wp\/v2\/media\/19748"}],"wp:attachment":[{"href":"https:\/\/artzena.eu\/lt\/wp-json\/wp\/v2\/media?parent=19863"}],"wp:term":[{"taxonomy":"product_brand","embeddable":true,"href":"https:\/\/artzena.eu\/lt\/wp-json\/wp\/v2\/product_brand?post=19863"},{"taxonomy":"product_cat","embeddable":true,"href":"https:\/\/artzena.eu\/lt\/wp-json\/wp\/v2\/product_cat?post=19863"},{"taxonomy":"product_tag","embeddable":true,"href":"https:\/\/artzena.eu\/lt\/wp-json\/wp\/v2\/product_tag?post=19863"}],"curies":[{"name":"wp","href":"https:\/\/api.w.org\/{rel}","templated":true}]}}