{"id":19865,"date":"2024-08-01T10:44:15","date_gmt":"2024-08-01T10:44:15","guid":{"rendered":"https:\/\/artzena.eu\/?post_type=product&#038;p=19865"},"modified":"2024-08-05T11:35:58","modified_gmt":"2024-08-05T11:35:58","slug":"itvaras-sam-splint","status":"publish","type":"product","link":"https:\/\/artzena.eu\/lt\/product\/itvaras-sam-splint\/","title":{"rendered":"\u012etvaras SAM Splint"},"content":{"rendered":"<p style=\"font-weight: 400;\">SAM Splint \u012ftvaras yra <b><strong>kompakti\u0161kas, lengvas, labai universalus<\/strong><\/b> prietaisas, skirtas kaul\u0173 ir mink\u0161t\u0173j\u0173 audini\u0173 traumoms imobilizuoti avarin\u0117se situacijose.<\/p>\n<ul style=\"font-weight: 400;\">\n<li>Atsparus vandeniui.<\/li>\n<li>Daugkartinio naudojimo.<\/li>\n<li>Lengvas ir kompakti\u0161kas.<\/li>\n<li>Nereikia papildomos \u012frangos.<\/li>\n<li>Karpomas paprastomis \u017eirkl\u0117mis.<\/li>\n<\/ul>\n<p><iframe title=\"SAM Splint Intro and How to Use\" width=\"525\" height=\"394\" src=\"https:\/\/www.youtube.com\/embed\/fMs0qsbE9Ms?feature=oembed\" frameborder=\"0\" allow=\"accelerometer; autoplay; clipboard-write; encrypted-media; gyroscope; picture-in-picture; web-share\" referrerpolicy=\"strict-origin-when-cross-origin\" allowfullscreen><\/iframe><\/p>\n","protected":false},"excerpt":{"rendered":"<p>SAM Splint \u012ftvaras yra kompakti\u0161kas, lengvas, labai universalus prietaisas, skirtas kaul\u0173 ir mink\u0161t\u0173j\u0173 audini\u0173 traumoms imobilizuoti avarin\u0117se situacijose. Atsparus vandeniui. Daugkartinio naudojimo. Lengvas ir kompakti\u0161kas. Nereikia papildomos \u012frangos. Karpomas paprastomis \u017eirkl\u0117mis.<\/p>\n","protected":false},"featured_media":19866,"template":"","meta":{"_acf_changed":false},"product_brand":[],"product_cat":[65,64,82,53],"product_tag":[],"class_list":{"0":"post-19865","1":"product","2":"type-product","3":"status-publish","4":"has-post-thumbnail","6":"product_cat-civiliai","7":"product_cat-kariuomene","8":"product_cat-pagalbines-gydymo-priemones-lt","9":"product_cat-pirmoji-pagalba","11":"first","12":"instock","13":"shipping-taxable","14":"product-type-simple"},"acf":[],"_links":{"self":[{"href":"https:\/\/artzena.eu\/lt\/wp-json\/wp\/v2\/product\/19865","targetHints":{"allow":["GET"]}}],"collection":[{"href":"https:\/\/artzena.eu\/lt\/wp-json\/wp\/v2\/product"}],"about":[{"href":"https:\/\/artzena.eu\/lt\/wp-json\/wp\/v2\/types\/product"}],"wp:featuredmedia":[{"embeddable":true,"href":"https:\/\/artzena.eu\/lt\/wp-json\/wp\/v2\/media\/19866"}],"wp:attachment":[{"href":"https:\/\/artzena.eu\/lt\/wp-json\/wp\/v2\/media?parent=19865"}],"wp:term":[{"taxonomy":"product_brand","embeddable":true,"href":"https:\/\/artzena.eu\/lt\/wp-json\/wp\/v2\/product_brand?post=19865"},{"taxonomy":"product_cat","embeddable":true,"href":"https:\/\/artzena.eu\/lt\/wp-json\/wp\/v2\/product_cat?post=19865"},{"taxonomy":"product_tag","embeddable":true,"href":"https:\/\/artzena.eu\/lt\/wp-json\/wp\/v2\/product_tag?post=19865"}],"curies":[{"name":"wp","href":"https:\/\/api.w.org\/{rel}","templated":true}]}}