{"id":19933,"date":"2024-08-08T11:36:07","date_gmt":"2024-08-08T11:35:53","guid":{"rendered":"https:\/\/artzena.eu\/?post_type=product&#038;p=19933"},"modified":"2024-08-13T14:13:31","modified_gmt":"2024-08-13T14:13:31","slug":"adatines-dekompresijos-simuliatorius-ribs-in-a-box","status":"publish","type":"product","link":"https:\/\/artzena.eu\/lt\/product\/adatines-dekompresijos-simuliatorius-ribs-in-a-box\/","title":{"rendered":"Adatin\u0117s Dekompresijos Simuliatorius Ribs in a Box\u2122"},"content":{"rendered":"<p style=\"font-weight: 400;\">&#8220;Ribs in a Box\u2122&#8221; \u00a0 simuliatorius yra skirtas lavinti adatin\u0117s dekompresijos \u012fgud\u017eius. Imituojami SOFTTECH\u00ae, ROCKTECH\u00ae kaulai ir vidin\u0117 membrana suteikia tikrovi\u0161k\u0105 poj\u016bt\u012f, o \u012f vidin\u0119 ertm\u0119 galima \u012fd\u0117ti prip\u016bst\u0105\u00a0 pir\u0161tin\u0119 arba balion\u0117l\u012f, kad b\u016bt\u0173 imituojamas oro i\u0161siver\u017eimas prad\u016brus. (Oro i\u0161leidimo \u012ftaisas \u012f komplekt\u0105 ne\u012ftrauktas)<\/p>\n<p style=\"font-weight: 400;\">Simuliatoriu galima i\u0161imti i\u0161 laikymo d\u0117klo ir i\u0161valyti. Prietais\u0105 galima plauti \u0161velniomis plovimo priemon\u0117mis, pavyzd\u017eiui, ind\u0173 plovikliu, arba valyti dezinfekavimo priemone, nes jis yra patvarus ir chemi\u0161kai atsparus. Prie\u0161 d\u0117dami prietais\u0105 \u012f d\u0117\u017eut\u0119 leiskite jam visi\u0161kai i\u0161d\u017ei\u016bti, kad nesusidaryt\u0173 pel\u0117sis.<\/p>\n","protected":false},"excerpt":{"rendered":"<p>&nbsp;<\/p>\n<p><span style=\"color: #ff0000;\"><a style=\"color: #ff0000;\" href=\"https:\/\/cdn.shopify.com\/s\/files\/1\/0550\/9893\/3380\/files\/PTT-B55_Ribs_in_a_Box_Specs_2023.pdf?v=1690830839\">Produkto specifikacijos dokumentas<\/a><\/span><\/p>\n","protected":false},"featured_media":20102,"template":"","meta":{"_acf_changed":false},"product_brand":[],"product_cat":[92],"product_tag":[],"class_list":{"0":"post-19933","1":"product","2":"type-product","3":"status-publish","4":"has-post-thumbnail","6":"product_cat-zaizdu-traumu-imitaciniai-rinkiniai","8":"first","9":"instock","10":"shipping-taxable","11":"product-type-simple"},"acf":[],"_links":{"self":[{"href":"https:\/\/artzena.eu\/lt\/wp-json\/wp\/v2\/product\/19933","targetHints":{"allow":["GET"]}}],"collection":[{"href":"https:\/\/artzena.eu\/lt\/wp-json\/wp\/v2\/product"}],"about":[{"href":"https:\/\/artzena.eu\/lt\/wp-json\/wp\/v2\/types\/product"}],"wp:featuredmedia":[{"embeddable":true,"href":"https:\/\/artzena.eu\/lt\/wp-json\/wp\/v2\/media\/20102"}],"wp:attachment":[{"href":"https:\/\/artzena.eu\/lt\/wp-json\/wp\/v2\/media?parent=19933"}],"wp:term":[{"taxonomy":"product_brand","embeddable":true,"href":"https:\/\/artzena.eu\/lt\/wp-json\/wp\/v2\/product_brand?post=19933"},{"taxonomy":"product_cat","embeddable":true,"href":"https:\/\/artzena.eu\/lt\/wp-json\/wp\/v2\/product_cat?post=19933"},{"taxonomy":"product_tag","embeddable":true,"href":"https:\/\/artzena.eu\/lt\/wp-json\/wp\/v2\/product_tag?post=19933"}],"curies":[{"name":"wp","href":"https:\/\/api.w.org\/{rel}","templated":true}]}}