{"id":19998,"date":"2024-08-12T09:35:07","date_gmt":"2024-08-12T09:34:54","guid":{"rendered":"https:\/\/artzena.eu\/?post_type=product&#038;p=19998"},"modified":"2025-07-24T06:58:59","modified_gmt":"2025-07-24T06:58:59","slug":"maza-sautines-ieinancios-zaizdos-imitacija","status":"publish","type":"product","link":"https:\/\/artzena.eu\/lt\/product\/maza-sautines-ieinancios-zaizdos-imitacija\/","title":{"rendered":"Ma\u017ea \u0160autin\u0117s (\u012eeinan\u010dios) \u017daizdos Imitacija"},"content":{"rendered":"<p><strong>Ma\u017ea \u0160autin\u0117s (\u012eeinan\u010dios) \u017daizdos Imitacija<\/strong>\u00a0\u2013 tai lipni, daugkartinio naudojimo \u017eaizda. Jei imitacija susitepa, j\u0105 pakanka nuplauti \u0161iltu vandeniu su muilu \u2013 taip atnaujinamas lipnus pagrindas ir ji v\u0117l paruo\u0161iama naudojimui.<\/p>\n<p>Papildom\u0173 klij\u0173 nereikia. \u017daizda tvirtai laikosi, yra realisti\u0161ka ir tinkama naudoti \u012fvairiuose medicinos, pirmosios pagalbos ar taktinio rengimo mokymuose<b>.<\/b><\/p>\n","protected":false},"excerpt":{"rendered":"<p>Ma\u017ea \u0160autin\u0117s (\u012eeinan\u010dios) \u017daizdos Imitacija\u00a0\u2013 tai lipni, daugkartinio naudojimo \u017eaizda. Jei imitacija susitepa, j\u0105 pakanka nuplauti \u0161iltu vandeniu su muilu \u2013 taip atnaujinamas lipnus pagrindas ir ji v\u0117l paruo\u0161iama naudojimui. Papildom\u0173 klij\u0173 nereikia. \u017daizda tvirtai laikosi, yra realisti\u0161ka ir tinkama naudoti \u012fvairiuose medicinos, pirmosios pagalbos ar taktinio rengimo mokymuose.<\/p>\n","protected":false},"featured_media":19995,"template":"","meta":{"_acf_changed":false},"product_brand":[],"product_cat":[92],"product_tag":[],"class_list":{"0":"post-19998","1":"product","2":"type-product","3":"status-publish","4":"has-post-thumbnail","6":"product_cat-zaizdu-traumu-imitaciniai-rinkiniai","8":"first","9":"instock","10":"shipping-taxable","11":"product-type-simple"},"acf":[],"_links":{"self":[{"href":"https:\/\/artzena.eu\/lt\/wp-json\/wp\/v2\/product\/19998","targetHints":{"allow":["GET"]}}],"collection":[{"href":"https:\/\/artzena.eu\/lt\/wp-json\/wp\/v2\/product"}],"about":[{"href":"https:\/\/artzena.eu\/lt\/wp-json\/wp\/v2\/types\/product"}],"wp:featuredmedia":[{"embeddable":true,"href":"https:\/\/artzena.eu\/lt\/wp-json\/wp\/v2\/media\/19995"}],"wp:attachment":[{"href":"https:\/\/artzena.eu\/lt\/wp-json\/wp\/v2\/media?parent=19998"}],"wp:term":[{"taxonomy":"product_brand","embeddable":true,"href":"https:\/\/artzena.eu\/lt\/wp-json\/wp\/v2\/product_brand?post=19998"},{"taxonomy":"product_cat","embeddable":true,"href":"https:\/\/artzena.eu\/lt\/wp-json\/wp\/v2\/product_cat?post=19998"},{"taxonomy":"product_tag","embeddable":true,"href":"https:\/\/artzena.eu\/lt\/wp-json\/wp\/v2\/product_tag?post=19998"}],"curies":[{"name":"wp","href":"https:\/\/api.w.org\/{rel}","templated":true}]}}