{"id":20113,"date":"2024-08-20T09:30:44","date_gmt":"2024-08-20T09:30:44","guid":{"rendered":"https:\/\/artzena.eu\/?post_type=product&#038;p=20113"},"modified":"2024-12-20T12:14:18","modified_gmt":"2024-12-20T12:14:18","slug":"sich-melynas-turniketas","status":"publish","type":"product","link":"https:\/\/artzena.eu\/lt\/product\/sich-melynas-turniketas\/","title":{"rendered":"SICH M\u0117lynas Turniketas"},"content":{"rendered":"<h2>Turniketas \u2013 Pats Efektyviausias Kraujo Stabdymo B\u016bdas.<\/h2>\n<p align=\"justify\">Turniketo u\u017ed\u0117jimas ir kraujotakos sustabdymas yra vienas svarbiausi\u0173 veiksm\u0173 pirmos pagalbos suteikimo metu, esant masyviam kraujavimui i\u0161 pagrindini\u0173 kraujotakos organ\u0173, esant gal\u016bni\u0173 su\u017eeidimui.<\/p>\n<p>Nesavalaikis turniketo u\u017ed\u0117jimas, dauguma atveju baigiasi su\u017eeistojo mirtimi.<\/p>\n<p>Ta\u010diau b\u016btent turniketas su reikalingais \u012fgud\u017eiais gelb\u0117ja kario gyvyb\u0119 kovos lauke, ar civil\u012f kritin\u0117je situacijoje (avarija, u\u017epuolimas, nelaimingas atsitikimas ir t.t)<\/p>\n<p>Nuo pat pasirodymo iki \u0161ios dienos, SICH turniketas i\u0161gelb\u0117jo t\u016bkstan\u010dius gyvybi\u0173 ir u\u017e\u0117m\u0117 pelnyt\u0105 viet\u0105 Ukrainos Ginkluot\u0173j\u0173 Paj\u0117g\u0173 pirmosios pagalbos rinkiniuose, policijoje, greitosios pagalbos automobiliuose Ukrainoje ir Europoje.<\/p>\n<p>D\u0117l patikimumo, stiprumo, patogumo, galimyb\u0117s naudoti viena ranka, turniket\u0105 renkasi medikai, kariai ir civiliai.<\/p>\n<h3><strong>Savyb\u0117s:<\/strong><\/h3>\n<p><img decoding=\"async\" class=\"alignnone size-medium wp-image-19590\" src=\"https:\/\/artzena.eu\/wp-content\/uploads\/2023\/11\/image1-300x152.jpg\" alt=\"\" width=\"300\" height=\"152\" srcset=\"https:\/\/artzena.eu\/wp-content\/uploads\/2023\/11\/image1-300x152.jpg 300w, https:\/\/artzena.eu\/wp-content\/uploads\/2023\/11\/image1.jpg 542w\" sizes=\"(max-width: 300px) 100vw, 300px\" \/><\/p>\n<p>METALIN\u0116 FURNIT\u016aRA<\/p>\n<p>Lengva, bet tvirta diuraliumin\u0117 furnit\u016bra i\u0161laiko ekstremalias fizines apkrovas<\/p>\n<p><img decoding=\"async\" class=\"alignnone size-medium wp-image-19592\" src=\"https:\/\/artzena.eu\/wp-content\/uploads\/2023\/11\/image2-300x151.jpg\" alt=\"\" width=\"300\" height=\"151\" srcset=\"https:\/\/artzena.eu\/wp-content\/uploads\/2023\/11\/image2-300x151.jpg 300w, https:\/\/artzena.eu\/wp-content\/uploads\/2023\/11\/image2.jpg 543w\" sizes=\"(max-width: 300px) 100vw, 300px\" \/><\/p>\n<p>NETRAUMUOJA<\/p>\n<p>Mink\u0161tas padengimas + vientisa juosta ir platforma + patentuotas teleskopinis mechanizmas viduje, eliminuoja mink\u0161t\u0173 audini\u0173 su\u017enybimo ir atrofijos galimyb\u0119.<\/p>\n<p>&nbsp;<\/p>\n<p><img decoding=\"async\" class=\"alignnone size-medium wp-image-19594\" src=\"https:\/\/artzena.eu\/wp-content\/uploads\/2023\/11\/image3-300x151.jpg\" alt=\"\" width=\"300\" height=\"151\" srcset=\"https:\/\/artzena.eu\/wp-content\/uploads\/2023\/11\/image3-300x151.jpg 300w, https:\/\/artzena.eu\/wp-content\/uploads\/2023\/11\/image3.jpg 543w\" sizes=\"(max-width: 300px) 100vw, 300px\" \/><\/p>\n<p>TRIKAMPIS FIKSACIJAI<\/p>\n<p>Ypatinga, patentuota trikampio forma, leid\u017eia greitai ir patikimai u\u017efiksuoti u\u017ever\u017eimo stryp\u0105 ir laisv\u0105 juostos gal\u0105.<\/p>\n<p><img loading=\"lazy\" decoding=\"async\" class=\"alignnone size-medium wp-image-19596\" src=\"https:\/\/artzena.eu\/wp-content\/uploads\/2023\/11\/image4-300x149.jpg\" alt=\"\" width=\"300\" height=\"149\" srcset=\"https:\/\/artzena.eu\/wp-content\/uploads\/2023\/11\/image4-300x149.jpg 300w, https:\/\/artzena.eu\/wp-content\/uploads\/2023\/11\/image4.jpg 543w\" sizes=\"(max-width: 300px) 100vw, 300px\" \/><\/p>\n<p>ERGONOM\u0160IKUMAS<\/p>\n<p>Nei vieno nereikalingo milimetro. Optimalus platformos ir u\u017ever\u017eimo strypo dydis, parinktas atlikus daugyb\u0119 test\u0173 ekstremaliomis s\u0105lygomis. Maksimalus plotas ir j\u0117ga stabdant kraujotak\u0105, lyginant su kitais turniketais.<\/p>\n<p><img loading=\"lazy\" decoding=\"async\" class=\"alignnone size-medium wp-image-19598\" src=\"https:\/\/artzena.eu\/wp-content\/uploads\/2023\/11\/image5-300x151.jpg\" alt=\"\" width=\"300\" height=\"151\" srcset=\"https:\/\/artzena.eu\/wp-content\/uploads\/2023\/11\/image5-300x151.jpg 300w, https:\/\/artzena.eu\/wp-content\/uploads\/2023\/11\/image5.jpg 543w\" sizes=\"(max-width: 300px) 100vw, 300px\" \/><\/p>\n<p>JUOSTA \u017dYM\u0116JIMAMS<\/p>\n<p>Speciali pilka danga, leid\u017eia atlikti \u017eym\u0117jimus, net neturint markerio, bet kokiu smailiu daiktu (\u0161oviniu, vinimi ir pan.).<\/p>\n<p><img loading=\"lazy\" decoding=\"async\" class=\"alignnone size-medium wp-image-19600\" src=\"https:\/\/artzena.eu\/wp-content\/uploads\/2023\/11\/image6-300x151.jpg\" alt=\"\" width=\"300\" height=\"151\" srcset=\"https:\/\/artzena.eu\/wp-content\/uploads\/2023\/11\/image6-300x151.jpg 300w, https:\/\/artzena.eu\/wp-content\/uploads\/2023\/11\/image6.jpg 543w\" sizes=\"(max-width: 300px) 100vw, 300px\" \/><\/p>\n<p>SUPERLIPNI TECHNOLOGIJA<\/p>\n<p>Ypatinga, patentuota technologija, u\u017etikrinanti ypatingai tvirta juostos lipnum\u0105 ir garantuota veikim\u0105, juost\u0105 veikiant vandeniui, sniegui, purvui, \u0161al\u010diui ir kar\u0161\u010diui.<\/p>\n<p><iframe title=\"SICH-Tourniquet. 100% stops bleeding and saves your life.\" width=\"525\" height=\"295\" src=\"https:\/\/www.youtube.com\/embed\/cHttwc8XDco?feature=oembed\" frameborder=\"0\" allow=\"accelerometer; autoplay; clipboard-write; encrypted-media; gyroscope; picture-in-picture; web-share\" referrerpolicy=\"strict-origin-when-cross-origin\" allowfullscreen><\/iframe><\/p>\n","protected":false},"excerpt":{"rendered":"<p><strong>PAGAMINTA UKRAINOJE<\/strong><\/p>\n","protected":false},"featured_media":20114,"template":"","meta":{"_acf_changed":false},"product_brand":[],"product_cat":[65,64,53,66],"product_tag":[],"class_list":{"0":"post-20113","1":"product","2":"type-product","3":"status-publish","4":"has-post-thumbnail","6":"product_cat-civiliai","7":"product_cat-kariuomene","8":"product_cat-pirmoji-pagalba","9":"product_cat-turniketai","11":"first","12":"instock","13":"shipping-taxable","14":"product-type-simple"},"acf":[],"_links":{"self":[{"href":"https:\/\/artzena.eu\/lt\/wp-json\/wp\/v2\/product\/20113","targetHints":{"allow":["GET"]}}],"collection":[{"href":"https:\/\/artzena.eu\/lt\/wp-json\/wp\/v2\/product"}],"about":[{"href":"https:\/\/artzena.eu\/lt\/wp-json\/wp\/v2\/types\/product"}],"wp:featuredmedia":[{"embeddable":true,"href":"https:\/\/artzena.eu\/lt\/wp-json\/wp\/v2\/media\/20114"}],"wp:attachment":[{"href":"https:\/\/artzena.eu\/lt\/wp-json\/wp\/v2\/media?parent=20113"}],"wp:term":[{"taxonomy":"product_brand","embeddable":true,"href":"https:\/\/artzena.eu\/lt\/wp-json\/wp\/v2\/product_brand?post=20113"},{"taxonomy":"product_cat","embeddable":true,"href":"https:\/\/artzena.eu\/lt\/wp-json\/wp\/v2\/product_cat?post=20113"},{"taxonomy":"product_tag","embeddable":true,"href":"https:\/\/artzena.eu\/lt\/wp-json\/wp\/v2\/product_tag?post=20113"}],"curies":[{"name":"wp","href":"https:\/\/api.w.org\/{rel}","templated":true}]}}